{"id":3398,"date":"2025-01-22T13:48:19","date_gmt":"2025-01-22T12:48:19","guid":{"rendered":"https:\/\/testpage.greenpoppy.se\/?post_type=product&#038;p=3398"},"modified":"2025-01-22T13:58:16","modified_gmt":"2025-01-22T12:58:16","slug":"liten-pul-pase","status":"publish","type":"product","link":"https:\/\/testpage.greenpoppy.se\/en\/product\/liten-pul-pase\/","title":{"rendered":"Liten PUL-p\u00e5se"},"content":{"rendered":"<h2>Liten PUL-p\u00e5se<\/h2>\n<p>En mindre och smidigare PUL-p\u00e5se \u2013 perfekt f\u00f6r dig som \u00e4r p\u00e5 spr\u00e5ng eller utanf\u00f6r hemmet! P\u00e5sen \u00e4r lagom stor f\u00f6r att rymma ungef\u00e4r tv\u00e5 <a href=\"\/en\/product-category\/pocketblojor\/\">pocketbl\u00f6jor<\/a> tillsammans med ett par tv\u00e4ttlappar. Alternativt kan du packa ner flera inl\u00e4gg och <a href=\"\/en\/product-category\/vikblojor\/\">flat diapers<\/a>. Den kompakta designen g\u00f6r den l\u00e4tt att b\u00e4ra med sig och praktisk i vardagen.<\/p>\n<h2>Vad \u00e4r en liten pul-p\u00e5se?<\/h2>\n<p>PUL-p\u00e5sen \u00e4r tillverkad av polyuretanlaminerat tyg (PUL), vilket \u00e4r b\u00e5de f\u00e4rg\u00e4kta och h\u00e5llbart. Detta inneb\u00e4r att p\u00e5sen inte riskerar att f\u00e4lla f\u00e4rg eller bli vlekt, \u00e4ven efter m\u00e5nga tv\u00e4ttar. Om du n\u00e5gon g\u00e5ng skulle uppleva d\u00e5lig lukt kan p\u00e5sen enkelt bli tv\u00e4ttad med \u00e4ttika f\u00f6r att fr\u00e4scha upp den. Den \u00e4r ocks\u00e5 helt maskintv\u00e4ttbar, men t\u00e4nk p\u00e5 att undvika torktumling f\u00f6r att f\u00f6rl\u00e4nga livsl\u00e4ngden. F\u00f6r fler tips om sk\u00f6tsel och tv\u00e4tt, se v\u00e5r guide h\u00e4r!<\/p>\n<h3>Anv\u00e4ndningsomr\u00e5den f\u00f6r liten pul-p\u00e5se<\/h3>\n<p>P\u00e5sen \u00e4r utrustad med en praktisk \u00f6gla som kan \u00f6ppnas och st\u00e4ngas med en knapp. Denna lilla detalj ger p\u00e5sen fler anv\u00e4ndningsomr\u00e5den! Du kan enkelt h\u00e4nga den p\u00e5 barnvagnen, ett sk\u00e5pshandtag eller b\u00e4ra den i handen. Den \u00e4r inte bara anv\u00e4ndbar f\u00f6r bl\u00f6jor och tv\u00e4ttlappar \u2013 du kan ocks\u00e5 anv\u00e4nda den till annat du vill h\u00e5lla organiserat. F\u00f6rvara till exempel smycken, h\u00e5rsp\u00e4nnen, mobilladdare eller barnens strumpor f\u00f6r att slippa leta efter den ena som alltid tycks f\u00f6rsvinna! P\u00e5sen \u00e4r ocks\u00e5 idealisk som en liten f\u00f6rvaringsl\u00f6sning i st\u00f6rre v\u00e4skor.<\/p>\n<p>Om du \u00e4r nyfiken p\u00e5 fler praktiska tillbeh\u00f6r som kan underl\u00e4tta livet med tygbl\u00f6jor, kika g\u00e4rna in p\u00e5 <a href=\"https:\/\/blojupproret.se\">bl\u00f6jupprorets<\/a> hemsida.<\/p>\n<p>Vi \u00e4r s\u00e4kra p\u00e5 att du kommer att uppskatta v\u00e5r lilla PUL-p\u00e5se lika mycket som vi g\u00f6r. Den \u00e4r b\u00e5de snygg, funktionell och en riktig vardagshj\u00e4lte!<\/p>","protected":false},"excerpt":{"rendered":"<div class=\"product-short-description\">\n<ul>\n<li>25 x 19 cm<\/li>\n<li>Ett fack<\/li>\n<li>St\u00e4ngs med dragkedja<\/li>\n<li>Rymmer 2 bl\u00f6jor med dubbla inl\u00e4gg<\/li>\n<\/ul>\n<\/div>","protected":false},"featured_media":3355,"comment_status":"open","ping_status":"closed","template":"","meta":[],"product_brand":[],"product_cat":[128],"product_tag":[],"class_list":{"0":"post-3398","1":"product","2":"type-product","3":"status-publish","4":"has-post-thumbnail","6":"product_cat-pul-pasar","8":"first","9":"instock","10":"taxable","11":"shipping-taxable","12":"purchasable","13":"product-type-variable"},"yoast_head":"<!-- This site is optimized with the Yoast SEO plugin v24.4 - https:\/\/yoast.com\/wordpress\/plugins\/seo\/ -->\n<title>Liten PUL-p\u00e5se - testpage<\/title>\n<meta name=\"description\" content=\"En liten och allsidig pul-p\u00e5se med mjuk pul och h\u00e4rlig prints. F\u00f6rvaring f\u00f6r tygbl\u00f6jor eller bl\u00f6ta kl\u00e4der eller varf\u00f6r inte packa lite mellanm\u00e5l i den.\" \/>\n<meta name=\"robots\" content=\"noindex, follow, max-snippet:-1, max-image-preview:large, max-video-preview:-1\" \/>\n<meta property=\"og:locale\" content=\"en_GB\" \/>\n<meta property=\"og:type\" content=\"article\" \/>\n<meta property=\"og:title\" content=\"Liten PUL-p\u00e5se - testpage\" \/>\n<meta property=\"og:description\" content=\"En liten och allsidig pul-p\u00e5se med mjuk pul och h\u00e4rlig prints. F\u00f6rvaring f\u00f6r tygbl\u00f6jor eller bl\u00f6ta kl\u00e4der eller varf\u00f6r inte packa lite mellanm\u00e5l i den.\" \/>\n<meta property=\"og:url\" content=\"https:\/\/testpage.greenpoppy.se\/en\/product\/liten-pul-pase\/\" \/>\n<meta property=\"og:site_name\" content=\"testpage\" \/>\n<meta property=\"article:publisher\" content=\"https:\/\/www.facebook.com\/profile.php?id=61554367862205\" \/>\n<meta property=\"article:modified_time\" content=\"2025-01-22T12:58:16+00:00\" \/>\n<meta property=\"og:image\" content=\"https:\/\/testpage.greenpoppy.se\/wp-content\/uploads\/2025\/01\/1-18.png\" \/>\n\t<meta property=\"og:image:width\" content=\"1000\" \/>\n\t<meta property=\"og:image:height\" content=\"1000\" \/>\n\t<meta property=\"og:image:type\" content=\"image\/png\" \/>\n<meta name=\"twitter:card\" content=\"summary_large_image\" \/>\n<meta name=\"twitter:label1\" content=\"Estimated reading time\" \/>\n\t<meta name=\"twitter:data1\" content=\"2 minutes\" \/>\n<script type=\"application\/ld+json\" class=\"yoast-schema-graph\">{\"@context\":\"https:\/\/schema.org\",\"@graph\":[{\"@type\":\"WebPage\",\"@id\":\"https:\/\/testpage.greenpoppy.se\/produkt\/liten-pul-pase\/\",\"url\":\"https:\/\/testpage.greenpoppy.se\/produkt\/liten-pul-pase\/\",\"name\":\"Liten PUL-p\u00e5se - testpage\",\"isPartOf\":{\"@id\":\"https:\/\/testpage.greenpoppy.se\/#website\"},\"primaryImageOfPage\":{\"@id\":\"https:\/\/testpage.greenpoppy.se\/produkt\/liten-pul-pase\/#primaryimage\"},\"image\":{\"@id\":\"https:\/\/testpage.greenpoppy.se\/produkt\/liten-pul-pase\/#primaryimage\"},\"thumbnailUrl\":\"https:\/\/testpage.greenpoppy.se\/wp-content\/uploads\/2025\/01\/1-18.png\",\"datePublished\":\"2025-01-22T12:48:19+00:00\",\"dateModified\":\"2025-01-22T12:58:16+00:00\",\"description\":\"En liten och allsidig pul-p\u00e5se med mjuk pul och h\u00e4rlig prints. F\u00f6rvaring f\u00f6r tygbl\u00f6jor eller bl\u00f6ta kl\u00e4der eller varf\u00f6r inte packa lite mellanm\u00e5l i den.\",\"breadcrumb\":{\"@id\":\"https:\/\/testpage.greenpoppy.se\/produkt\/liten-pul-pase\/#breadcrumb\"},\"inLanguage\":\"en-GB\",\"potentialAction\":[{\"@type\":\"ReadAction\",\"target\":[\"https:\/\/testpage.greenpoppy.se\/produkt\/liten-pul-pase\/\"]}]},{\"@type\":\"ImageObject\",\"inLanguage\":\"en-GB\",\"@id\":\"https:\/\/testpage.greenpoppy.se\/produkt\/liten-pul-pase\/#primaryimage\",\"url\":\"https:\/\/testpage.greenpoppy.se\/wp-content\/uploads\/2025\/01\/1-18.png\",\"contentUrl\":\"https:\/\/testpage.greenpoppy.se\/wp-content\/uploads\/2025\/01\/1-18.png\",\"width\":1000,\"height\":1000},{\"@type\":\"BreadcrumbList\",\"@id\":\"https:\/\/testpage.greenpoppy.se\/produkt\/liten-pul-pase\/#breadcrumb\",\"itemListElement\":[{\"@type\":\"ListItem\",\"position\":1,\"name\":\"Hem\",\"item\":\"https:\/\/testpage.greenpoppy.se\/\"},{\"@type\":\"ListItem\",\"position\":2,\"name\":\"Butik\",\"item\":\"https:\/\/testpage.greenpoppy.se\/butik\/\"},{\"@type\":\"ListItem\",\"position\":3,\"name\":\"Liten PUL-p\u00e5se\"}]},{\"@type\":\"WebSite\",\"@id\":\"https:\/\/testpage.greenpoppy.se\/#website\",\"url\":\"https:\/\/testpage.greenpoppy.se\/\",\"name\":\"Green Poppy\",\"description\":\"H\u00e5llbara och \u00e5teranv\u00e4ndbara tygbl\u00f6jor\",\"publisher\":{\"@id\":\"https:\/\/testpage.greenpoppy.se\/#organization\"},\"potentialAction\":[{\"@type\":\"SearchAction\",\"target\":{\"@type\":\"EntryPoint\",\"urlTemplate\":\"https:\/\/testpage.greenpoppy.se\/?s={search_term_string}\"},\"query-input\":{\"@type\":\"PropertyValueSpecification\",\"valueRequired\":true,\"valueName\":\"search_term_string\"}}],\"inLanguage\":\"en-GB\"},{\"@type\":\"Organization\",\"@id\":\"https:\/\/testpage.greenpoppy.se\/#organization\",\"name\":\"Green Poppy\",\"url\":\"https:\/\/testpage.greenpoppy.se\/\",\"logo\":{\"@type\":\"ImageObject\",\"inLanguage\":\"en-GB\",\"@id\":\"https:\/\/testpage.greenpoppy.se\/#\/schema\/logo\/image\/\",\"url\":\"https:\/\/testpage.greenpoppy.se\/wp-content\/uploads\/2024\/01\/Logga_Officiell.svg\",\"contentUrl\":\"https:\/\/testpage.greenpoppy.se\/wp-content\/uploads\/2024\/01\/Logga_Officiell.svg\",\"width\":1,\"height\":1,\"caption\":\"Green Poppy\"},\"image\":{\"@id\":\"https:\/\/testpage.greenpoppy.se\/#\/schema\/logo\/image\/\"},\"sameAs\":[\"https:\/\/www.facebook.com\/profile.php?id=61554367862205\",\"https:\/\/www.instagram.com\/greenpoppy.se\/\"]}]}<\/script>\n<!-- \/ Yoast SEO plugin. -->","yoast_head_json":{"title":"Liten PUL-p\u00e5se - testpage","description":"En liten och allsidig pul-p\u00e5se med mjuk pul och h\u00e4rlig prints. F\u00f6rvaring f\u00f6r tygbl\u00f6jor eller bl\u00f6ta kl\u00e4der eller varf\u00f6r inte packa lite mellanm\u00e5l i den.","robots":{"index":"noindex","follow":"follow","max-snippet":"max-snippet:-1","max-image-preview":"max-image-preview:large","max-video-preview":"max-video-preview:-1"},"og_locale":"en_GB","og_type":"article","og_title":"Liten PUL-p\u00e5se - testpage","og_description":"En liten och allsidig pul-p\u00e5se med mjuk pul och h\u00e4rlig prints. F\u00f6rvaring f\u00f6r tygbl\u00f6jor eller bl\u00f6ta kl\u00e4der eller varf\u00f6r inte packa lite mellanm\u00e5l i den.","og_url":"https:\/\/testpage.greenpoppy.se\/en\/product\/liten-pul-pase\/","og_site_name":"testpage","article_publisher":"https:\/\/www.facebook.com\/profile.php?id=61554367862205","article_modified_time":"2025-01-22T12:58:16+00:00","og_image":[{"width":1000,"height":1000,"url":"https:\/\/testpage.greenpoppy.se\/wp-content\/uploads\/2025\/01\/1-18.png","type":"image\/png"}],"twitter_card":"summary_large_image","twitter_misc":{"Estimated reading time":"2 minutes"},"schema":{"@context":"https:\/\/schema.org","@graph":[{"@type":"WebPage","@id":"https:\/\/testpage.greenpoppy.se\/produkt\/liten-pul-pase\/","url":"https:\/\/testpage.greenpoppy.se\/produkt\/liten-pul-pase\/","name":"Liten PUL-p\u00e5se - testpage","isPartOf":{"@id":"https:\/\/testpage.greenpoppy.se\/#website"},"primaryImageOfPage":{"@id":"https:\/\/testpage.greenpoppy.se\/produkt\/liten-pul-pase\/#primaryimage"},"image":{"@id":"https:\/\/testpage.greenpoppy.se\/produkt\/liten-pul-pase\/#primaryimage"},"thumbnailUrl":"https:\/\/testpage.greenpoppy.se\/wp-content\/uploads\/2025\/01\/1-18.png","datePublished":"2025-01-22T12:48:19+00:00","dateModified":"2025-01-22T12:58:16+00:00","description":"En liten och allsidig pul-p\u00e5se med mjuk pul och h\u00e4rlig prints. F\u00f6rvaring f\u00f6r tygbl\u00f6jor eller bl\u00f6ta kl\u00e4der eller varf\u00f6r inte packa lite mellanm\u00e5l i den.","breadcrumb":{"@id":"https:\/\/testpage.greenpoppy.se\/produkt\/liten-pul-pase\/#breadcrumb"},"inLanguage":"en-GB","potentialAction":[{"@type":"ReadAction","target":["https:\/\/testpage.greenpoppy.se\/produkt\/liten-pul-pase\/"]}]},{"@type":"ImageObject","inLanguage":"en-GB","@id":"https:\/\/testpage.greenpoppy.se\/produkt\/liten-pul-pase\/#primaryimage","url":"https:\/\/testpage.greenpoppy.se\/wp-content\/uploads\/2025\/01\/1-18.png","contentUrl":"https:\/\/testpage.greenpoppy.se\/wp-content\/uploads\/2025\/01\/1-18.png","width":1000,"height":1000},{"@type":"BreadcrumbList","@id":"https:\/\/testpage.greenpoppy.se\/produkt\/liten-pul-pase\/#breadcrumb","itemListElement":[{"@type":"ListItem","position":1,"name":"Hem","item":"https:\/\/testpage.greenpoppy.se\/"},{"@type":"ListItem","position":2,"name":"Butik","item":"https:\/\/testpage.greenpoppy.se\/butik\/"},{"@type":"ListItem","position":3,"name":"Liten PUL-p\u00e5se"}]},{"@type":"WebSite","@id":"https:\/\/testpage.greenpoppy.se\/#website","url":"https:\/\/testpage.greenpoppy.se\/","name":"Green Poppy","description":"H\u00e5llbara och \u00e5teranv\u00e4ndbara tygbl\u00f6jor","publisher":{"@id":"https:\/\/testpage.greenpoppy.se\/#organization"},"potentialAction":[{"@type":"SearchAction","target":{"@type":"EntryPoint","urlTemplate":"https:\/\/testpage.greenpoppy.se\/?s={search_term_string}"},"query-input":{"@type":"PropertyValueSpecification","valueRequired":true,"valueName":"search_term_string"}}],"inLanguage":"en-GB"},{"@type":"Organization","@id":"https:\/\/testpage.greenpoppy.se\/#organization","name":"Green Poppy","url":"https:\/\/testpage.greenpoppy.se\/","logo":{"@type":"ImageObject","inLanguage":"en-GB","@id":"https:\/\/testpage.greenpoppy.se\/#\/schema\/logo\/image\/","url":"https:\/\/testpage.greenpoppy.se\/wp-content\/uploads\/2024\/01\/Logga_Officiell.svg","contentUrl":"https:\/\/testpage.greenpoppy.se\/wp-content\/uploads\/2024\/01\/Logga_Officiell.svg","width":1,"height":1,"caption":"Green Poppy"},"image":{"@id":"https:\/\/testpage.greenpoppy.se\/#\/schema\/logo\/image\/"},"sameAs":["https:\/\/www.facebook.com\/profile.php?id=61554367862205","https:\/\/www.instagram.com\/greenpoppy.se\/"]}]}},"_links":{"self":[{"href":"https:\/\/testpage.greenpoppy.se\/en\/wp-json\/wp\/v2\/product\/3398","targetHints":{"allow":["GET"]}}],"collection":[{"href":"https:\/\/testpage.greenpoppy.se\/en\/wp-json\/wp\/v2\/product"}],"about":[{"href":"https:\/\/testpage.greenpoppy.se\/en\/wp-json\/wp\/v2\/types\/product"}],"replies":[{"embeddable":true,"href":"https:\/\/testpage.greenpoppy.se\/en\/wp-json\/wp\/v2\/comments?post=3398"}],"wp:featuredmedia":[{"embeddable":true,"href":"https:\/\/testpage.greenpoppy.se\/en\/wp-json\/wp\/v2\/media\/3355"}],"wp:attachment":[{"href":"https:\/\/testpage.greenpoppy.se\/en\/wp-json\/wp\/v2\/media?parent=3398"}],"wp:term":[{"taxonomy":"product_brand","embeddable":true,"href":"https:\/\/testpage.greenpoppy.se\/en\/wp-json\/wp\/v2\/product_brand?post=3398"},{"taxonomy":"product_cat","embeddable":true,"href":"https:\/\/testpage.greenpoppy.se\/en\/wp-json\/wp\/v2\/product_cat?post=3398"},{"taxonomy":"product_tag","embeddable":true,"href":"https:\/\/testpage.greenpoppy.se\/en\/wp-json\/wp\/v2\/product_tag?post=3398"}],"curies":[{"name":"wp","href":"https:\/\/api.w.org\/{rel}","templated":true}]}}