{"id":3391,"date":"2025-01-22T12:06:50","date_gmt":"2025-01-22T11:06:50","guid":{"rendered":"https:\/\/testpage.greenpoppy.se\/?post_type=product&#038;p=3391"},"modified":"2025-01-22T12:07:51","modified_gmt":"2025-01-22T11:07:51","slug":"stor-pul-pase","status":"publish","type":"product","link":"https:\/\/testpage.greenpoppy.se\/en\/product\/stor-pul-pase\/","title":{"rendered":"Stor PUL-p\u00e5se"},"content":{"rendered":"<p>En rymlig och praktisk stor, h\u00e5llbar p\u00e5se f\u00f6r bl\u00f6jor och andra bl\u00f6ta saker, en s\u00e5 kallad wet bag. Anv\u00e4ndningsomr\u00e5dena \u00e4r o\u00e4ndliga! Okej, kanske inte o\u00e4ndliga, men det finns v\u00e4ldigt m\u00e5nga anv\u00e4ndningsomr\u00e5den. Sj\u00e4lvklart \u00e4r p\u00e5sen perfekt till att f\u00f6rvara smutsiga bl\u00f6jor i inf\u00f6r tv\u00e4tt, men man kan \u00e4ven f\u00f6rvara renda bl\u00f6jor i p\u00e5sen. En PUL-p\u00e5se \u00e4r dessutom ett bra verktyg att ha i sk\u00f6tv\u00e4skan, d\u00e5 man kan packa rena bl\u00f6jor och tv\u00e4ttlappar i ett fack och sedan vid bl\u00f6jbyte p\u00e5 spr\u00e5ng s\u00e5 l\u00e4gger man den smutsiga bl\u00f6jan och tv\u00e4ttlapparna i det andra facket! Perfekt! Har vi sagt perfekt m\u00e5nga g\u00e5nger nu? Det \u00e4r f\u00f6r att den \u00e4r det \u2013 perfekt.<\/p>\n<h3>M\u00e5tt och material<\/h3>\n<p>Green Poppys stora PUL-p\u00e5se har \u00e4ven en bredare botten och har formen av en pyramid. Detta g\u00f6r att p\u00e5sen \u00e4r mer rymlig och kan st\u00e5 p\u00e5 golvet n\u00e4r den \u00e4r fylld. V\u00e4ldigt praktisk funktion. Pul-p\u00e5sen rymmer 12-14 bl\u00f6jor med dubbla inl\u00e4gg.<\/p>\n<p>P\u00e5sen best\u00e5r av PUL (polyuretanlaminat) och \u00e4r f\u00e4rg\u00e4kta, vilket betyder att den inte kommer bli blekt eller f\u00e4lla ut f\u00e4rg vid tv\u00e4tt. Skulle d\u00e5lig lukt uppst\u00e5 kan man tv\u00e4tta p\u00e5sen med \u00e4ttika eller klorin utan att den bli blekt. Dessutom g\u00e5r det j\u00e4ttebra att tv\u00e4tta p\u00e5sen i tv\u00e4ttmaskinen men den vill inte torktumlas. F\u00f6r mer <a href=\"https:\/\/greenpoppy.se\/tvattrutiner\/\">tv\u00e4ttips \u2013 se h\u00e4r!<\/a><\/p>\n<h3>Anv\u00e4ndningsomr\u00e5den stor pul-p\u00e5se<\/h3>\n<p>Denna stora h\u00e5llbara p\u00e5se f\u00f6r bl\u00f6jor har en praktisk \u00f6gla som \u00f6ppnas och st\u00e4ngs med en knapp. Detta ut\u00f6kar antalet anv\u00e4ndningsomr\u00e5den! H\u00e4nga den p\u00e5 barnvagnen? H\u00e4nga den p\u00e5 ett sk\u00e5pshandtag? B\u00e4ra den i handen? Du kan ocks\u00e5 anv\u00e4nda p\u00e5sen till annat \u00e4n bl\u00f6jor och tv\u00e4ttlappar. Packa kl\u00e4der i den till resan? Perfekt att f\u00f6rvara bl\u00f6ta handdukar och badkl\u00e4der i p\u00e5 v\u00e4g hem fr\u00e5n stranden!<\/p>\n<p>P\u00e5 <a href=\"https:\/\/blojupproret.se\/tygblojor\/tillbehor\">bl\u00f6jupprorets hemsida<\/a> kan man l\u00e4sa om andra praktiska tillbeh\u00f6r att ha n\u00e4r man anv\u00e4nder tygbl\u00f6jor.<\/p>\n<p>Vi hoppas att ni kommer att uppskatta p\u00e5sen lika mycket som vi g\u00f6r.<\/p>","protected":false},"excerpt":{"rendered":"<div class=\"product-short-description\">\n<ul>\n<li>45 x 35 cm<\/li>\n<li>Dubbla fack<\/li>\n<li>St\u00e4ngs med dragkedja<\/li>\n<li>Rymmer 12-14 bl\u00f6jor med dubbla inl\u00e4gg<\/li>\n<\/ul>\n<\/div>","protected":false},"featured_media":3358,"comment_status":"open","ping_status":"closed","template":"","meta":[],"product_brand":[],"product_cat":[128],"product_tag":[],"class_list":{"0":"post-3391","1":"product","2":"type-product","3":"status-publish","4":"has-post-thumbnail","6":"product_cat-pul-pasar","8":"first","9":"instock","10":"taxable","11":"shipping-taxable","12":"purchasable","13":"product-type-variable"},"yoast_head":"<!-- This site is optimized with the Yoast SEO plugin v24.4 - https:\/\/yoast.com\/wordpress\/plugins\/seo\/ -->\n<title>Stor PUL-p\u00e5se - testpage<\/title>\n<meta name=\"description\" content=\"En stor pul-p\u00e5se med dubbla fack som st\u00e4ngs med dragkedja. \u00d6gla f\u00f6r upph\u00e4ngning. Mjuk och f\u00f6ljsam pul i flera olika f\u00e4rgglada m\u00f6nster.\" \/>\n<meta name=\"robots\" content=\"noindex, follow, max-snippet:-1, max-image-preview:large, max-video-preview:-1\" \/>\n<meta property=\"og:locale\" content=\"en_GB\" \/>\n<meta property=\"og:type\" content=\"article\" \/>\n<meta property=\"og:title\" content=\"Stor PUL-p\u00e5se - testpage\" \/>\n<meta property=\"og:description\" content=\"En stor pul-p\u00e5se med dubbla fack som st\u00e4ngs med dragkedja. \u00d6gla f\u00f6r upph\u00e4ngning. Mjuk och f\u00f6ljsam pul i flera olika f\u00e4rgglada m\u00f6nster.\" \/>\n<meta property=\"og:url\" content=\"https:\/\/testpage.greenpoppy.se\/en\/product\/stor-pul-pase\/\" \/>\n<meta property=\"og:site_name\" content=\"testpage\" \/>\n<meta property=\"article:publisher\" content=\"https:\/\/www.facebook.com\/profile.php?id=61554367862205\" \/>\n<meta property=\"article:modified_time\" content=\"2025-01-22T11:07:51+00:00\" \/>\n<meta property=\"og:image\" content=\"https:\/\/testpage.greenpoppy.se\/wp-content\/uploads\/2025\/01\/2-17.png\" \/>\n\t<meta property=\"og:image:width\" content=\"1000\" \/>\n\t<meta property=\"og:image:height\" content=\"1000\" \/>\n\t<meta property=\"og:image:type\" content=\"image\/png\" \/>\n<meta name=\"twitter:card\" content=\"summary_large_image\" \/>\n<meta name=\"twitter:label1\" content=\"Estimated reading time\" \/>\n\t<meta name=\"twitter:data1\" content=\"2 minutes\" \/>\n<script type=\"application\/ld+json\" class=\"yoast-schema-graph\">{\"@context\":\"https:\/\/schema.org\",\"@graph\":[{\"@type\":\"WebPage\",\"@id\":\"https:\/\/testpage.greenpoppy.se\/produkt\/stor-pul-pase\/\",\"url\":\"https:\/\/testpage.greenpoppy.se\/produkt\/stor-pul-pase\/\",\"name\":\"Stor PUL-p\u00e5se - testpage\",\"isPartOf\":{\"@id\":\"https:\/\/testpage.greenpoppy.se\/#website\"},\"primaryImageOfPage\":{\"@id\":\"https:\/\/testpage.greenpoppy.se\/produkt\/stor-pul-pase\/#primaryimage\"},\"image\":{\"@id\":\"https:\/\/testpage.greenpoppy.se\/produkt\/stor-pul-pase\/#primaryimage\"},\"thumbnailUrl\":\"https:\/\/testpage.greenpoppy.se\/wp-content\/uploads\/2025\/01\/2-17.png\",\"datePublished\":\"2025-01-22T11:06:50+00:00\",\"dateModified\":\"2025-01-22T11:07:51+00:00\",\"description\":\"En stor pul-p\u00e5se med dubbla fack som st\u00e4ngs med dragkedja. \u00d6gla f\u00f6r upph\u00e4ngning. Mjuk och f\u00f6ljsam pul i flera olika f\u00e4rgglada m\u00f6nster.\",\"breadcrumb\":{\"@id\":\"https:\/\/testpage.greenpoppy.se\/produkt\/stor-pul-pase\/#breadcrumb\"},\"inLanguage\":\"en-GB\",\"potentialAction\":[{\"@type\":\"ReadAction\",\"target\":[\"https:\/\/testpage.greenpoppy.se\/produkt\/stor-pul-pase\/\"]}]},{\"@type\":\"ImageObject\",\"inLanguage\":\"en-GB\",\"@id\":\"https:\/\/testpage.greenpoppy.se\/produkt\/stor-pul-pase\/#primaryimage\",\"url\":\"https:\/\/testpage.greenpoppy.se\/wp-content\/uploads\/2025\/01\/2-17.png\",\"contentUrl\":\"https:\/\/testpage.greenpoppy.se\/wp-content\/uploads\/2025\/01\/2-17.png\",\"width\":1000,\"height\":1000},{\"@type\":\"BreadcrumbList\",\"@id\":\"https:\/\/testpage.greenpoppy.se\/produkt\/stor-pul-pase\/#breadcrumb\",\"itemListElement\":[{\"@type\":\"ListItem\",\"position\":1,\"name\":\"Hem\",\"item\":\"https:\/\/testpage.greenpoppy.se\/\"},{\"@type\":\"ListItem\",\"position\":2,\"name\":\"Butik\",\"item\":\"https:\/\/testpage.greenpoppy.se\/butik\/\"},{\"@type\":\"ListItem\",\"position\":3,\"name\":\"Stor PUL-p\u00e5se\"}]},{\"@type\":\"WebSite\",\"@id\":\"https:\/\/testpage.greenpoppy.se\/#website\",\"url\":\"https:\/\/testpage.greenpoppy.se\/\",\"name\":\"Green Poppy\",\"description\":\"H\u00e5llbara och \u00e5teranv\u00e4ndbara tygbl\u00f6jor\",\"publisher\":{\"@id\":\"https:\/\/testpage.greenpoppy.se\/#organization\"},\"potentialAction\":[{\"@type\":\"SearchAction\",\"target\":{\"@type\":\"EntryPoint\",\"urlTemplate\":\"https:\/\/testpage.greenpoppy.se\/?s={search_term_string}\"},\"query-input\":{\"@type\":\"PropertyValueSpecification\",\"valueRequired\":true,\"valueName\":\"search_term_string\"}}],\"inLanguage\":\"en-GB\"},{\"@type\":\"Organization\",\"@id\":\"https:\/\/testpage.greenpoppy.se\/#organization\",\"name\":\"Green Poppy\",\"url\":\"https:\/\/testpage.greenpoppy.se\/\",\"logo\":{\"@type\":\"ImageObject\",\"inLanguage\":\"en-GB\",\"@id\":\"https:\/\/testpage.greenpoppy.se\/#\/schema\/logo\/image\/\",\"url\":\"https:\/\/testpage.greenpoppy.se\/wp-content\/uploads\/2024\/01\/Logga_Officiell.svg\",\"contentUrl\":\"https:\/\/testpage.greenpoppy.se\/wp-content\/uploads\/2024\/01\/Logga_Officiell.svg\",\"width\":1,\"height\":1,\"caption\":\"Green Poppy\"},\"image\":{\"@id\":\"https:\/\/testpage.greenpoppy.se\/#\/schema\/logo\/image\/\"},\"sameAs\":[\"https:\/\/www.facebook.com\/profile.php?id=61554367862205\",\"https:\/\/www.instagram.com\/greenpoppy.se\/\"]}]}<\/script>\n<!-- \/ Yoast SEO plugin. -->","yoast_head_json":{"title":"Stor PUL-p\u00e5se - testpage","description":"En stor pul-p\u00e5se med dubbla fack som st\u00e4ngs med dragkedja. \u00d6gla f\u00f6r upph\u00e4ngning. Mjuk och f\u00f6ljsam pul i flera olika f\u00e4rgglada m\u00f6nster.","robots":{"index":"noindex","follow":"follow","max-snippet":"max-snippet:-1","max-image-preview":"max-image-preview:large","max-video-preview":"max-video-preview:-1"},"og_locale":"en_GB","og_type":"article","og_title":"Stor PUL-p\u00e5se - testpage","og_description":"En stor pul-p\u00e5se med dubbla fack som st\u00e4ngs med dragkedja. \u00d6gla f\u00f6r upph\u00e4ngning. Mjuk och f\u00f6ljsam pul i flera olika f\u00e4rgglada m\u00f6nster.","og_url":"https:\/\/testpage.greenpoppy.se\/en\/product\/stor-pul-pase\/","og_site_name":"testpage","article_publisher":"https:\/\/www.facebook.com\/profile.php?id=61554367862205","article_modified_time":"2025-01-22T11:07:51+00:00","og_image":[{"width":1000,"height":1000,"url":"https:\/\/testpage.greenpoppy.se\/wp-content\/uploads\/2025\/01\/2-17.png","type":"image\/png"}],"twitter_card":"summary_large_image","twitter_misc":{"Estimated reading time":"2 minutes"},"schema":{"@context":"https:\/\/schema.org","@graph":[{"@type":"WebPage","@id":"https:\/\/testpage.greenpoppy.se\/produkt\/stor-pul-pase\/","url":"https:\/\/testpage.greenpoppy.se\/produkt\/stor-pul-pase\/","name":"Stor PUL-p\u00e5se - testpage","isPartOf":{"@id":"https:\/\/testpage.greenpoppy.se\/#website"},"primaryImageOfPage":{"@id":"https:\/\/testpage.greenpoppy.se\/produkt\/stor-pul-pase\/#primaryimage"},"image":{"@id":"https:\/\/testpage.greenpoppy.se\/produkt\/stor-pul-pase\/#primaryimage"},"thumbnailUrl":"https:\/\/testpage.greenpoppy.se\/wp-content\/uploads\/2025\/01\/2-17.png","datePublished":"2025-01-22T11:06:50+00:00","dateModified":"2025-01-22T11:07:51+00:00","description":"En stor pul-p\u00e5se med dubbla fack som st\u00e4ngs med dragkedja. \u00d6gla f\u00f6r upph\u00e4ngning. Mjuk och f\u00f6ljsam pul i flera olika f\u00e4rgglada m\u00f6nster.","breadcrumb":{"@id":"https:\/\/testpage.greenpoppy.se\/produkt\/stor-pul-pase\/#breadcrumb"},"inLanguage":"en-GB","potentialAction":[{"@type":"ReadAction","target":["https:\/\/testpage.greenpoppy.se\/produkt\/stor-pul-pase\/"]}]},{"@type":"ImageObject","inLanguage":"en-GB","@id":"https:\/\/testpage.greenpoppy.se\/produkt\/stor-pul-pase\/#primaryimage","url":"https:\/\/testpage.greenpoppy.se\/wp-content\/uploads\/2025\/01\/2-17.png","contentUrl":"https:\/\/testpage.greenpoppy.se\/wp-content\/uploads\/2025\/01\/2-17.png","width":1000,"height":1000},{"@type":"BreadcrumbList","@id":"https:\/\/testpage.greenpoppy.se\/produkt\/stor-pul-pase\/#breadcrumb","itemListElement":[{"@type":"ListItem","position":1,"name":"Hem","item":"https:\/\/testpage.greenpoppy.se\/"},{"@type":"ListItem","position":2,"name":"Butik","item":"https:\/\/testpage.greenpoppy.se\/butik\/"},{"@type":"ListItem","position":3,"name":"Stor PUL-p\u00e5se"}]},{"@type":"WebSite","@id":"https:\/\/testpage.greenpoppy.se\/#website","url":"https:\/\/testpage.greenpoppy.se\/","name":"Green Poppy","description":"H\u00e5llbara och \u00e5teranv\u00e4ndbara tygbl\u00f6jor","publisher":{"@id":"https:\/\/testpage.greenpoppy.se\/#organization"},"potentialAction":[{"@type":"SearchAction","target":{"@type":"EntryPoint","urlTemplate":"https:\/\/testpage.greenpoppy.se\/?s={search_term_string}"},"query-input":{"@type":"PropertyValueSpecification","valueRequired":true,"valueName":"search_term_string"}}],"inLanguage":"en-GB"},{"@type":"Organization","@id":"https:\/\/testpage.greenpoppy.se\/#organization","name":"Green Poppy","url":"https:\/\/testpage.greenpoppy.se\/","logo":{"@type":"ImageObject","inLanguage":"en-GB","@id":"https:\/\/testpage.greenpoppy.se\/#\/schema\/logo\/image\/","url":"https:\/\/testpage.greenpoppy.se\/wp-content\/uploads\/2024\/01\/Logga_Officiell.svg","contentUrl":"https:\/\/testpage.greenpoppy.se\/wp-content\/uploads\/2024\/01\/Logga_Officiell.svg","width":1,"height":1,"caption":"Green Poppy"},"image":{"@id":"https:\/\/testpage.greenpoppy.se\/#\/schema\/logo\/image\/"},"sameAs":["https:\/\/www.facebook.com\/profile.php?id=61554367862205","https:\/\/www.instagram.com\/greenpoppy.se\/"]}]}},"_links":{"self":[{"href":"https:\/\/testpage.greenpoppy.se\/en\/wp-json\/wp\/v2\/product\/3391","targetHints":{"allow":["GET"]}}],"collection":[{"href":"https:\/\/testpage.greenpoppy.se\/en\/wp-json\/wp\/v2\/product"}],"about":[{"href":"https:\/\/testpage.greenpoppy.se\/en\/wp-json\/wp\/v2\/types\/product"}],"replies":[{"embeddable":true,"href":"https:\/\/testpage.greenpoppy.se\/en\/wp-json\/wp\/v2\/comments?post=3391"}],"wp:featuredmedia":[{"embeddable":true,"href":"https:\/\/testpage.greenpoppy.se\/en\/wp-json\/wp\/v2\/media\/3358"}],"wp:attachment":[{"href":"https:\/\/testpage.greenpoppy.se\/en\/wp-json\/wp\/v2\/media?parent=3391"}],"wp:term":[{"taxonomy":"product_brand","embeddable":true,"href":"https:\/\/testpage.greenpoppy.se\/en\/wp-json\/wp\/v2\/product_brand?post=3391"},{"taxonomy":"product_cat","embeddable":true,"href":"https:\/\/testpage.greenpoppy.se\/en\/wp-json\/wp\/v2\/product_cat?post=3391"},{"taxonomy":"product_tag","embeddable":true,"href":"https:\/\/testpage.greenpoppy.se\/en\/wp-json\/wp\/v2\/product_tag?post=3391"}],"curies":[{"name":"wp","href":"https:\/\/api.w.org\/{rel}","templated":true}]}}