{"id":3278,"date":"2025-01-21T22:23:48","date_gmt":"2025-01-21T21:23:48","guid":{"rendered":"https:\/\/testpage.greenpoppy.se\/?post_type=product&#038;p=3278"},"modified":"2025-01-22T11:29:13","modified_gmt":"2025-01-22T10:29:13","slug":"pocketbloja-med-awj","status":"publish","type":"product","link":"https:\/\/testpage.greenpoppy.se\/en\/product\/pocketbloja-med-awj\/","title":{"rendered":"Pocketbl\u00f6ja med AWJ"},"content":{"rendered":"<h2>Pocketbl\u00f6ja med AWJ<\/h2>\n<p>En mjuk och bekv\u00e4m pocketbl\u00f6ja med AWJ (\u00e4ven kallad Coolmax). Bl\u00f6jan \u00e4r i storlek One Size och passar barn fr\u00e5n ungef\u00e4r 4 \u2013 16 kilo. Alla barn har olika kroppsform och d\u00e4rf\u00f6r kan bl\u00f6jan passa b\u00e5de tidigare och senare. Med hj\u00e4lp av knapparna p\u00e5 framsidan av bl\u00f6jan \u00e4r det enkelt att justera storlek. De vertikala knapparna hj\u00e4lper till att justera h\u00f6jden p\u00e5 bl\u00f6jan, de finns tre olika inst\u00e4llningar. De horisontella knapparna hj\u00e4lper till att justera storleken runt midjan och runt barnets l\u00e5r. H\u00e4r finns det v\u00e4ldigt m\u00e5nga olika variationer. Det g\u00e5r att kn\u00e4ppa bl\u00f6jan snett, allts\u00e5 till exempel h\u00e5rdare eller l\u00f6sare f\u00f6r midjan \u00e4n f\u00f6r l\u00e5ren, vilket g\u00f6r att det \u00e4r enkelt att f\u00e5 till r\u00e4tt passform.<a href=\"https:\/\/testpage.greenpoppy.se\/en\/passform-av-tygblojor\/\"> Read more here how to achieve the best fit.<\/a>.<\/p>\n<h2>Res\u00e5rer p\u00e5 pocketbl\u00f6ja med AWJ<\/h2>\n<p>At the back, there is a secure back elastic. The back elastic ensures that the diaper fits comfortably on the child, but it's also one of the best features of a cloth diaper \u2013 the poop barrier! The sturdy elastic helps keep the poop in and significantly reduces the risk of leakage. There are also elastics around the child's thighs to further reduce the risk of leakage. It's important that the elastics fit snugly against the child's legs.<a href=\"https:\/\/testpage.greenpoppy.se\/en\/passform-av-tygblojor\/\">please, see our guide here how to achieve the best fit<\/a>The elastic may leave marks on the child, but it doesn't hurt. It's common and harmless for clothing to leave marks on the body.<\/p>\n<h2>Insidan av tygbl\u00f6jan<\/h2>\n<p>Insidan av bl\u00f6jan best\u00e5r av en ficka d\u00e4r inl\u00e4gg kan l\u00e4ggas in. Fickan har \u00f6ppningar fr\u00e5n b\u00e5de bak- och framsidan. Varje \u00f6ppning \u00e4r dold av en PUL-panel som ocks\u00e5 hj\u00e4lper till att minska risken f\u00f6r l\u00e4ckage. Ovansidan av fickan (det som kommer vara n\u00e4rmast barnets hud) best\u00e5r av AWJ, ett torrskikt som g\u00f6r att barnet h\u00e5ller sig sval och torr n\u00e4r barnet har kissat. AWJ \u00e4r ocks\u00e5 perfekt p\u00e5 sommaren, d\u00e5 det transporterar bort fukt och v\u00e4rme.<\/p>\n<h2>Tygbl\u00f6jans utsida<\/h2>\n<p>Utsidan best\u00e5r vidare av PUL (polyuretanlaminat) som g\u00f6r att bl\u00f6jan best\u00e5r av ett vattent\u00e4tt skal. PUL \u00e4r f\u00e4rg\u00e4kta och kommer inte att bli blekt eller f\u00e4rga av sig vid tv\u00e4tt. P\u00e5 skalet finns \u00e4ven tabbarna som man st\u00e4nger bl\u00f6jan med. P\u00e5 Green Poppys pocketbl\u00f6jor anv\u00e4nder vi oss av mjuka, stretchiga tabbar.<\/p>\n<p><img decoding=\"async\" class=\"wp-image-1543 size-large ls-is-cached lazyloaded\" src=\"https:\/\/testpage.greenpoppy.se\/wp-content\/uploads\/2024\/04\/PocketblojaRityta-2-1-1131x800.png\" sizes=\"(max-width: 1020px) 100vw, 1020px\" srcset=\"https:\/\/testpage.greenpoppy.se\/wp-content\/uploads\/2024\/04\/PocketblojaRityta-2-1-1131x800.png 1131w, https:\/\/testpage.greenpoppy.se\/wp-content\/uploads\/2024\/04\/PocketblojaRityta-2-1-475x336.png 475w, https:\/\/testpage.greenpoppy.se\/wp-content\/uploads\/2024\/04\/PocketblojaRityta-2-1-565x400.png 565w, https:\/\/testpage.greenpoppy.se\/wp-content\/uploads\/2024\/04\/PocketblojaRityta-2-1-768x543.png 768w, https:\/\/testpage.greenpoppy.se\/wp-content\/uploads\/2024\/04\/PocketblojaRityta-2-1-18x12.png 18w, https:\/\/testpage.greenpoppy.se\/wp-content\/uploads\/2024\/04\/PocketblojaRityta-2-1.png 1361w\" alt=\"\" width=\"1020\" height=\"721\" data-src=\"https:\/\/testpage.greenpoppy.se\/wp-content\/uploads\/2024\/04\/PocketblojaRityta-2-1-1131x800.png\" data-srcset=\"https:\/\/testpage.greenpoppy.se\/wp-content\/uploads\/2024\/04\/PocketblojaRityta-2-1-1131x800.png 1131w, https:\/\/testpage.greenpoppy.se\/wp-content\/uploads\/2024\/04\/PocketblojaRityta-2-1-475x336.png 475w, https:\/\/testpage.greenpoppy.se\/wp-content\/uploads\/2024\/04\/PocketblojaRityta-2-1-565x400.png 565w, https:\/\/testpage.greenpoppy.se\/wp-content\/uploads\/2024\/04\/PocketblojaRityta-2-1-768x543.png 768w, https:\/\/testpage.greenpoppy.se\/wp-content\/uploads\/2024\/04\/PocketblojaRityta-2-1-18x12.png 18w, https:\/\/testpage.greenpoppy.se\/wp-content\/uploads\/2024\/04\/PocketblojaRityta-2-1.png 1361w\" data-sizes=\"(max-width: 1020px) 100vw, 1020px\" \/><\/p>\n<h3>Inl\u00e4gg till pocketbl\u00f6ja med AWJ<\/h3>\n<p>Bl\u00f6jan kommer med tv\u00e5 inl\u00e4gg. Ett l\u00e4ngre inl\u00e4gg i en blandning av bomull och tre lager bambu. Inl\u00e4gget viker du till \u00f6nskad l\u00e4ngd och p\u00e5 grund av l\u00e4ngden kan det bli anpassad i \u00f6nskad storlek och passar bl\u00f6jan p\u00e5 alla storlekar. Viker man inl\u00e4gget dubbelt \u00e4r det hela sex lager med bambu som absorberar! D\u00e5 bomull och bambu absorberar v\u00e4tska relativt snabbt brukar man l\u00e4gga detta inl\u00e4gg \u00f6verst inne i fickan. Inl\u00e4gget g\u00e5r ocks\u00e5 att l\u00e4gga direkt mot barnets hud om inte vill anv\u00e4nda sig av torrskikt.<\/p>\n<p>Det andra inl\u00e4gget som medf\u00f6ljer \u00e4r ett kortare inl\u00e4gg som best\u00e5r av en blandning mellan bomull och tre lager med hampa. Utsidan av inl\u00e4gget best\u00e5r av mjuk frott\u00e9. Detta \u00e4r ett superabsorberande inl\u00e4gg! Inl\u00e4gget h\u00e5ller stor m\u00e4ngd v\u00e4tska och barnet kan med f\u00f6rdel anv\u00e4nda detta \u00e4ven nattetid. Om man kombinerar det korta och det l\u00e5nga inl\u00e4gget har du en bl\u00f6ja som h\u00e5ller v\u00e4ldigt l\u00e4nge och kan absorbera en stor m\u00e4ngd v\u00e4tska!<\/p>\n<p>On the inside of the diaper, there is also the possibility to attach an insert with a snap at the back of the diaper. This allows you to attach extra inserts over the pocket to increase absorption once again. <a href=\"https:\/\/testpage.greenpoppy.se\/en\/product\/bambufrotteinlagg\/\">Our inserts made of bamboo Terry<\/a> fits perfect for this!<\/p>\n<h3>Washing<\/h3>\n<p>Please note that all inserts need to be washed 3-5 times before reaching their maximum absorption, and that the inserts shrink by approximately 10% after the first wash.<\/p>\n<p>Efter anv\u00e4ndning tar du ur inl\u00e4ggen ur bl\u00f6jan och tv\u00e4ttar alla delar tillsammans. Bl\u00f6ja och inl\u00e4gg g\u00e5r att tv\u00e4tta p\u00e5 60 grader. De h\u00e4ngtorkas f\u00f6r b\u00e4sta resultat, men inl\u00e4ggen kan \u00e4ven torktumlas p\u00e5 l\u00e5g v\u00e4rme. Produkter med PUL vill inte torktumlas. <a href=\"https:\/\/testpage.greenpoppy.se\/en\/tvattrutiner\/\">Read more about washing here<\/a>.<\/p>\n<p><img decoding=\"async\" class=\"wp-image-1350 size-large ls-is-cached lazyloaded\" title=\"pocketbloja-awj-passform\" src=\"https:\/\/testpage.greenpoppy.se\/wp-content\/uploads\/2024\/03\/HowToTygblojaRityta-9-1131x800.jpg\" sizes=\"(max-width: 1020px) 100vw, 1020px\" srcset=\"https:\/\/testpage.greenpoppy.se\/wp-content\/uploads\/2024\/03\/HowToTygblojaRityta-9-1131x800.jpg 1131w, https:\/\/testpage.greenpoppy.se\/wp-content\/uploads\/2024\/03\/HowToTygblojaRityta-9-475x336.jpg 475w, https:\/\/testpage.greenpoppy.se\/wp-content\/uploads\/2024\/03\/HowToTygblojaRityta-9-565x400.jpg 565w, https:\/\/testpage.greenpoppy.se\/wp-content\/uploads\/2024\/03\/HowToTygblojaRityta-9-768x543.jpg 768w, https:\/\/testpage.greenpoppy.se\/wp-content\/uploads\/2024\/03\/HowToTygblojaRityta-9-18x12.jpg 18w, https:\/\/testpage.greenpoppy.se\/wp-content\/uploads\/2024\/03\/HowToTygblojaRityta-9.jpg 1360w\" alt=\"passform-tygbloja\" width=\"1020\" height=\"721\" data-src=\"https:\/\/testpage.greenpoppy.se\/wp-content\/uploads\/2024\/03\/HowToTygblojaRityta-9-1131x800.jpg\" data-srcset=\"https:\/\/testpage.greenpoppy.se\/wp-content\/uploads\/2024\/03\/HowToTygblojaRityta-9-1131x800.jpg 1131w, https:\/\/testpage.greenpoppy.se\/wp-content\/uploads\/2024\/03\/HowToTygblojaRityta-9-475x336.jpg 475w, https:\/\/testpage.greenpoppy.se\/wp-content\/uploads\/2024\/03\/HowToTygblojaRityta-9-565x400.jpg 565w, https:\/\/testpage.greenpoppy.se\/wp-content\/uploads\/2024\/03\/HowToTygblojaRityta-9-768x543.jpg 768w, https:\/\/testpage.greenpoppy.se\/wp-content\/uploads\/2024\/03\/HowToTygblojaRityta-9-18x12.jpg 18w, https:\/\/testpage.greenpoppy.se\/wp-content\/uploads\/2024\/03\/HowToTygblojaRityta-9.jpg 1360w\" data-sizes=\"(max-width: 1020px) 100vw, 1020px\" \/><\/p>\n<p>Green Poppy \u00e4r samarbetspartner med <a href=\"https:\/\/blojupproret.se\">Bl\u00f6jupproret<\/a>.<\/p>","protected":false},"excerpt":{"rendered":"<ul>\n<li>One size, fits from 4-16 kilograms<\/li>\n<li>Soft stretchy tabs that makes it easy to adjust the size<\/li>\n<li>Pocket on the inside of the diaper where you insert inserts, making it easy to adjust absorption<\/li>\n<li>An inside made of AWJ (athletic wicking jersey), helps to keep baby cool and dry<\/li>\n<li>Double rows of snaps<\/li>\n<li>Single gusset<\/li>\n<\/ul>","protected":false},"featured_media":3376,"comment_status":"open","ping_status":"closed","template":"","meta":[],"product_brand":[],"product_cat":[77],"product_tag":[],"class_list":{"0":"post-3278","1":"product","2":"type-product","3":"status-publish","4":"has-post-thumbnail","6":"product_cat-pocketblojor","8":"first","9":"instock","10":"taxable","11":"shipping-taxable","12":"purchasable","13":"product-type-variable"},"yoast_head":"<!-- This site is optimized with the Yoast SEO plugin v24.4 - https:\/\/yoast.com\/wordpress\/plugins\/seo\/ -->\n<title>Pocketbl\u00f6ja med AWJ - testpage<\/title>\n<meta name=\"description\" content=\"En modern tygbl\u00f6ja med pocketfunktion. Bl\u00f6jan \u00e4r one size (4-16kg), har torrskikt i AWJ, kommer med tv\u00e5 inl\u00e4gg och finns i flera snygga m\u00f6nster.\" \/>\n<meta name=\"robots\" content=\"noindex, follow, max-snippet:-1, max-image-preview:large, max-video-preview:-1\" \/>\n<meta property=\"og:locale\" content=\"en_GB\" \/>\n<meta property=\"og:type\" content=\"article\" \/>\n<meta property=\"og:title\" content=\"Pocketbl\u00f6ja med AWJ - testpage\" \/>\n<meta property=\"og:description\" content=\"En modern tygbl\u00f6ja med pocketfunktion. Bl\u00f6jan \u00e4r one size (4-16kg), har torrskikt i AWJ, kommer med tv\u00e5 inl\u00e4gg och finns i flera snygga m\u00f6nster.\" \/>\n<meta property=\"og:url\" content=\"https:\/\/testpage.greenpoppy.se\/en\/product\/pocketbloja-med-awj\/\" \/>\n<meta property=\"og:site_name\" content=\"testpage\" \/>\n<meta property=\"article:publisher\" content=\"https:\/\/www.facebook.com\/profile.php?id=61554367862205\" \/>\n<meta property=\"article:modified_time\" content=\"2025-01-22T10:29:13+00:00\" \/>\n<meta property=\"og:image\" content=\"https:\/\/testpage.greenpoppy.se\/wp-content\/uploads\/2025\/01\/Titel-800x800.png\" \/>\n\t<meta property=\"og:image:width\" content=\"800\" \/>\n\t<meta property=\"og:image:height\" content=\"800\" \/>\n\t<meta property=\"og:image:type\" content=\"image\/png\" \/>\n<meta name=\"twitter:card\" content=\"summary_large_image\" \/>\n<meta name=\"twitter:label1\" content=\"Estimated reading time\" \/>\n\t<meta name=\"twitter:data1\" content=\"4 minutes\" \/>\n<script type=\"application\/ld+json\" class=\"yoast-schema-graph\">{\"@context\":\"https:\/\/schema.org\",\"@graph\":[{\"@type\":\"WebPage\",\"@id\":\"https:\/\/testpage.greenpoppy.se\/produkt\/pocketbloja-med-awj\/\",\"url\":\"https:\/\/testpage.greenpoppy.se\/produkt\/pocketbloja-med-awj\/\",\"name\":\"Pocketbl\u00f6ja med AWJ - testpage\",\"isPartOf\":{\"@id\":\"https:\/\/testpage.greenpoppy.se\/#website\"},\"primaryImageOfPage\":{\"@id\":\"https:\/\/testpage.greenpoppy.se\/produkt\/pocketbloja-med-awj\/#primaryimage\"},\"image\":{\"@id\":\"https:\/\/testpage.greenpoppy.se\/produkt\/pocketbloja-med-awj\/#primaryimage\"},\"thumbnailUrl\":\"https:\/\/testpage.greenpoppy.se\/wp-content\/uploads\/2025\/01\/Titel.png\",\"datePublished\":\"2025-01-21T21:23:48+00:00\",\"dateModified\":\"2025-01-22T10:29:13+00:00\",\"description\":\"En modern tygbl\u00f6ja med pocketfunktion. Bl\u00f6jan \u00e4r one size (4-16kg), har torrskikt i AWJ, kommer med tv\u00e5 inl\u00e4gg och finns i flera snygga m\u00f6nster.\",\"breadcrumb\":{\"@id\":\"https:\/\/testpage.greenpoppy.se\/produkt\/pocketbloja-med-awj\/#breadcrumb\"},\"inLanguage\":\"en-GB\",\"potentialAction\":[{\"@type\":\"ReadAction\",\"target\":[\"https:\/\/testpage.greenpoppy.se\/produkt\/pocketbloja-med-awj\/\"]}]},{\"@type\":\"ImageObject\",\"inLanguage\":\"en-GB\",\"@id\":\"https:\/\/testpage.greenpoppy.se\/produkt\/pocketbloja-med-awj\/#primaryimage\",\"url\":\"https:\/\/testpage.greenpoppy.se\/wp-content\/uploads\/2025\/01\/Titel.png\",\"contentUrl\":\"https:\/\/testpage.greenpoppy.se\/wp-content\/uploads\/2025\/01\/Titel.png\",\"width\":1080,\"height\":1080,\"caption\":\"pocketbl\u00f6jor som \u00e4r n\u00e4tta och smala i grenen bra f\u00f6r barnen\"},{\"@type\":\"BreadcrumbList\",\"@id\":\"https:\/\/testpage.greenpoppy.se\/produkt\/pocketbloja-med-awj\/#breadcrumb\",\"itemListElement\":[{\"@type\":\"ListItem\",\"position\":1,\"name\":\"Hem\",\"item\":\"https:\/\/testpage.greenpoppy.se\/\"},{\"@type\":\"ListItem\",\"position\":2,\"name\":\"Butik\",\"item\":\"https:\/\/testpage.greenpoppy.se\/butik\/\"},{\"@type\":\"ListItem\",\"position\":3,\"name\":\"Pocketbl\u00f6ja med AWJ\"}]},{\"@type\":\"WebSite\",\"@id\":\"https:\/\/testpage.greenpoppy.se\/#website\",\"url\":\"https:\/\/testpage.greenpoppy.se\/\",\"name\":\"Green Poppy\",\"description\":\"H\u00e5llbara och \u00e5teranv\u00e4ndbara tygbl\u00f6jor\",\"publisher\":{\"@id\":\"https:\/\/testpage.greenpoppy.se\/#organization\"},\"potentialAction\":[{\"@type\":\"SearchAction\",\"target\":{\"@type\":\"EntryPoint\",\"urlTemplate\":\"https:\/\/testpage.greenpoppy.se\/?s={search_term_string}\"},\"query-input\":{\"@type\":\"PropertyValueSpecification\",\"valueRequired\":true,\"valueName\":\"search_term_string\"}}],\"inLanguage\":\"en-GB\"},{\"@type\":\"Organization\",\"@id\":\"https:\/\/testpage.greenpoppy.se\/#organization\",\"name\":\"Green Poppy\",\"url\":\"https:\/\/testpage.greenpoppy.se\/\",\"logo\":{\"@type\":\"ImageObject\",\"inLanguage\":\"en-GB\",\"@id\":\"https:\/\/testpage.greenpoppy.se\/#\/schema\/logo\/image\/\",\"url\":\"https:\/\/testpage.greenpoppy.se\/wp-content\/uploads\/2024\/01\/Logga_Officiell.svg\",\"contentUrl\":\"https:\/\/testpage.greenpoppy.se\/wp-content\/uploads\/2024\/01\/Logga_Officiell.svg\",\"width\":1,\"height\":1,\"caption\":\"Green Poppy\"},\"image\":{\"@id\":\"https:\/\/testpage.greenpoppy.se\/#\/schema\/logo\/image\/\"},\"sameAs\":[\"https:\/\/www.facebook.com\/profile.php?id=61554367862205\",\"https:\/\/www.instagram.com\/greenpoppy.se\/\"]}]}<\/script>\n<!-- \/ Yoast SEO plugin. -->","yoast_head_json":{"title":"Pocketbl\u00f6ja med AWJ - testpage","description":"En modern tygbl\u00f6ja med pocketfunktion. Bl\u00f6jan \u00e4r one size (4-16kg), har torrskikt i AWJ, kommer med tv\u00e5 inl\u00e4gg och finns i flera snygga m\u00f6nster.","robots":{"index":"noindex","follow":"follow","max-snippet":"max-snippet:-1","max-image-preview":"max-image-preview:large","max-video-preview":"max-video-preview:-1"},"og_locale":"en_GB","og_type":"article","og_title":"Pocketbl\u00f6ja med AWJ - testpage","og_description":"En modern tygbl\u00f6ja med pocketfunktion. Bl\u00f6jan \u00e4r one size (4-16kg), har torrskikt i AWJ, kommer med tv\u00e5 inl\u00e4gg och finns i flera snygga m\u00f6nster.","og_url":"https:\/\/testpage.greenpoppy.se\/en\/product\/pocketbloja-med-awj\/","og_site_name":"testpage","article_publisher":"https:\/\/www.facebook.com\/profile.php?id=61554367862205","article_modified_time":"2025-01-22T10:29:13+00:00","og_image":[{"width":800,"height":800,"url":"https:\/\/testpage.greenpoppy.se\/wp-content\/uploads\/2025\/01\/Titel-800x800.png","type":"image\/png"}],"twitter_card":"summary_large_image","twitter_misc":{"Estimated reading time":"4 minutes"},"schema":{"@context":"https:\/\/schema.org","@graph":[{"@type":"WebPage","@id":"https:\/\/testpage.greenpoppy.se\/produkt\/pocketbloja-med-awj\/","url":"https:\/\/testpage.greenpoppy.se\/produkt\/pocketbloja-med-awj\/","name":"Pocketbl\u00f6ja med AWJ - testpage","isPartOf":{"@id":"https:\/\/testpage.greenpoppy.se\/#website"},"primaryImageOfPage":{"@id":"https:\/\/testpage.greenpoppy.se\/produkt\/pocketbloja-med-awj\/#primaryimage"},"image":{"@id":"https:\/\/testpage.greenpoppy.se\/produkt\/pocketbloja-med-awj\/#primaryimage"},"thumbnailUrl":"https:\/\/testpage.greenpoppy.se\/wp-content\/uploads\/2025\/01\/Titel.png","datePublished":"2025-01-21T21:23:48+00:00","dateModified":"2025-01-22T10:29:13+00:00","description":"En modern tygbl\u00f6ja med pocketfunktion. Bl\u00f6jan \u00e4r one size (4-16kg), har torrskikt i AWJ, kommer med tv\u00e5 inl\u00e4gg och finns i flera snygga m\u00f6nster.","breadcrumb":{"@id":"https:\/\/testpage.greenpoppy.se\/produkt\/pocketbloja-med-awj\/#breadcrumb"},"inLanguage":"en-GB","potentialAction":[{"@type":"ReadAction","target":["https:\/\/testpage.greenpoppy.se\/produkt\/pocketbloja-med-awj\/"]}]},{"@type":"ImageObject","inLanguage":"en-GB","@id":"https:\/\/testpage.greenpoppy.se\/produkt\/pocketbloja-med-awj\/#primaryimage","url":"https:\/\/testpage.greenpoppy.se\/wp-content\/uploads\/2025\/01\/Titel.png","contentUrl":"https:\/\/testpage.greenpoppy.se\/wp-content\/uploads\/2025\/01\/Titel.png","width":1080,"height":1080,"caption":"pocketbl\u00f6jor som \u00e4r n\u00e4tta och smala i grenen bra f\u00f6r barnen"},{"@type":"BreadcrumbList","@id":"https:\/\/testpage.greenpoppy.se\/produkt\/pocketbloja-med-awj\/#breadcrumb","itemListElement":[{"@type":"ListItem","position":1,"name":"Hem","item":"https:\/\/testpage.greenpoppy.se\/"},{"@type":"ListItem","position":2,"name":"Butik","item":"https:\/\/testpage.greenpoppy.se\/butik\/"},{"@type":"ListItem","position":3,"name":"Pocketbl\u00f6ja med AWJ"}]},{"@type":"WebSite","@id":"https:\/\/testpage.greenpoppy.se\/#website","url":"https:\/\/testpage.greenpoppy.se\/","name":"Green Poppy","description":"H\u00e5llbara och \u00e5teranv\u00e4ndbara tygbl\u00f6jor","publisher":{"@id":"https:\/\/testpage.greenpoppy.se\/#organization"},"potentialAction":[{"@type":"SearchAction","target":{"@type":"EntryPoint","urlTemplate":"https:\/\/testpage.greenpoppy.se\/?s={search_term_string}"},"query-input":{"@type":"PropertyValueSpecification","valueRequired":true,"valueName":"search_term_string"}}],"inLanguage":"en-GB"},{"@type":"Organization","@id":"https:\/\/testpage.greenpoppy.se\/#organization","name":"Green Poppy","url":"https:\/\/testpage.greenpoppy.se\/","logo":{"@type":"ImageObject","inLanguage":"en-GB","@id":"https:\/\/testpage.greenpoppy.se\/#\/schema\/logo\/image\/","url":"https:\/\/testpage.greenpoppy.se\/wp-content\/uploads\/2024\/01\/Logga_Officiell.svg","contentUrl":"https:\/\/testpage.greenpoppy.se\/wp-content\/uploads\/2024\/01\/Logga_Officiell.svg","width":1,"height":1,"caption":"Green Poppy"},"image":{"@id":"https:\/\/testpage.greenpoppy.se\/#\/schema\/logo\/image\/"},"sameAs":["https:\/\/www.facebook.com\/profile.php?id=61554367862205","https:\/\/www.instagram.com\/greenpoppy.se\/"]}]}},"_links":{"self":[{"href":"https:\/\/testpage.greenpoppy.se\/en\/wp-json\/wp\/v2\/product\/3278","targetHints":{"allow":["GET"]}}],"collection":[{"href":"https:\/\/testpage.greenpoppy.se\/en\/wp-json\/wp\/v2\/product"}],"about":[{"href":"https:\/\/testpage.greenpoppy.se\/en\/wp-json\/wp\/v2\/types\/product"}],"replies":[{"embeddable":true,"href":"https:\/\/testpage.greenpoppy.se\/en\/wp-json\/wp\/v2\/comments?post=3278"}],"wp:featuredmedia":[{"embeddable":true,"href":"https:\/\/testpage.greenpoppy.se\/en\/wp-json\/wp\/v2\/media\/3376"}],"wp:attachment":[{"href":"https:\/\/testpage.greenpoppy.se\/en\/wp-json\/wp\/v2\/media?parent=3278"}],"wp:term":[{"taxonomy":"product_brand","embeddable":true,"href":"https:\/\/testpage.greenpoppy.se\/en\/wp-json\/wp\/v2\/product_brand?post=3278"},{"taxonomy":"product_cat","embeddable":true,"href":"https:\/\/testpage.greenpoppy.se\/en\/wp-json\/wp\/v2\/product_cat?post=3278"},{"taxonomy":"product_tag","embeddable":true,"href":"https:\/\/testpage.greenpoppy.se\/en\/wp-json\/wp\/v2\/product_tag?post=3278"}],"curies":[{"name":"wp","href":"https:\/\/api.w.org\/{rel}","templated":true}]}}