{"id":937,"date":"2024-01-23T10:26:42","date_gmt":"2024-01-23T09:26:42","guid":{"rendered":"https:\/\/testpage.greenpoppy.se\/?page_id=937"},"modified":"2024-07-25T21:51:19","modified_gmt":"2024-07-25T19:51:19","slug":"om-oss","status":"publish","type":"page","link":"https:\/\/testpage.greenpoppy.se\/en\/om-oss\/","title":{"rendered":"About us"},"content":{"rendered":"<section class=\"section\" id=\"section_495973584\">\n\t\t<div class=\"section-bg fill\" >\n\t\t\t\t\t\t\t\t\t\n\t\t\t\n\n\t\t<\/div>\n\n\t\t\n\n\t\t<div class=\"section-content relative\">\n\t\t\t\n\n\t<div id=\"gap-2031812419\" class=\"gap-element clearfix\" style=\"display:block; height:auto;\">\n\t\t\n<style>\n#gap-2031812419 {\n  padding-top: 30px;\n}\n<\/style>\n\t<\/div>\n\t\n\n<div class=\"row\"  id=\"row-1129321143\">\n\n\n\t<div id=\"col-538652258\" class=\"col small-12 large-12\"  >\n\t\t\t\t<div class=\"col-inner\" style=\"background-color:rgb(255,255,255);\" >\n\t\t\t\n\t\t\t\n\n\n  <div class=\"banner has-hover\" id=\"banner-1948750481\">\n          <div class=\"banner-inner fill\">\n        <div class=\"banner-bg fill\" >\n            <img decoding=\"async\" width=\"2048\" height=\"1411\" data-src=\"https:\/\/testpage.greenpoppy.se\/wp-content\/uploads\/2024\/07\/DSC_4786-2048x1411.jpg\" class=\"bg attachment-2048x2048 size-2048x2048 lazyload\" alt=\"\" src=\"data:image\/gif;base64,R0lGODlhAQABAAAAACH5BAEKAAEALAAAAAABAAEAAAICTAEAOw==\" style=\"--smush-placeholder-width: 2048px; --smush-placeholder-aspect-ratio: 2048\/1411;\" \/>                        <div class=\"overlay\"><\/div>            \n                    <\/div>\n\t\t\n        <div class=\"banner-layers container\">\n            <div class=\"fill banner-link\"><\/div>            \n\n   <div id=\"text-box-2099049563\" class=\"text-box banner-layer x50 md-x50 lg-x50 y50 md-y50 lg-y50 res-text\">\n                                <div class=\"text-box-content text dark\">\n              \n              <div class=\"text-inner text-center\">\n                  \n\n<div class=\"container section-title-container\" ><h1 class=\"section-title section-title-normal\"><b><\/b><span class=\"section-title-main\" style=\"font-size:79%;\">Green Poppy - Reuseable fabrics, endless comfort<\/span><b><\/b><\/h1><\/div>\n\n\n              <\/div>\n           <\/div>\n                            \n<style>\n#text-box-2099049563 {\n  width: 94%;\n}\n#text-box-2099049563 .text-box-content {\n  font-size: 92%;\n}\n@media (min-width:550px) {\n  #text-box-2099049563 {\n    width: 82%;\n  }\n  #text-box-2099049563 .text-box-content {\n    font-size: 100%;\n  }\n}\n<\/style>\n    <\/div>\n \n\n        <\/div>\n      <\/div>\n\n            \n<style>\n#banner-1948750481 {\n  padding-top: 250px;\n  background-color: rgba(255, 255, 255, 0);\n}\n#banner-1948750481 .overlay {\n  background-color: rgba(0, 0, 0, 0.395);\n}\n#banner-1948750481 .banner-bg img {\n  object-position: 30% 47%;\n}\n@media (min-width:550px) {\n  #banner-1948750481 {\n    padding-top: 370px;\n  }\n}\n<\/style>\n  <\/div>\n\n\n<div class=\"row align-center\"  id=\"row-1215781242\">\n\n\n\t<div id=\"col-2060091198\" class=\"col medium-10 small-11 large-8\"  >\n\t\t\t\t<div class=\"col-inner text-center\"  >\n\t\t\t\n\t\t\t\n\n\t<div id=\"text-3553663231\" class=\"text\">\n\t\t\n\n<h2>About us<\/h2>\n\t\t\n<style>\n#text-3553663231 {\n  font-size: 1.5rem;\n}\n<\/style>\n\t<\/div>\n\t\n<p><strong>Green Poppy &#8211;\u00a0reusable fabrics and endless comfort.<\/strong> S\u00e5 \u00e4r namnet och slogan. N\u00e4r fr\u00e5gan kommer vad Green Poppy g\u00f6r och st\u00e5r f\u00f6r \u00e4r det l\u00e5nga fina svaret &#8221;\u00e5teranv\u00e4ndbara och h\u00e5llbara produkter i textil&#8221;. I praktiken \u00e4r det att vi tillverkar produkter som underl\u00e4ttar din vardag och ger dig ett gott, gr\u00f6nt samvete. Vi vill skapa produkter som vi stolta kan st\u00e5 bakom. Vi vill skapa en produkt som vi sj\u00e4lva vill anv\u00e4nda n\u00e4ra inp\u00e5 kroppen, b\u00e5de hos v\u00e5ra \u00e4lskade barn men ocks\u00e5 hos oss sj\u00e4lva. K\u00e4nslan hos Green Poppy ska vara modern, naturligt, gr\u00f6nt, sk\u00f6nt, mysigt och mjukt. Och snyggt. Just det h\u00e4r med snyggt \u00e4r ju individuellt, men f\u00f6r oss \u00e4r det n\u00e4r det finns lite klass, utan att vara kliniskt rent f\u00f6r den delen. Vi gillar f\u00e4rg. Och skogen. Och djur. Och det svenska. Och saker som smakar gott. Hoppas det \u00e4r n\u00e5got du kommer k\u00e4nna igen i v\u00e5ra produkter (ja kanske inte smaken d\u00e5, du beh\u00f6ver inte smaka p\u00e5 produkterna, vi lovar).<\/p>\n<p>Green Poppy grundades 2023 av Emma Kajmo. Id\u00e9n och tanken har kommit och g\u00e5tt flera g\u00e5nger under tiden med tv\u00e5 barn som anv\u00e4nt och anv\u00e4nder tygbl\u00f6jor (fr\u00e4mst under f\u00f6r\u00e4ldraledighet, n\u00e4r jag har varit ganska rastl\u00f6st i perioder). Jag, Emma, fastnade rej\u00e4lt i tygbl\u00f6jegemenskapen och blev s\u00e5 f\u00f6rtjust i alla produkter. Men det var alltid n\u00e5got som saknades, n\u00e5got som gjorde att jag aldrig hittade helt r\u00e4tt p\u00e5 alla s\u00e4tt och vis. S\u00e5 en dag f\u00f6reslog en kompis att jag skulle starta ett eget m\u00e4rke. Men nej, inte kan v\u00e4l jag? Eller, kan jag kanske? Under f\u00f6r\u00e4ldraledigheten med andra barnet s\u00e5 v\u00e4xte Green Poppy sakta fram. Det har v\u00e4xt fram som en tanke som har f\u00e5tt blomma ut. Och denna tanke och id\u00e9 hade inte varit m\u00f6jligt utan st\u00f6det fr\u00e5n alla runt omkring mig, fr\u00e4mst min make som ocks\u00e5 finns med h\u00e4r p\u00e5 ett h\u00f6rn. Och v\u00e5ra tv\u00e5 barn, Hilma och Hjalmar. Samt v\u00e5ra katter. Som biter av laddsladden till datorn, men som \u00e4r bra gosiga \u00e4nd\u00e5.<\/p>\n\t<div class=\"img has-hover x md-x lg-x y md-y lg-y\" id=\"image_228847747\">\n\t\t\t\t\t\t\t\t<div class=\"img-inner dark\" >\n\t\t\t<img decoding=\"async\" width=\"1020\" height=\"680\" data-src=\"https:\/\/testpage.greenpoppy.se\/wp-content\/uploads\/2024\/06\/IMG_5638-2.jpg\" class=\"attachment-large size-large lazyload\" alt=\"familjebild\" data-srcset=\"https:\/\/testpage.greenpoppy.se\/wp-content\/uploads\/2024\/06\/IMG_5638-2.jpg 1200w, https:\/\/testpage.greenpoppy.se\/wp-content\/uploads\/2024\/06\/IMG_5638-2-475x317.jpg 475w, https:\/\/testpage.greenpoppy.se\/wp-content\/uploads\/2024\/06\/IMG_5638-2-600x400.jpg 600w, https:\/\/testpage.greenpoppy.se\/wp-content\/uploads\/2024\/06\/IMG_5638-2-768x512.jpg 768w, https:\/\/testpage.greenpoppy.se\/wp-content\/uploads\/2024\/06\/IMG_5638-2-18x12.jpg 18w\" data-sizes=\"(max-width: 1020px) 100vw, 1020px\" src=\"data:image\/gif;base64,R0lGODlhAQABAAAAACH5BAEKAAEALAAAAAABAAEAAAICTAEAOw==\" style=\"--smush-placeholder-width: 1020px; --smush-placeholder-aspect-ratio: 1020\/680;\" \/>\t\t\t\t\t\t\n\t\t\t\t\t<\/div>\n\t\t\t\t\t\t\t\t\n<style>\n#image_228847747 {\n  width: 100%;\n}\n<\/style>\n\t<\/div>\n\t\n\n<div class=\"row\"  id=\"row-1974741652\">\n\n\n\t<div id=\"col-1835079835\" class=\"col medium-6 small-12 large-6\"  >\n\t\t\t\t<div class=\"col-inner\"  >\n\t\t\t\n\t\t\t\n\n\t<div class=\"img has-hover x md-x lg-x y md-y lg-y\" id=\"image_2086343632\">\n\t\t\t\t\t\t\t\t<div class=\"img-inner dark\" >\n\t\t\t<img decoding=\"async\" width=\"533\" height=\"800\" data-src=\"https:\/\/testpage.greenpoppy.se\/wp-content\/uploads\/2024\/04\/IMG_4605-533x800.jpg\" class=\"attachment-large size-large lazyload\" alt=\"Emma green poppy\" data-srcset=\"https:\/\/testpage.greenpoppy.se\/wp-content\/uploads\/2024\/04\/IMG_4605-533x800.jpg 533w, https:\/\/testpage.greenpoppy.se\/wp-content\/uploads\/2024\/04\/IMG_4605-475x713.jpg 475w, https:\/\/testpage.greenpoppy.se\/wp-content\/uploads\/2024\/04\/IMG_4605-267x400.jpg 267w, https:\/\/testpage.greenpoppy.se\/wp-content\/uploads\/2024\/04\/IMG_4605-768x1152.jpg 768w, https:\/\/testpage.greenpoppy.se\/wp-content\/uploads\/2024\/04\/IMG_4605-1024x1536.jpg 1024w, https:\/\/testpage.greenpoppy.se\/wp-content\/uploads\/2024\/04\/IMG_4605-8x12.jpg 8w, https:\/\/testpage.greenpoppy.se\/wp-content\/uploads\/2024\/04\/IMG_4605.jpg 1365w\" data-sizes=\"(max-width: 533px) 100vw, 533px\" src=\"data:image\/gif;base64,R0lGODlhAQABAAAAACH5BAEKAAEALAAAAAABAAEAAAICTAEAOw==\" style=\"--smush-placeholder-width: 533px; --smush-placeholder-aspect-ratio: 533\/800;\" \/>\t\t\t\t\t\t\n\t\t\t\t\t<\/div>\n\t\t\t\t\t\t\t\t\n<style>\n#image_2086343632 {\n  width: 100%;\n}\n<\/style>\n\t<\/div>\n\t\n\n\n\t\t<\/div>\n\t\t\t\t\t<\/div>\n\n\t\n\n\t<div id=\"col-1328674413\" class=\"col medium-6 small-12 large-6\"  >\n\t\t\t\t<div class=\"col-inner\"  >\n\t\t\t\n\t\t\t\n\n\t<div class=\"img has-hover x md-x lg-x y md-y lg-y\" id=\"image_836518426\">\n\t\t\t\t\t\t\t\t<div class=\"img-inner dark\" >\n\t\t\t<img decoding=\"async\" width=\"533\" height=\"800\" data-src=\"https:\/\/testpage.greenpoppy.se\/wp-content\/uploads\/2024\/06\/IMG_4938.jpg\" class=\"attachment-large size-large lazyload\" alt=\"emma barn\" data-srcset=\"https:\/\/testpage.greenpoppy.se\/wp-content\/uploads\/2024\/06\/IMG_4938.jpg 533w, https:\/\/testpage.greenpoppy.se\/wp-content\/uploads\/2024\/06\/IMG_4938-475x713.jpg 475w, https:\/\/testpage.greenpoppy.se\/wp-content\/uploads\/2024\/06\/IMG_4938-267x400.jpg 267w, https:\/\/testpage.greenpoppy.se\/wp-content\/uploads\/2024\/06\/IMG_4938-8x12.jpg 8w\" data-sizes=\"(max-width: 533px) 100vw, 533px\" src=\"data:image\/gif;base64,R0lGODlhAQABAAAAACH5BAEKAAEALAAAAAABAAEAAAICTAEAOw==\" style=\"--smush-placeholder-width: 533px; --smush-placeholder-aspect-ratio: 533\/800;\" \/>\t\t\t\t\t\t\n\t\t\t\t\t<\/div>\n\t\t\t\t\t\t\t\t\n<style>\n#image_836518426 {\n  width: 100%;\n}\n<\/style>\n\t<\/div>\n\t\n\n\n\t\t<\/div>\n\t\t\t\t\t<\/div>\n\n\t\n\n<\/div>\n<p>F\u00f6retaget \u00e4r svensketablerat och har sin grund i Sverige. Alla m\u00f6nster \u00e4r designade med hj\u00e4lp av en designer i Sverige. Produkterna \u00e4r sedan tillverkade och producerade i Kina, i en h\u00e5llbar fabrik med milj\u00f6t\u00e4nk. Vi arbetar sedan f\u00f6r att p\u00e5 b\u00e4sta och mest milj\u00f6v\u00e4nliga s\u00e4tt, transportera produkterna hit till Sverige. Fabriken \u00e4r medelstor, har godk\u00e4nda arbetsavtal och alla som arbetar d\u00e4r \u00e4r vuxna personer. Den \u00e4r certifierade med SMETA &#8211; Sedex Members Ethical Trade Audit. Alla som arbetar i fabriken \u00e4r \u00f6ver 18 \u00e5r, har en s\u00e4ker arbetsmilj\u00f6 samt att det finns en god arbetsetik. Om du har fr\u00e5gor g\u00e4llande fabriken som tillverkar produkterna &#8211; v\u00e4nligen kontakta Green Poppy.<\/p>\n<p>Produkterna hos Green Poppy \u00e4r tillverkade av material som n\u00e5r oeko-tex 100 standard. Vi arbetar \u00e4ven en del med \u00e5teranv\u00e4nt material i v\u00e5r PUL. H\u00e4r i Sverige \u00e4r det viktigt f\u00f6r oss att \u00e4ven d\u00e5 minska v\u00e5rt klimatavtryck och vi st\u00f6djer samfrakt samt avh\u00e4mtning f\u00f6r dig som finns i n\u00e4rheten av v\u00e5rt lager i Eskilstuna. Vid paketering av produkterna f\u00f6rs\u00f6ker vi h\u00e5lla nere m\u00e4ngden material, s\u00e4rskilt av plast.\u00a0<\/p>\n<p>Vi hoppas att du som kund kommer bli n\u00f6jd med dina produkter fr\u00e5n Green Poppy. F\u00f6r oss \u00e4r det viktigt med en fin dialog med v\u00e5ra kunder, om du har n\u00e5gra fr\u00e5gor eller funderingar, tveka inte att h\u00f6ra av dig till oss. Vi ses!\u00a0<\/p>\n<p>\u00a0<\/p>\n<a href=\"https:\/\/testpage.greenpoppy.se\/en\/info-green-poppy\/\" class=\"button primary\"  style=\"border-radius:99px;padding:8px 30px 8px 30px;\">\n\t\t<span>Read more<\/span>\n\t<\/a>\n\n\n\n\t\t<\/div>\n\t\t\t\t\n<style>\n#col-2060091198 > .col-inner {\n  padding: 5% 0px 5% 0px;\n}\n<\/style>\n\t<\/div>\n\n\t\n\n<\/div>\n\n\t\t<\/div>\n\t\t\t\t\t<\/div>\n\n\t\n\n<\/div>\n\n\t\t<\/div>\n\n\t\t\n<style>\n#section_495973584 {\n  padding-top: 20px;\n  padding-bottom: 20px;\n  background-color: #989d78;\n}\n@media (min-width:550px) {\n  #section_495973584 {\n    padding-top: 40px;\n    padding-bottom: 40px;\n  }\n}\n@media (min-width:850px) {\n  #section_495973584 {\n    padding-top: 70px;\n    padding-bottom: 70px;\n  }\n}\n<\/style>\n\t<\/section>","protected":false},"excerpt":{"rendered":"","protected":false},"author":1,"featured_media":0,"parent":0,"menu_order":0,"comment_status":"closed","ping_status":"closed","template":"page-blank.php","meta":{"footnotes":""},"class_list":["post-937","page","type-page","status-publish","hentry"],"yoast_head":"<!-- This site is optimized with the Yoast SEO plugin v24.4 - https:\/\/yoast.com\/wordpress\/plugins\/seo\/ -->\n<title>Om oss - testpage<\/title>\n<meta name=\"robots\" content=\"noindex, follow, max-snippet:-1, max-image-preview:large, max-video-preview:-1\" \/>\n<meta property=\"og:locale\" content=\"en_GB\" \/>\n<meta property=\"og:type\" content=\"article\" \/>\n<meta property=\"og:title\" content=\"Om oss - testpage\" \/>\n<meta property=\"og:url\" content=\"https:\/\/testpage.greenpoppy.se\/en\/om-oss\/\" \/>\n<meta property=\"og:site_name\" content=\"testpage\" \/>\n<meta property=\"article:publisher\" content=\"https:\/\/www.facebook.com\/profile.php?id=61554367862205\" \/>\n<meta property=\"article:modified_time\" content=\"2024-07-25T19:51:19+00:00\" \/>\n<meta name=\"twitter:card\" content=\"summary_large_image\" \/>\n<meta name=\"twitter:label1\" content=\"Estimated reading time\" \/>\n\t<meta name=\"twitter:data1\" content=\"4 minutes\" \/>\n<script type=\"application\/ld+json\" class=\"yoast-schema-graph\">{\"@context\":\"https:\/\/schema.org\",\"@graph\":[{\"@type\":\"WebPage\",\"@id\":\"https:\/\/testpage.greenpoppy.se\/om-oss\/\",\"url\":\"https:\/\/testpage.greenpoppy.se\/om-oss\/\",\"name\":\"Om oss - testpage\",\"isPartOf\":{\"@id\":\"https:\/\/testpage.greenpoppy.se\/#website\"},\"datePublished\":\"2024-01-23T09:26:42+00:00\",\"dateModified\":\"2024-07-25T19:51:19+00:00\",\"breadcrumb\":{\"@id\":\"https:\/\/testpage.greenpoppy.se\/om-oss\/#breadcrumb\"},\"inLanguage\":\"en-GB\",\"potentialAction\":[{\"@type\":\"ReadAction\",\"target\":[\"https:\/\/testpage.greenpoppy.se\/om-oss\/\"]}]},{\"@type\":\"BreadcrumbList\",\"@id\":\"https:\/\/testpage.greenpoppy.se\/om-oss\/#breadcrumb\",\"itemListElement\":[{\"@type\":\"ListItem\",\"position\":1,\"name\":\"Hem\",\"item\":\"https:\/\/testpage.greenpoppy.se\/\"},{\"@type\":\"ListItem\",\"position\":2,\"name\":\"Om oss\"}]},{\"@type\":\"WebSite\",\"@id\":\"https:\/\/testpage.greenpoppy.se\/#website\",\"url\":\"https:\/\/testpage.greenpoppy.se\/\",\"name\":\"Green Poppy\",\"description\":\"H\u00e5llbara och \u00e5teranv\u00e4ndbara tygbl\u00f6jor\",\"publisher\":{\"@id\":\"https:\/\/testpage.greenpoppy.se\/#organization\"},\"potentialAction\":[{\"@type\":\"SearchAction\",\"target\":{\"@type\":\"EntryPoint\",\"urlTemplate\":\"https:\/\/testpage.greenpoppy.se\/?s={search_term_string}\"},\"query-input\":{\"@type\":\"PropertyValueSpecification\",\"valueRequired\":true,\"valueName\":\"search_term_string\"}}],\"inLanguage\":\"en-GB\"},{\"@type\":\"Organization\",\"@id\":\"https:\/\/testpage.greenpoppy.se\/#organization\",\"name\":\"Green Poppy\",\"url\":\"https:\/\/testpage.greenpoppy.se\/\",\"logo\":{\"@type\":\"ImageObject\",\"inLanguage\":\"en-GB\",\"@id\":\"https:\/\/testpage.greenpoppy.se\/#\/schema\/logo\/image\/\",\"url\":\"https:\/\/testpage.greenpoppy.se\/wp-content\/uploads\/2024\/01\/Logga_Officiell.svg\",\"contentUrl\":\"https:\/\/testpage.greenpoppy.se\/wp-content\/uploads\/2024\/01\/Logga_Officiell.svg\",\"width\":1,\"height\":1,\"caption\":\"Green Poppy\"},\"image\":{\"@id\":\"https:\/\/testpage.greenpoppy.se\/#\/schema\/logo\/image\/\"},\"sameAs\":[\"https:\/\/www.facebook.com\/profile.php?id=61554367862205\",\"https:\/\/www.instagram.com\/greenpoppy.se\/\"]}]}<\/script>\n<!-- \/ Yoast SEO plugin. -->","yoast_head_json":{"title":"Om oss - testpage","robots":{"index":"noindex","follow":"follow","max-snippet":"max-snippet:-1","max-image-preview":"max-image-preview:large","max-video-preview":"max-video-preview:-1"},"og_locale":"en_GB","og_type":"article","og_title":"Om oss - testpage","og_url":"https:\/\/testpage.greenpoppy.se\/en\/om-oss\/","og_site_name":"testpage","article_publisher":"https:\/\/www.facebook.com\/profile.php?id=61554367862205","article_modified_time":"2024-07-25T19:51:19+00:00","twitter_card":"summary_large_image","twitter_misc":{"Estimated reading time":"4 minutes"},"schema":{"@context":"https:\/\/schema.org","@graph":[{"@type":"WebPage","@id":"https:\/\/testpage.greenpoppy.se\/om-oss\/","url":"https:\/\/testpage.greenpoppy.se\/om-oss\/","name":"Om oss - testpage","isPartOf":{"@id":"https:\/\/testpage.greenpoppy.se\/#website"},"datePublished":"2024-01-23T09:26:42+00:00","dateModified":"2024-07-25T19:51:19+00:00","breadcrumb":{"@id":"https:\/\/testpage.greenpoppy.se\/om-oss\/#breadcrumb"},"inLanguage":"en-GB","potentialAction":[{"@type":"ReadAction","target":["https:\/\/testpage.greenpoppy.se\/om-oss\/"]}]},{"@type":"BreadcrumbList","@id":"https:\/\/testpage.greenpoppy.se\/om-oss\/#breadcrumb","itemListElement":[{"@type":"ListItem","position":1,"name":"Hem","item":"https:\/\/testpage.greenpoppy.se\/"},{"@type":"ListItem","position":2,"name":"Om oss"}]},{"@type":"WebSite","@id":"https:\/\/testpage.greenpoppy.se\/#website","url":"https:\/\/testpage.greenpoppy.se\/","name":"Green Poppy","description":"H\u00e5llbara och \u00e5teranv\u00e4ndbara tygbl\u00f6jor","publisher":{"@id":"https:\/\/testpage.greenpoppy.se\/#organization"},"potentialAction":[{"@type":"SearchAction","target":{"@type":"EntryPoint","urlTemplate":"https:\/\/testpage.greenpoppy.se\/?s={search_term_string}"},"query-input":{"@type":"PropertyValueSpecification","valueRequired":true,"valueName":"search_term_string"}}],"inLanguage":"en-GB"},{"@type":"Organization","@id":"https:\/\/testpage.greenpoppy.se\/#organization","name":"Green Poppy","url":"https:\/\/testpage.greenpoppy.se\/","logo":{"@type":"ImageObject","inLanguage":"en-GB","@id":"https:\/\/testpage.greenpoppy.se\/#\/schema\/logo\/image\/","url":"https:\/\/testpage.greenpoppy.se\/wp-content\/uploads\/2024\/01\/Logga_Officiell.svg","contentUrl":"https:\/\/testpage.greenpoppy.se\/wp-content\/uploads\/2024\/01\/Logga_Officiell.svg","width":1,"height":1,"caption":"Green Poppy"},"image":{"@id":"https:\/\/testpage.greenpoppy.se\/#\/schema\/logo\/image\/"},"sameAs":["https:\/\/www.facebook.com\/profile.php?id=61554367862205","https:\/\/www.instagram.com\/greenpoppy.se\/"]}]}},"_links":{"self":[{"href":"https:\/\/testpage.greenpoppy.se\/en\/wp-json\/wp\/v2\/pages\/937","targetHints":{"allow":["GET"]}}],"collection":[{"href":"https:\/\/testpage.greenpoppy.se\/en\/wp-json\/wp\/v2\/pages"}],"about":[{"href":"https:\/\/testpage.greenpoppy.se\/en\/wp-json\/wp\/v2\/types\/page"}],"author":[{"embeddable":true,"href":"https:\/\/testpage.greenpoppy.se\/en\/wp-json\/wp\/v2\/users\/1"}],"replies":[{"embeddable":true,"href":"https:\/\/testpage.greenpoppy.se\/en\/wp-json\/wp\/v2\/comments?post=937"}],"version-history":[{"count":16,"href":"https:\/\/testpage.greenpoppy.se\/en\/wp-json\/wp\/v2\/pages\/937\/revisions"}],"predecessor-version":[{"id":2109,"href":"https:\/\/testpage.greenpoppy.se\/en\/wp-json\/wp\/v2\/pages\/937\/revisions\/2109"}],"wp:attachment":[{"href":"https:\/\/testpage.greenpoppy.se\/en\/wp-json\/wp\/v2\/media?parent=937"}],"curies":[{"name":"wp","href":"https:\/\/api.w.org\/{rel}","templated":true}]}}