{"id":791,"date":"2024-01-09T20:18:52","date_gmt":"2024-01-09T19:18:52","guid":{"rendered":"https:\/\/testpage.greenpoppy.se\/?page_id=791"},"modified":"2024-09-23T22:22:24","modified_gmt":"2024-09-23T20:22:24","slug":"pengar-och-tygblojor","status":"publish","type":"page","link":"https:\/\/testpage.greenpoppy.se\/en\/pengar-och-tygblojor\/","title":{"rendered":"Pengar och tygbl\u00f6jor"},"content":{"rendered":"<div class=\"row row-collapse row-full-width\"  id=\"row-718574112\">\n\n\n\t<div id=\"col-218504991\" class=\"col small-12 large-12\"  >\n\t\t\t\t<div class=\"col-inner text-center\" style=\"background-color:#989d78;\" >\n\t\t\t\n\t\t\t\n\n\n\t<section class=\"section dark\" id=\"section_1335148964\">\n\t\t<div class=\"section-bg fill\" >\n\t\t\t<img decoding=\"async\" width=\"1400\" height=\"933\" data-src=\"https:\/\/testpage.greenpoppy.se\/wp-content\/uploads\/2024\/07\/IMG_0050-1.jpg\" class=\"bg attachment- size- lazyload\" alt=\"\" src=\"data:image\/gif;base64,R0lGODlhAQABAAAAACH5BAEKAAEALAAAAAABAAEAAAICTAEAOw==\" style=\"--smush-placeholder-width: 1400px; --smush-placeholder-aspect-ratio: 1400\/933;\" \/>\t\t\t\t\t\t<div class=\"section-bg-overlay absolute fill\"><\/div>\n\t\t\t\n\n\t\t<\/div>\n\n\t\t\n\n\t\t<div class=\"section-content relative\">\n\t\t\t\n\n<div class=\"row row-collapse\"  id=\"row-889160894\">\n\n\n\t<div id=\"col-82087410\" class=\"col small-12 large-12\"  >\n\t\t\t\t<div class=\"col-inner\"  >\n\t\t\t\n\t\t\t\n\n<h2><span style=\"font-size: 160%;\">Cloth diapers and money<\/span><\/h2>\n<p><span style=\"font-size: 17.280001px;\">Are cloth diapers a gold mine?<\/span><\/p>\n\n\t\t<\/div>\n\t\t\t\t\t<\/div>\n\n\t\n\n<\/div>\n\n\t\t<\/div>\n\n\t\t\n<style>\n#section_1335148964 {\n  padding-top: 154px;\n  padding-bottom: 154px;\n}\n#section_1335148964 .section-bg-overlay {\n  background-color: rgba(0,0,0,.5);\n}\n#section_1335148964 .section-bg img {\n  object-position: 59% 52%;\n}\n<\/style>\n\t<\/section>\n\t\n\n\t\t<\/div>\n\t\t\t\t\n<style>\n#col-218504991 > .col-inner {\n  margin: 0px 0px 0px 0px;\n}\n<\/style>\n\t<\/div>\n\n\t\n\n\n<style>\n#row-718574112 > .col > .col-inner {\n  padding: 0px 0px 0px 0px;\n  background-color: rgb(254, 186, 219);\n}\n<\/style>\n<\/div>\n\n\t<section class=\"section\" id=\"section_1133785053\">\n\t\t<div class=\"section-bg fill\" >\n\t\t\t\t\t\t\t\t\t\n\t\t\t\n\n\t\t<\/div>\n\n\t\t\n\n\t\t<div class=\"section-content relative\">\n\t\t\t\n\n<div class=\"row row-collapse row-full-width align-center\"  id=\"row-1509711790\">\n\n\n\t<div id=\"col-18809288\" class=\"col medium-8 small-10 large-9\"  >\n\t\t\t\t<div class=\"col-inner text-center\"  >\n\t\t\t\n\t\t\t\n\n<h2 style=\"text-align: center;\">Spara pengar med tygbl\u00f6jor<\/h2>\n<p style=\"text-align: center;\">Are you ready for some hard facts, cold facts, black-and-white facts about how much money you can save with cloth diapers?<\/p>\n<p style=\"text-align: center;\">If you Google \"how many diapers does a child use,\" you'll find numbers ranging from 2000 to 10,000 diapers. That's a significant variation! Factors like how often a child poops and the age at which they become diaper-free influence these numbers. In Sweden, the average age for diaper independence has doubled in the last 50 years and is now around 3.5 years.<\/p>\n\n\t\t<\/div>\n\t\t\t\t\t<\/div>\n\n\t\n\n\n<style>\n#row-1509711790 > .col > .col-inner {\n  background-color: rgb(236, 230, 216);\n}\n<\/style>\n<\/div>\n<div class=\"row row-collapse row-full-width align-center\"  id=\"row-1466167290\">\n\n\n\t<div id=\"col-1327866427\" class=\"col medium-8 small-10 large-9\"  >\n\t\t\t\t<div class=\"col-inner text-center\"  >\n\t\t\t\n\t\t\t\n\n\t<div class=\"img has-hover x md-x lg-x y md-y lg-y\" id=\"image_824242479\">\n\t\t\t\t\t\t\t\t<div class=\"img-inner dark\" >\n\t\t\t<img decoding=\"async\" width=\"1020\" height=\"680\" data-src=\"https:\/\/testpage.greenpoppy.se\/wp-content\/uploads\/2024\/09\/IMG_7609.jpg\" class=\"attachment-large size-large lazyload\" alt=\"ett barn i h\u00f6stl\u00f6v som har tygbl\u00f6ja p\u00e5 sig\" data-srcset=\"https:\/\/testpage.greenpoppy.se\/wp-content\/uploads\/2024\/09\/IMG_7609.jpg 1200w, https:\/\/testpage.greenpoppy.se\/wp-content\/uploads\/2024\/09\/IMG_7609-475x317.jpg 475w, https:\/\/testpage.greenpoppy.se\/wp-content\/uploads\/2024\/09\/IMG_7609-600x400.jpg 600w, https:\/\/testpage.greenpoppy.se\/wp-content\/uploads\/2024\/09\/IMG_7609-768x512.jpg 768w, https:\/\/testpage.greenpoppy.se\/wp-content\/uploads\/2024\/09\/IMG_7609-18x12.jpg 18w\" data-sizes=\"(max-width: 1020px) 100vw, 1020px\" src=\"data:image\/gif;base64,R0lGODlhAQABAAAAACH5BAEKAAEALAAAAAABAAEAAAICTAEAOw==\" style=\"--smush-placeholder-width: 1020px; --smush-placeholder-aspect-ratio: 1020\/680;\" \/>\t\t\t\t\t\t\n\t\t\t\t\t<\/div>\n\t\t\t\t\t\t\t\t\n<style>\n#image_824242479 {\n  width: 100%;\n}\n<\/style>\n\t<\/div>\n\t\n\n\n\t\t<\/div>\n\t\t\t\t\t<\/div>\n\n\t\n\n\n<style>\n#row-1466167290 > .col > .col-inner {\n  background-color: rgb(255, 255, 255);\n}\n<\/style>\n<\/div>\n<div class=\"row row-collapse row-full-width align-center\"  id=\"row-672762155\">\n\n\n\t<div id=\"col-1992856328\" class=\"col medium-8 small-10 large-9\"  >\n\t\t\t\t<div class=\"col-inner text-center\"  >\n\t\t\t\n\t\t\t\n\n<h2 style=\"text-align: center;\">My Own Numbers<\/h2>\n<p style=\"text-align: center;\">The following figures regarding the number of diapers per child are based on my own two diapered children, surveys from friends and online groups, and internet searches. While not a scientific study, these numbers are applicable to many families. <strong>Keep in mind that the total is based on the assumption that the child uses diapers every day for 3.5 years.<\/strong><\/p>\n<h2 style=\"text-align: center;\">L\u00f6pande utgifter eller allt p\u00e5 en g\u00e5ng?<\/h2>\n<p style=\"text-align: center;\">It's important to discuss the perception that cloth diapers are expensive. While the upfront cost may seem high, cloth diapers can last the entire diapering period with just one purchase. Cloth diapers come in One Size, fitting approximately 4-16 kilograms. In contrast, disposable diapers require changing sizes as the child grows.<\/p>\n\n\t\t<\/div>\n\t\t\t\t\t<\/div>\n\n\t\n\n\n<style>\n#row-672762155 > .col > .col-inner {\n  background-color: rgb(236, 230, 216);\n}\n<\/style>\n<\/div>\n<div class=\"row row-collapse row-full-width align-center\"  id=\"row-1204593535\">\n\n\n\t<div id=\"col-1206919160\" class=\"col medium-8 small-10 large-9\"  >\n\t\t\t\t<div class=\"col-inner text-center\"  >\n\t\t\t\n\t\t\t\n\n<h2 style=\"text-align: center;\">How Many Diapers Does a Child Use?<\/h2>\n<p style=\"text-align: center;\">Many new parents are shocked by how frequently diapers need changing for a newborn. Some babies poop <strong>all<\/strong> the time. It is not uncommon to change diapers 15-20 times a day during the first few weeks. Some change them less frequently, of course. We can estimate an average of 10 diapers a day for the first month. This decreases after the first few weeks and is very individual, but an average of eight diapers a day is usually calculated from the second month until the introduction of solid foods, around six months of age. After about one year, we reach an average of six diapers a day.<\/p>\n<p style=\"text-align: center;\">In Sweden, children, on average, use diapers until 3.5 years of age. Considering these figures, the total comes to: <strong>8040 diapers.<\/strong><\/p>\n\n\t\t<\/div>\n\t\t\t\t\t<\/div>\n\n\t\n\n\n<style>\n#row-1204593535 > .col > .col-inner {\n  background-color: rgb(236, 230, 216);\n}\n<\/style>\n<\/div>\n<div class=\"row row-collapse row-full-width align-center\"  id=\"row-1073165979\">\n\n\n\t<div id=\"col-454437863\" class=\"col medium-8 small-10 large-9\"  >\n\t\t\t\t<div class=\"col-inner text-center\"  >\n\t\t\t\n\t\t\t\n\n<h2 style=\"text-align: center;\">Prices for Disposable Diapers<\/h2>\n<p style=\"text-align: center;\">According to prices at Ica Maxi in Eskilstuna in January 2024, the average price for open diapers is 2.97 SEK\/piece, and for pull-up diapers, it's 3.50 SEK\/piece. The average price for these two categories is 3.23 SEK\/diaper.<\/p>\n<p style=\"text-align: center;\">Om vi d\u00e5 tar 8040 bl\u00f6jor g\u00e5nger 3,23 kronor f\u00e5r vi fram att en total summa f\u00f6r eng\u00e5ngsbl\u00f6jor i <br \/>3,5 \u00e5r \u00e4r: <strong>25 969 SEK.<\/strong><\/p>\n<p style=\"text-align: center;\">This cost can of course be lower if you use discount coupons and special offers, or actively choose the lowest priced diapers. For example, if you only use ICA's own diapers, which are among the cheaper options, the average price per diaper is 2.12 kronor. Multiplying this by 8040 diapers gives us a <strong>total price of 17 044 SEK.<\/strong><\/p>\n<h2 style=\"text-align: center;\">Costs for Cloth Diapers<\/h2>\n<p style=\"text-align: center;\">Anv\u00e4nder man pocketbl\u00f6jor och har ett snitt p\u00e5 8 bl\u00f6jbyten per dag och vill tv\u00e4tta var tredje dag kr\u00e4vs det allts\u00e5 24 bl\u00f6jor. Man vill kanske ha ett par extra, f\u00f6r att t\u00e4cka torkdag. 30 pocketbl\u00f6jor brukar vara det antal man s\u00e4ger n\u00e4r man pratar om att ha pockets p\u00e5 heltid. Hos Green Poppy kostar en pocketbl\u00f6ja med tv\u00e5 medf\u00f6ljande inl\u00e4gg (allts\u00e5 komplett) 239 kronor. Detta ger oss en total kostnad om 7170 kronor.<\/p>\n<p style=\"text-align: center;\"><strong>Detta inneb\u00e4r allts\u00e5 att du med tygbl\u00f6jor kan spara 18 799 kronor (!!!). <\/strong><\/p>\n<p style=\"text-align: center;\">Even if you only use the cheaper disposable diapers, you can still save 9679 SEK! <strong>9874 kronor<\/strong> .<\/p>\n<h2 style=\"text-align: center;\">Reuse Again and Again<\/h2>\n<p style=\"text-align: center;\">Let\u2019s say you have another child who uses diapers for the same amount of time. This would mean double the cost for disposable diapers, totaling 51,938 SEK. However, the cost for cloth diapers would not increase, as you can use the same diapers for at least two children. <strong>Detta blir d\u00e5 en besparing p\u00e5 37 598 kronor.<\/strong><\/p>\n<p style=\"text-align: center;\">Once the diapering period is over, and the children are diaper-free, there's a thriving second-hand market, and you can get back thousands of SEK for your used cloth diapers.<\/p>\n<p style=\"text-align: center;\">Yes, the upfront cost of buying cloth diapers may be higher, but you avoid continuously buying new diapers, and in the long run, there are many, many SEK to be saved.<\/p>\n<p>\u00a0<\/p>\n\n\t\t<\/div>\n\t\t\t\t\t<\/div>\n\n\t\n\n\n<style>\n#row-1073165979 > .col > .col-inner {\n  background-color: rgb(236, 230, 216);\n}\n<\/style>\n<\/div>\n<div class=\"row row-collapse row-full-width align-center\"  id=\"row-1421481747\">\n\n\n\t<div id=\"col-1644794286\" class=\"col medium-8 small-10 large-9\"  >\n\t\t\t\t<div class=\"col-inner text-center\"  >\n\t\t\t\n\t\t\t\n\n\t<div class=\"img has-hover x md-x lg-x y md-y lg-y\" id=\"image_534463815\">\n\t\t\t\t\t\t\t\t<div class=\"img-inner dark\" >\n\t\t\t<img decoding=\"async\" width=\"800\" height=\"800\" data-src=\"https:\/\/testpage.greenpoppy.se\/wp-content\/uploads\/2024\/09\/Tygblojor-pengar-Instagram-inlagg-2-800x800.png\" class=\"attachment-large size-large lazyload\" alt=\"infografik \u00f6ver hur mycket pengar man kan spara p\u00e5 att anv\u00e4nda tygbl\u00f6jor\" data-srcset=\"https:\/\/testpage.greenpoppy.se\/wp-content\/uploads\/2024\/09\/Tygblojor-pengar-Instagram-inlagg-2-800x800.png 800w, https:\/\/testpage.greenpoppy.se\/wp-content\/uploads\/2024\/09\/Tygblojor-pengar-Instagram-inlagg-2-247x247.png 247w, https:\/\/testpage.greenpoppy.se\/wp-content\/uploads\/2024\/09\/Tygblojor-pengar-Instagram-inlagg-2-100x100.png 100w, https:\/\/testpage.greenpoppy.se\/wp-content\/uploads\/2024\/09\/Tygblojor-pengar-Instagram-inlagg-2-475x475.png 475w, https:\/\/testpage.greenpoppy.se\/wp-content\/uploads\/2024\/09\/Tygblojor-pengar-Instagram-inlagg-2-400x400.png 400w, https:\/\/testpage.greenpoppy.se\/wp-content\/uploads\/2024\/09\/Tygblojor-pengar-Instagram-inlagg-2-280x280.png 280w, https:\/\/testpage.greenpoppy.se\/wp-content\/uploads\/2024\/09\/Tygblojor-pengar-Instagram-inlagg-2-768x768.png 768w, https:\/\/testpage.greenpoppy.se\/wp-content\/uploads\/2024\/09\/Tygblojor-pengar-Instagram-inlagg-2-12x12.png 12w, https:\/\/testpage.greenpoppy.se\/wp-content\/uploads\/2024\/09\/Tygblojor-pengar-Instagram-inlagg-2.png 1080w\" data-sizes=\"(max-width: 800px) 100vw, 800px\" src=\"data:image\/gif;base64,R0lGODlhAQABAAAAACH5BAEKAAEALAAAAAABAAEAAAICTAEAOw==\" style=\"--smush-placeholder-width: 800px; --smush-placeholder-aspect-ratio: 800\/800;\" \/>\t\t\t\t\t\t\n\t\t\t\t\t<\/div>\n\t\t\t\t\t\t\t\t\n<style>\n#image_534463815 {\n  width: 100%;\n}\n<\/style>\n\t<\/div>\n\t\n\n\n\t\t<\/div>\n\t\t\t\t\t<\/div>\n\n\t\n\n\n<style>\n#row-1421481747 > .col > .col-inner {\n  background-color: rgb(255, 255, 255);\n}\n<\/style>\n<\/div>\n\n\t\t<\/div>\n\n\t\t\n<style>\n#section_1133785053 {\n  padding-top: 10px;\n  padding-bottom: 10px;\n}\n@media (min-width:550px) {\n  #section_1133785053 {\n    padding-top: 80px;\n    padding-bottom: 80px;\n  }\n}\n<\/style>\n\t<\/section>","protected":false},"excerpt":{"rendered":"","protected":false},"author":1,"featured_media":0,"parent":0,"menu_order":0,"comment_status":"closed","ping_status":"closed","template":"page-blank.php","meta":{"footnotes":""},"class_list":["post-791","page","type-page","status-publish","hentry"],"yoast_head":"<!-- This site is optimized with the Yoast SEO plugin v24.4 - https:\/\/yoast.com\/wordpress\/plugins\/seo\/ -->\n<title>Pengar och tygbl\u00f6jor - testpage<\/title>\n<meta name=\"robots\" content=\"noindex, follow, max-snippet:-1, max-image-preview:large, max-video-preview:-1\" \/>\n<meta property=\"og:locale\" content=\"en_GB\" \/>\n<meta property=\"og:type\" content=\"article\" \/>\n<meta property=\"og:title\" content=\"Pengar och tygbl\u00f6jor - testpage\" \/>\n<meta property=\"og:url\" content=\"https:\/\/testpage.greenpoppy.se\/en\/pengar-och-tygblojor\/\" \/>\n<meta property=\"og:site_name\" content=\"testpage\" \/>\n<meta property=\"article:publisher\" content=\"https:\/\/www.facebook.com\/profile.php?id=61554367862205\" \/>\n<meta property=\"article:modified_time\" content=\"2024-09-23T20:22:24+00:00\" \/>\n<meta name=\"twitter:card\" content=\"summary_large_image\" \/>\n<meta name=\"twitter:label1\" content=\"Estimated reading time\" \/>\n\t<meta name=\"twitter:data1\" content=\"5 minutes\" \/>\n<script type=\"application\/ld+json\" class=\"yoast-schema-graph\">{\"@context\":\"https:\/\/schema.org\",\"@graph\":[{\"@type\":\"WebPage\",\"@id\":\"https:\/\/testpage.greenpoppy.se\/pengar-och-tygblojor\/\",\"url\":\"https:\/\/testpage.greenpoppy.se\/pengar-och-tygblojor\/\",\"name\":\"Pengar och tygbl\u00f6jor - testpage\",\"isPartOf\":{\"@id\":\"https:\/\/testpage.greenpoppy.se\/#website\"},\"datePublished\":\"2024-01-09T19:18:52+00:00\",\"dateModified\":\"2024-09-23T20:22:24+00:00\",\"breadcrumb\":{\"@id\":\"https:\/\/testpage.greenpoppy.se\/pengar-och-tygblojor\/#breadcrumb\"},\"inLanguage\":\"en-GB\",\"potentialAction\":[{\"@type\":\"ReadAction\",\"target\":[\"https:\/\/testpage.greenpoppy.se\/pengar-och-tygblojor\/\"]}]},{\"@type\":\"BreadcrumbList\",\"@id\":\"https:\/\/testpage.greenpoppy.se\/pengar-och-tygblojor\/#breadcrumb\",\"itemListElement\":[{\"@type\":\"ListItem\",\"position\":1,\"name\":\"Hem\",\"item\":\"https:\/\/testpage.greenpoppy.se\/\"},{\"@type\":\"ListItem\",\"position\":2,\"name\":\"Pengar och tygbl\u00f6jor\"}]},{\"@type\":\"WebSite\",\"@id\":\"https:\/\/testpage.greenpoppy.se\/#website\",\"url\":\"https:\/\/testpage.greenpoppy.se\/\",\"name\":\"Green Poppy\",\"description\":\"H\u00e5llbara och \u00e5teranv\u00e4ndbara tygbl\u00f6jor\",\"publisher\":{\"@id\":\"https:\/\/testpage.greenpoppy.se\/#organization\"},\"potentialAction\":[{\"@type\":\"SearchAction\",\"target\":{\"@type\":\"EntryPoint\",\"urlTemplate\":\"https:\/\/testpage.greenpoppy.se\/?s={search_term_string}\"},\"query-input\":{\"@type\":\"PropertyValueSpecification\",\"valueRequired\":true,\"valueName\":\"search_term_string\"}}],\"inLanguage\":\"en-GB\"},{\"@type\":\"Organization\",\"@id\":\"https:\/\/testpage.greenpoppy.se\/#organization\",\"name\":\"Green Poppy\",\"url\":\"https:\/\/testpage.greenpoppy.se\/\",\"logo\":{\"@type\":\"ImageObject\",\"inLanguage\":\"en-GB\",\"@id\":\"https:\/\/testpage.greenpoppy.se\/#\/schema\/logo\/image\/\",\"url\":\"https:\/\/testpage.greenpoppy.se\/wp-content\/uploads\/2024\/01\/Logga_Officiell.svg\",\"contentUrl\":\"https:\/\/testpage.greenpoppy.se\/wp-content\/uploads\/2024\/01\/Logga_Officiell.svg\",\"width\":1,\"height\":1,\"caption\":\"Green Poppy\"},\"image\":{\"@id\":\"https:\/\/testpage.greenpoppy.se\/#\/schema\/logo\/image\/\"},\"sameAs\":[\"https:\/\/www.facebook.com\/profile.php?id=61554367862205\",\"https:\/\/www.instagram.com\/greenpoppy.se\/\"]}]}<\/script>\n<!-- \/ Yoast SEO plugin. -->","yoast_head_json":{"title":"Pengar och tygbl\u00f6jor - testpage","robots":{"index":"noindex","follow":"follow","max-snippet":"max-snippet:-1","max-image-preview":"max-image-preview:large","max-video-preview":"max-video-preview:-1"},"og_locale":"en_GB","og_type":"article","og_title":"Pengar och tygbl\u00f6jor - testpage","og_url":"https:\/\/testpage.greenpoppy.se\/en\/pengar-och-tygblojor\/","og_site_name":"testpage","article_publisher":"https:\/\/www.facebook.com\/profile.php?id=61554367862205","article_modified_time":"2024-09-23T20:22:24+00:00","twitter_card":"summary_large_image","twitter_misc":{"Estimated reading time":"5 minutes"},"schema":{"@context":"https:\/\/schema.org","@graph":[{"@type":"WebPage","@id":"https:\/\/testpage.greenpoppy.se\/pengar-och-tygblojor\/","url":"https:\/\/testpage.greenpoppy.se\/pengar-och-tygblojor\/","name":"Pengar och tygbl\u00f6jor - testpage","isPartOf":{"@id":"https:\/\/testpage.greenpoppy.se\/#website"},"datePublished":"2024-01-09T19:18:52+00:00","dateModified":"2024-09-23T20:22:24+00:00","breadcrumb":{"@id":"https:\/\/testpage.greenpoppy.se\/pengar-och-tygblojor\/#breadcrumb"},"inLanguage":"en-GB","potentialAction":[{"@type":"ReadAction","target":["https:\/\/testpage.greenpoppy.se\/pengar-och-tygblojor\/"]}]},{"@type":"BreadcrumbList","@id":"https:\/\/testpage.greenpoppy.se\/pengar-och-tygblojor\/#breadcrumb","itemListElement":[{"@type":"ListItem","position":1,"name":"Hem","item":"https:\/\/testpage.greenpoppy.se\/"},{"@type":"ListItem","position":2,"name":"Pengar och tygbl\u00f6jor"}]},{"@type":"WebSite","@id":"https:\/\/testpage.greenpoppy.se\/#website","url":"https:\/\/testpage.greenpoppy.se\/","name":"Green Poppy","description":"H\u00e5llbara och \u00e5teranv\u00e4ndbara tygbl\u00f6jor","publisher":{"@id":"https:\/\/testpage.greenpoppy.se\/#organization"},"potentialAction":[{"@type":"SearchAction","target":{"@type":"EntryPoint","urlTemplate":"https:\/\/testpage.greenpoppy.se\/?s={search_term_string}"},"query-input":{"@type":"PropertyValueSpecification","valueRequired":true,"valueName":"search_term_string"}}],"inLanguage":"en-GB"},{"@type":"Organization","@id":"https:\/\/testpage.greenpoppy.se\/#organization","name":"Green Poppy","url":"https:\/\/testpage.greenpoppy.se\/","logo":{"@type":"ImageObject","inLanguage":"en-GB","@id":"https:\/\/testpage.greenpoppy.se\/#\/schema\/logo\/image\/","url":"https:\/\/testpage.greenpoppy.se\/wp-content\/uploads\/2024\/01\/Logga_Officiell.svg","contentUrl":"https:\/\/testpage.greenpoppy.se\/wp-content\/uploads\/2024\/01\/Logga_Officiell.svg","width":1,"height":1,"caption":"Green Poppy"},"image":{"@id":"https:\/\/testpage.greenpoppy.se\/#\/schema\/logo\/image\/"},"sameAs":["https:\/\/www.facebook.com\/profile.php?id=61554367862205","https:\/\/www.instagram.com\/greenpoppy.se\/"]}]}},"_links":{"self":[{"href":"https:\/\/testpage.greenpoppy.se\/en\/wp-json\/wp\/v2\/pages\/791","targetHints":{"allow":["GET"]}}],"collection":[{"href":"https:\/\/testpage.greenpoppy.se\/en\/wp-json\/wp\/v2\/pages"}],"about":[{"href":"https:\/\/testpage.greenpoppy.se\/en\/wp-json\/wp\/v2\/types\/page"}],"author":[{"embeddable":true,"href":"https:\/\/testpage.greenpoppy.se\/en\/wp-json\/wp\/v2\/users\/1"}],"replies":[{"embeddable":true,"href":"https:\/\/testpage.greenpoppy.se\/en\/wp-json\/wp\/v2\/comments?post=791"}],"version-history":[{"count":11,"href":"https:\/\/testpage.greenpoppy.se\/en\/wp-json\/wp\/v2\/pages\/791\/revisions"}],"predecessor-version":[{"id":2510,"href":"https:\/\/testpage.greenpoppy.se\/en\/wp-json\/wp\/v2\/pages\/791\/revisions\/2510"}],"wp:attachment":[{"href":"https:\/\/testpage.greenpoppy.se\/en\/wp-json\/wp\/v2\/media?parent=791"}],"curies":[{"name":"wp","href":"https:\/\/api.w.org\/{rel}","templated":true}]}}