{"id":788,"date":"2024-01-09T20:15:58","date_gmt":"2024-01-09T19:15:58","guid":{"rendered":"https:\/\/testpage.greenpoppy.se\/?page_id=788"},"modified":"2024-11-30T22:51:54","modified_gmt":"2024-11-30T21:51:54","slug":"nattblojor","status":"publish","type":"page","link":"https:\/\/testpage.greenpoppy.se\/en\/nattblojor\/","title":{"rendered":"Night time"},"content":{"rendered":"<div class=\"row row-collapse row-full-width\"  id=\"row-1217701304\">\n\n\n\t<div id=\"col-77517088\" class=\"col small-12 large-12\"  >\n\t\t\t\t<div class=\"col-inner text-center\" style=\"background-color:#989d78;\" >\n\t\t\t\n\t\t\t\n\n\n\t<section class=\"section dark\" id=\"section_381059105\">\n\t\t<div class=\"section-bg fill\" >\n\t\t\t<img decoding=\"async\" width=\"2560\" height=\"1707\" data-src=\"https:\/\/testpage.greenpoppy.se\/wp-content\/uploads\/2024\/11\/IMG_0030-scaled.jpg\" class=\"bg attachment- size- lazyload\" alt=\"ett litet barn i en korg med en tygbl\u00f6ja\" src=\"data:image\/gif;base64,R0lGODlhAQABAAAAACH5BAEKAAEALAAAAAABAAEAAAICTAEAOw==\" style=\"--smush-placeholder-width: 2560px; --smush-placeholder-aspect-ratio: 2560\/1707;\" \/>\t\t\t\t\t\t<div class=\"section-bg-overlay absolute fill\"><\/div>\n\t\t\t\n\n\t\t<\/div>\n\n\t\t\n\n\t\t<div class=\"section-content relative\">\n\t\t\t\n\n<div class=\"row row-collapse\"  id=\"row-453563348\">\n\n\n\t<div id=\"col-1837588580\" class=\"col small-12 large-12\"  >\n\t\t\t\t<div class=\"col-inner\"  >\n\t\t\t\n\t\t\t\n\n<h2><span style=\"font-size: 160%;\">Night time<\/span><\/h2>\n<p><span style=\"font-size: 17.280001px;\">En guide i hur du kan anv\u00e4nda tygbl\u00f6jor &#8211; \u00e4ven nattetid<\/span><\/p>\n\n\t\t<\/div>\n\t\t\t\t\t<\/div>\n\n\t\n\n<\/div>\n\n\t\t<\/div>\n\n\t\t\n<style>\n#section_381059105 {\n  padding-top: 154px;\n  padding-bottom: 154px;\n}\n#section_381059105 .section-bg-overlay {\n  background-color: rgba(0,0,0,.5);\n}\n#section_381059105 .section-bg img {\n  object-position: 46% 29%;\n}\n<\/style>\n\t<\/section>\n\t\n\n\t\t<\/div>\n\t\t\t\t\n<style>\n#col-77517088 > .col-inner {\n  margin: 0px 0px 0px 0px;\n}\n<\/style>\n\t<\/div>\n\n\t\n\n\n<style>\n#row-1217701304 > .col > .col-inner {\n  padding: 0px 0px 0px 0px;\n  background-color: rgb(254, 186, 219);\n}\n<\/style>\n<\/div>\n\n\t<section class=\"section\" id=\"section_1909837658\">\n\t\t<div class=\"section-bg fill\" >\n\t\t\t\t\t\t\t\t\t\n\t\t\t\n\n\t\t<\/div>\n\n\t\t\n\n\t\t<div class=\"section-content relative\">\n\t\t\t\n\n<div class=\"row row-collapse row-full-width align-center\"  id=\"row-1752591078\">\n\n\n\t<div id=\"col-618571927\" class=\"col medium-7 small-10 large-7\"  >\n\t\t\t\t<div class=\"col-inner text-center\" style=\"background-color:rgb(236, 230, 216);\" >\n\t\t\t\n\t\t\t\n\n<h1>Tybl\u00f6jor p\u00e5 natten<\/h1>\n<p style=\"text-align: center;\">Can you use cloth diapers at night? Yes, you can use your regular cloth diapers, but make sure they have more absorbent material. It's perfectly fine to use pocket diapers at night; boost the diaper with an additional quick-absorbing insert (such as <a href=\"https:\/\/testpage.greenpoppy.se\/en\/product\/inlagg-med-bambu-och-bomull\/\">cotton)<\/a>and an insert that holds more liquid (such as a <a href=\"https:\/\/testpage.greenpoppy.se\/en\/product\/inlagg-hampa\/\">hemp insert).<\/a>).<\/p>\n<h2 style=\"text-align: center;\">Flat diapers at night\u00a0<\/h2>\n<p style=\"text-align: center;\">You can also use <a href=\"https:\/\/testpage.greenpoppy.se\/en\/product-category\/vikblojor\/\">flat diapers<\/a> diapers at night. In prefold diapers, you can add extra inserts for more absorption, such as a <a href=\"https:\/\/testpage.greenpoppy.se\/en\/product\/inlagg-med-bambu-och-bomull\/\">bamboo insert<\/a> and a <a href=\"https:\/\/testpage.greenpoppy.se\/en\/product\/inlagg-hampa\/\">hemp insert).<\/a>If desired, you can add an extra <a href=\"https:\/\/testpage.greenpoppy.se\/en\/product\/torrskikt-awj\/\">stay-dry layer<\/a> closest to the baby's skin.<\/p>\n<p style=\"text-align: center;\">Over the nighttime diaper, it's very beneficial to use diaper covers in wool or PUL (polyurethane laminate). The advantage of wool diaper covers is that they can also absorb liquid, up to 30% of their weight before the wool starts feeling wet!<\/p>\n<h2 style=\"text-align: center;\">Fitted diaper<\/h2>\n<p style=\"text-align: center;\">There is also something called a fitted diaper. Fitted diapers are ideal for nighttime use as the entire diaper consists of absorbent material. Keep an eye on our website; such a product may be launched soon at Green Poppy...<\/p>\n\n\t\t<\/div>\n\t\t\t\t\n<style>\n#col-618571927 > .col-inner {\n  padding: 0px 0px 0px 0px;\n  margin: 0px 0px 0px 0px;\n}\n@media (min-width:550px) {\n  #col-618571927 > .col-inner {\n    padding: 0px 0px 0px 0px;\n    margin: 0px 0px 0px 10px;\n  }\n}\n<\/style>\n\t<\/div>\n\n\t\n\n\n<style>\n#row-1752591078 > .col > .col-inner {\n  padding: 0px 0px 30px 0px;\n  background-color: rgb(255, 255, 255);\n}\n<\/style>\n<\/div>\n\n\t\t<\/div>\n\n\t\t\n<style>\n#section_1909837658 {\n  padding-top: 10px;\n  padding-bottom: 10px;\n}\n@media (min-width:550px) {\n  #section_1909837658 {\n    padding-top: 80px;\n    padding-bottom: 80px;\n  }\n}\n<\/style>\n\t<\/section>","protected":false},"excerpt":{"rendered":"","protected":false},"author":1,"featured_media":0,"parent":0,"menu_order":0,"comment_status":"closed","ping_status":"closed","template":"page-blank.php","meta":{"footnotes":""},"class_list":["post-788","page","type-page","status-publish","hentry"],"yoast_head":"<!-- This site is optimized with the Yoast SEO plugin v24.4 - https:\/\/yoast.com\/wordpress\/plugins\/seo\/ -->\n<title>Nattbl\u00f6jor - testpage<\/title>\n<meta name=\"robots\" content=\"noindex, follow, max-snippet:-1, max-image-preview:large, max-video-preview:-1\" \/>\n<meta property=\"og:locale\" content=\"en_GB\" \/>\n<meta property=\"og:type\" content=\"article\" \/>\n<meta property=\"og:title\" content=\"Nattbl\u00f6jor - testpage\" \/>\n<meta property=\"og:url\" content=\"https:\/\/testpage.greenpoppy.se\/en\/nattblojor\/\" \/>\n<meta property=\"og:site_name\" content=\"testpage\" \/>\n<meta property=\"article:publisher\" content=\"https:\/\/www.facebook.com\/profile.php?id=61554367862205\" \/>\n<meta property=\"article:modified_time\" content=\"2024-11-30T21:51:54+00:00\" \/>\n<meta name=\"twitter:card\" content=\"summary_large_image\" \/>\n<meta name=\"twitter:label1\" content=\"Estimated reading time\" \/>\n\t<meta name=\"twitter:data1\" content=\"2 minutes\" \/>\n<script type=\"application\/ld+json\" class=\"yoast-schema-graph\">{\"@context\":\"https:\/\/schema.org\",\"@graph\":[{\"@type\":\"WebPage\",\"@id\":\"https:\/\/testpage.greenpoppy.se\/nattblojor\/\",\"url\":\"https:\/\/testpage.greenpoppy.se\/nattblojor\/\",\"name\":\"Nattbl\u00f6jor - testpage\",\"isPartOf\":{\"@id\":\"https:\/\/testpage.greenpoppy.se\/#website\"},\"datePublished\":\"2024-01-09T19:15:58+00:00\",\"dateModified\":\"2024-11-30T21:51:54+00:00\",\"breadcrumb\":{\"@id\":\"https:\/\/testpage.greenpoppy.se\/nattblojor\/#breadcrumb\"},\"inLanguage\":\"en-GB\",\"potentialAction\":[{\"@type\":\"ReadAction\",\"target\":[\"https:\/\/testpage.greenpoppy.se\/nattblojor\/\"]}]},{\"@type\":\"BreadcrumbList\",\"@id\":\"https:\/\/testpage.greenpoppy.se\/nattblojor\/#breadcrumb\",\"itemListElement\":[{\"@type\":\"ListItem\",\"position\":1,\"name\":\"Hem\",\"item\":\"https:\/\/testpage.greenpoppy.se\/\"},{\"@type\":\"ListItem\",\"position\":2,\"name\":\"Nattbl\u00f6jor\"}]},{\"@type\":\"WebSite\",\"@id\":\"https:\/\/testpage.greenpoppy.se\/#website\",\"url\":\"https:\/\/testpage.greenpoppy.se\/\",\"name\":\"Green Poppy\",\"description\":\"H\u00e5llbara och \u00e5teranv\u00e4ndbara tygbl\u00f6jor\",\"publisher\":{\"@id\":\"https:\/\/testpage.greenpoppy.se\/#organization\"},\"potentialAction\":[{\"@type\":\"SearchAction\",\"target\":{\"@type\":\"EntryPoint\",\"urlTemplate\":\"https:\/\/testpage.greenpoppy.se\/?s={search_term_string}\"},\"query-input\":{\"@type\":\"PropertyValueSpecification\",\"valueRequired\":true,\"valueName\":\"search_term_string\"}}],\"inLanguage\":\"en-GB\"},{\"@type\":\"Organization\",\"@id\":\"https:\/\/testpage.greenpoppy.se\/#organization\",\"name\":\"Green Poppy\",\"url\":\"https:\/\/testpage.greenpoppy.se\/\",\"logo\":{\"@type\":\"ImageObject\",\"inLanguage\":\"en-GB\",\"@id\":\"https:\/\/testpage.greenpoppy.se\/#\/schema\/logo\/image\/\",\"url\":\"https:\/\/testpage.greenpoppy.se\/wp-content\/uploads\/2024\/01\/Logga_Officiell.svg\",\"contentUrl\":\"https:\/\/testpage.greenpoppy.se\/wp-content\/uploads\/2024\/01\/Logga_Officiell.svg\",\"width\":1,\"height\":1,\"caption\":\"Green Poppy\"},\"image\":{\"@id\":\"https:\/\/testpage.greenpoppy.se\/#\/schema\/logo\/image\/\"},\"sameAs\":[\"https:\/\/www.facebook.com\/profile.php?id=61554367862205\",\"https:\/\/www.instagram.com\/greenpoppy.se\/\"]}]}<\/script>\n<!-- \/ Yoast SEO plugin. -->","yoast_head_json":{"title":"Nattbl\u00f6jor - testpage","robots":{"index":"noindex","follow":"follow","max-snippet":"max-snippet:-1","max-image-preview":"max-image-preview:large","max-video-preview":"max-video-preview:-1"},"og_locale":"en_GB","og_type":"article","og_title":"Nattbl\u00f6jor - testpage","og_url":"https:\/\/testpage.greenpoppy.se\/en\/nattblojor\/","og_site_name":"testpage","article_publisher":"https:\/\/www.facebook.com\/profile.php?id=61554367862205","article_modified_time":"2024-11-30T21:51:54+00:00","twitter_card":"summary_large_image","twitter_misc":{"Estimated reading time":"2 minutes"},"schema":{"@context":"https:\/\/schema.org","@graph":[{"@type":"WebPage","@id":"https:\/\/testpage.greenpoppy.se\/nattblojor\/","url":"https:\/\/testpage.greenpoppy.se\/nattblojor\/","name":"Nattbl\u00f6jor - testpage","isPartOf":{"@id":"https:\/\/testpage.greenpoppy.se\/#website"},"datePublished":"2024-01-09T19:15:58+00:00","dateModified":"2024-11-30T21:51:54+00:00","breadcrumb":{"@id":"https:\/\/testpage.greenpoppy.se\/nattblojor\/#breadcrumb"},"inLanguage":"en-GB","potentialAction":[{"@type":"ReadAction","target":["https:\/\/testpage.greenpoppy.se\/nattblojor\/"]}]},{"@type":"BreadcrumbList","@id":"https:\/\/testpage.greenpoppy.se\/nattblojor\/#breadcrumb","itemListElement":[{"@type":"ListItem","position":1,"name":"Hem","item":"https:\/\/testpage.greenpoppy.se\/"},{"@type":"ListItem","position":2,"name":"Nattbl\u00f6jor"}]},{"@type":"WebSite","@id":"https:\/\/testpage.greenpoppy.se\/#website","url":"https:\/\/testpage.greenpoppy.se\/","name":"Green Poppy","description":"H\u00e5llbara och \u00e5teranv\u00e4ndbara tygbl\u00f6jor","publisher":{"@id":"https:\/\/testpage.greenpoppy.se\/#organization"},"potentialAction":[{"@type":"SearchAction","target":{"@type":"EntryPoint","urlTemplate":"https:\/\/testpage.greenpoppy.se\/?s={search_term_string}"},"query-input":{"@type":"PropertyValueSpecification","valueRequired":true,"valueName":"search_term_string"}}],"inLanguage":"en-GB"},{"@type":"Organization","@id":"https:\/\/testpage.greenpoppy.se\/#organization","name":"Green Poppy","url":"https:\/\/testpage.greenpoppy.se\/","logo":{"@type":"ImageObject","inLanguage":"en-GB","@id":"https:\/\/testpage.greenpoppy.se\/#\/schema\/logo\/image\/","url":"https:\/\/testpage.greenpoppy.se\/wp-content\/uploads\/2024\/01\/Logga_Officiell.svg","contentUrl":"https:\/\/testpage.greenpoppy.se\/wp-content\/uploads\/2024\/01\/Logga_Officiell.svg","width":1,"height":1,"caption":"Green Poppy"},"image":{"@id":"https:\/\/testpage.greenpoppy.se\/#\/schema\/logo\/image\/"},"sameAs":["https:\/\/www.facebook.com\/profile.php?id=61554367862205","https:\/\/www.instagram.com\/greenpoppy.se\/"]}]}},"_links":{"self":[{"href":"https:\/\/testpage.greenpoppy.se\/en\/wp-json\/wp\/v2\/pages\/788","targetHints":{"allow":["GET"]}}],"collection":[{"href":"https:\/\/testpage.greenpoppy.se\/en\/wp-json\/wp\/v2\/pages"}],"about":[{"href":"https:\/\/testpage.greenpoppy.se\/en\/wp-json\/wp\/v2\/types\/page"}],"author":[{"embeddable":true,"href":"https:\/\/testpage.greenpoppy.se\/en\/wp-json\/wp\/v2\/users\/1"}],"replies":[{"embeddable":true,"href":"https:\/\/testpage.greenpoppy.se\/en\/wp-json\/wp\/v2\/comments?post=788"}],"version-history":[{"count":8,"href":"https:\/\/testpage.greenpoppy.se\/en\/wp-json\/wp\/v2\/pages\/788\/revisions"}],"predecessor-version":[{"id":2803,"href":"https:\/\/testpage.greenpoppy.se\/en\/wp-json\/wp\/v2\/pages\/788\/revisions\/2803"}],"wp:attachment":[{"href":"https:\/\/testpage.greenpoppy.se\/en\/wp-json\/wp\/v2\/media?parent=788"}],"curies":[{"name":"wp","href":"https:\/\/api.w.org\/{rel}","templated":true}]}}