{"id":781,"date":"2024-01-09T20:10:22","date_gmt":"2024-01-09T19:10:22","guid":{"rendered":"https:\/\/testpage.greenpoppy.se\/?page_id=781"},"modified":"2024-11-30T22:23:30","modified_gmt":"2024-11-30T21:23:30","slug":"rod-i-rumpan","status":"publish","type":"page","link":"https:\/\/testpage.greenpoppy.se\/en\/rod-i-rumpan\/","title":{"rendered":"Diaper rash"},"content":{"rendered":"<div class=\"row row-collapse row-full-width\"  id=\"row-1136062823\">\n\n\n\t<div id=\"col-394618339\" class=\"col small-12 large-12\"  >\n\t\t\t\t<div class=\"col-inner text-center\" style=\"background-color:#989d78;\" >\n\t\t\t\n\t\t\t\n\n\n\t<section class=\"section dark\" id=\"section_1895957069\">\n\t\t<div class=\"section-bg fill\" >\n\t\t\t<img decoding=\"async\" width=\"1700\" height=\"1133\" data-src=\"https:\/\/testpage.greenpoppy.se\/wp-content\/uploads\/2024\/07\/DSC_5876.jpg\" class=\"bg attachment- size- lazyload\" alt=\"ett barn som leker med tygbl\u00f6ja p\u00e5\" src=\"data:image\/gif;base64,R0lGODlhAQABAAAAACH5BAEKAAEALAAAAAABAAEAAAICTAEAOw==\" style=\"--smush-placeholder-width: 1700px; --smush-placeholder-aspect-ratio: 1700\/1133;\" \/>\t\t\t\t\t\t<div class=\"section-bg-overlay absolute fill\"><\/div>\n\t\t\t\n\n\t\t<\/div>\n\n\t\t\n\n\t\t<div class=\"section-content relative\">\n\t\t\t\n\n<div class=\"row row-collapse\"  id=\"row-290873647\">\n\n\n\t<div id=\"col-319504832\" class=\"col small-12 large-12\"  >\n\t\t\t\t<div class=\"col-inner\"  >\n\t\t\t\n\t\t\t\n\n<h2><span style=\"font-size: 160%;\">Diaper rash<\/span><\/h2>\n<p>What to do when your child suffers from diaper rash?<\/p>\n\n\t\t<\/div>\n\t\t\t\t\t<\/div>\n\n\t\n\n<\/div>\n\n\t\t<\/div>\n\n\t\t\n<style>\n#section_1895957069 {\n  padding-top: 154px;\n  padding-bottom: 154px;\n}\n#section_1895957069 .section-bg-overlay {\n  background-color: rgba(0,0,0,.5);\n}\n#section_1895957069 .section-bg img {\n  object-position: 51% 78%;\n}\n<\/style>\n\t<\/section>\n\t\n\n\t\t<\/div>\n\t\t\t\t\n<style>\n#col-394618339 > .col-inner {\n  margin: 0px 0px 0px 0px;\n}\n<\/style>\n\t<\/div>\n\n\t\n\n\n<style>\n#row-1136062823 > .col > .col-inner {\n  padding: 0px 0px 0px 0px;\n  background-color: rgb(254, 186, 219);\n}\n<\/style>\n<\/div>\n\n\t<section class=\"section\" id=\"section_1594785838\">\n\t\t<div class=\"section-bg fill\" >\n\t\t\t\t\t\t\t\t\t\n\t\t\t\n\n\t\t<\/div>\n\n\t\t\n\n\t\t<div class=\"section-content relative\">\n\t\t\t\n\n<div class=\"row row-collapse row-full-width align-center\"  id=\"row-282688956\">\n\n\n\t<div id=\"col-203311579\" class=\"col medium-8 small-10 large-8\"  >\n\t\t\t\t<div class=\"col-inner text-center\" style=\"background-color:rgb(236, 230, 216);\" >\n\t\t\t\n\t\t\t\n\n<h1 style=\"text-align: center;\">Bl\u00f6jeksem<\/h1>\n<p style=\"text-align: center;\">Many parents report that their children suffer from rashes and eczema when using disposable diapers, and that this improves significantly after switching to cloth diapers! Imagine if this could be a super solution, but unfortunately, babies with cloth diapers can also get a red bottom. However, there is much you can do to prevent it and to solve it when it happens!<\/p>\n<h2 style=\"text-align: center;\">Fukten<\/h2>\n<p style=\"text-align: center;\">En del barn (och barnets hud framf\u00f6r allt d\u00e5) tycker inte om att vara fuktiga. En del barn klarar detta utan problem, men en del reagerar p\u00e5 detta. En l\u00f6sning p\u00e5 detta kan d\u00e5 vara att l\u00e4gga till ett torrskikt (l\u00e4s h\u00e4r om olika torrskikt). Torrskikt finns bland annat i <a href=\"https:\/\/testpage.greenpoppy.se\/en\/product-category\/pocketblojor\/\">Green Poppys pocket diapers<\/a>but also as separate inserts <a href=\"https:\/\/testpage.greenpoppy.se\/en\/product\/torrskikt-awj\/\">l\u00f6sa inl\u00e4gg<\/a><strong>,<\/strong>if you want to try adding them to your existing diapers.<\/p>\n<h2 style=\"text-align: center;\">Fabric<\/h2>\n<p style=\"text-align: center;\">Material Sensitivity. Some children react to different materials. Maybe your child reacts to natural materials close to the skin, such as cotton or wool? Or perhaps the child reacts to synthetic fibers, such as fleece? Try using only natural or synthetic fibers for a period, and be consistent! This way, you can see what the child tolerates.<\/p>\n<h2 style=\"text-align: center;\">Tv\u00e4ttrutin<\/h2>\n<p style=\"text-align: center;\">Residual Detergent. When washing cloth diapers, use a slightly smaller amount of detergent than indicated on the packaging. An extra rinse cycle may also be needed to completely remove all detergent. You can check the water in the washing machine at the end of the cycle to see if it foams or not. If it foams, there is still detergent in the diapers, and you need to run an additional rinse.<\/p>\n\n\t\t<\/div>\n\t\t\t\t\n<style>\n#col-203311579 > .col-inner {\n  padding: 0px 0px 0px 0px;\n  margin: 0px 0px 0px 0px;\n}\n@media (min-width:550px) {\n  #col-203311579 > .col-inner {\n    padding: 0px 0px 0px 0px;\n    margin: 0px 0px 0px 10px;\n  }\n}\n<\/style>\n\t<\/div>\n\n\t\n\n\t<div id=\"col-767737384\" class=\"col medium-8 small-10 large-5\"  >\n\t\t\t\t<div class=\"col-inner text-center\" style=\"background-color:rgb(236, 230, 216);\" >\n\t\t\t\n\t\t\t\n\n\t<div class=\"img has-hover x md-x lg-x y md-y lg-y\" id=\"image_1214577564\">\n\t\t\t\t\t\t\t\t<div class=\"img-inner dark\" >\n\t\t\t<img decoding=\"async\" width=\"800\" height=\"800\" data-src=\"https:\/\/testpage.greenpoppy.se\/wp-content\/uploads\/2024\/09\/Rod-i-rumpan-800x800.png\" class=\"attachment-large size-large lazyload\" alt=\"\" data-srcset=\"https:\/\/testpage.greenpoppy.se\/wp-content\/uploads\/2024\/09\/Rod-i-rumpan-800x800.png 800w, https:\/\/testpage.greenpoppy.se\/wp-content\/uploads\/2024\/09\/Rod-i-rumpan-247x247.png 247w, https:\/\/testpage.greenpoppy.se\/wp-content\/uploads\/2024\/09\/Rod-i-rumpan-100x100.png 100w, https:\/\/testpage.greenpoppy.se\/wp-content\/uploads\/2024\/09\/Rod-i-rumpan-475x475.png 475w, https:\/\/testpage.greenpoppy.se\/wp-content\/uploads\/2024\/09\/Rod-i-rumpan-400x400.png 400w, https:\/\/testpage.greenpoppy.se\/wp-content\/uploads\/2024\/09\/Rod-i-rumpan-280x280.png 280w, https:\/\/testpage.greenpoppy.se\/wp-content\/uploads\/2024\/09\/Rod-i-rumpan-768x768.png 768w, https:\/\/testpage.greenpoppy.se\/wp-content\/uploads\/2024\/09\/Rod-i-rumpan-12x12.png 12w, https:\/\/testpage.greenpoppy.se\/wp-content\/uploads\/2024\/09\/Rod-i-rumpan.png 1080w\" data-sizes=\"(max-width: 800px) 100vw, 800px\" src=\"data:image\/gif;base64,R0lGODlhAQABAAAAACH5BAEKAAEALAAAAAABAAEAAAICTAEAOw==\" style=\"--smush-placeholder-width: 800px; --smush-placeholder-aspect-ratio: 800\/800;\" \/>\t\t\t\t\t\t\n\t\t\t\t\t<\/div>\n\t\t\t\t\t\t\t\t\n<style>\n#image_1214577564 {\n  width: 100%;\n}\n<\/style>\n\t<\/div>\n\t\n\n\n\t\t<\/div>\n\t\t\t\t\n<style>\n#col-767737384 > .col-inner {\n  padding: 0px 0px 0px 0px;\n  margin: 0px 0px 0px 0px;\n}\n<\/style>\n\t<\/div>\n\n\t\n\n\n<style>\n#row-282688956 > .col > .col-inner {\n  padding: 0px 0px 30px 0px;\n  background-color: rgb(255, 255, 255);\n}\n<\/style>\n<\/div>\n<div class=\"row row-collapse row-full-width align-center\"  id=\"row-232101088\">\n\n\n\t<div id=\"col-422176724\" class=\"col medium-8 small-10 large-9\"  >\n\t\t\t\t<div class=\"col-inner text-center\"  >\n\t\t\t\n\t\t\t\n\n<p style=\"text-align: center;\">Not Clean Enough Diapers. Sometimes, diapers need an extra wash to really get rid of all the dirt. Bamboo and hemp inserts are designed to absorb a lot of liquid, and it can be challenging to get them completely clean with a gentle eco-wash. You may also need to increase the number of spins the machine does to really wring out all the dirt from the inserts.<\/p>\n<h2 style=\"text-align: center;\">Apply Ointments<\/h2>\n<p style=\"text-align: center;\">If the child gets a red bottom, it's perfectly fine to use your regular cream that you want to use for the child's bottom. However, keep in mind that the ointment can clog the insert if it comes into contact. A tip is to use bamboo liners to help protect the diaper (<a href=\"https:\/\/testpage.greenpoppy.se\/en\/product\/bambupapper\/\">available here<\/a>). Alternatively, you can skip this and wash the insert with a little dish soap to dissolve the ointment before washing it as usual in the washing machine.<\/p>\n\n\t\t<\/div>\n\t\t\t\t\t<\/div>\n\n\t\n\n\n<style>\n#row-232101088 > .col > .col-inner {\n  background-color: rgb(236, 230, 216);\n}\n<\/style>\n<\/div>\n<div class=\"row row-collapse row-full-width align-center\"  id=\"row-1578825519\">\n\n\n\t<div id=\"col-1346751386\" class=\"col medium-8 small-10 large-9\"  >\n\t\t\t\t<div class=\"col-inner text-center\"  >\n\t\t\t\n\t\t\t\n\n\t<div class=\"img has-hover x md-x lg-x y md-y lg-y\" id=\"image_944560808\">\n\t\t\t\t\t\t\t\t<div class=\"img-inner dark\" >\n\t\t\t<img decoding=\"async\" width=\"983\" height=\"800\" data-src=\"https:\/\/testpage.greenpoppy.se\/wp-content\/uploads\/2024\/07\/DSC_5848-983x800.jpg\" class=\"attachment-large size-large lazyload\" alt=\"pocketbl\u00f6ja med gr\u00f6n insida och ett tillh\u00f6rande inl\u00e4gg\" data-srcset=\"https:\/\/testpage.greenpoppy.se\/wp-content\/uploads\/2024\/07\/DSC_5848-983x800.jpg 983w, https:\/\/testpage.greenpoppy.se\/wp-content\/uploads\/2024\/07\/DSC_5848-475x387.jpg 475w, https:\/\/testpage.greenpoppy.se\/wp-content\/uploads\/2024\/07\/DSC_5848-491x400.jpg 491w, https:\/\/testpage.greenpoppy.se\/wp-content\/uploads\/2024\/07\/DSC_5848-768x625.jpg 768w, https:\/\/testpage.greenpoppy.se\/wp-content\/uploads\/2024\/07\/DSC_5848-1536x1250.jpg 1536w, https:\/\/testpage.greenpoppy.se\/wp-content\/uploads\/2024\/07\/DSC_5848-15x12.jpg 15w, https:\/\/testpage.greenpoppy.se\/wp-content\/uploads\/2024\/07\/DSC_5848.jpg 1700w\" data-sizes=\"(max-width: 983px) 100vw, 983px\" src=\"data:image\/gif;base64,R0lGODlhAQABAAAAACH5BAEKAAEALAAAAAABAAEAAAICTAEAOw==\" style=\"--smush-placeholder-width: 983px; --smush-placeholder-aspect-ratio: 983\/800;\" \/>\t\t\t\t\t\t\n\t\t\t\t\t<\/div>\n\t\t\t\t\t\t\t\t\n<style>\n#image_944560808 {\n  width: 100%;\n}\n<\/style>\n\t<\/div>\n\t\n\n\n\t\t<\/div>\n\t\t\t\t\t<\/div>\n\n\t\n\n\n<style>\n#row-1578825519 > .col > .col-inner {\n  background-color: rgb(255, 255, 255);\n}\n<\/style>\n<\/div>\n\n\t\t<\/div>\n\n\t\t\n<style>\n#section_1594785838 {\n  padding-top: 10px;\n  padding-bottom: 10px;\n}\n@media (min-width:550px) {\n  #section_1594785838 {\n    padding-top: 80px;\n    padding-bottom: 80px;\n  }\n}\n<\/style>\n\t<\/section>","protected":false},"excerpt":{"rendered":"","protected":false},"author":1,"featured_media":0,"parent":0,"menu_order":0,"comment_status":"closed","ping_status":"closed","template":"page-blank.php","meta":{"footnotes":""},"class_list":["post-781","page","type-page","status-publish","hentry"],"yoast_head":"<!-- This site is optimized with the Yoast SEO plugin v24.4 - https:\/\/yoast.com\/wordpress\/plugins\/seo\/ -->\n<title>R\u00f6d i rumpan - testpage<\/title>\n<meta name=\"description\" content=\"Kan tygbl\u00f6jor hj\u00e4lpa om barnet har bl\u00f6jeksem? F\u00e5r man anv\u00e4nda salvor n\u00e4r barnet \u00e4r r\u00f6d i rumpan om man har tygbl\u00f6jor?\" \/>\n<meta name=\"robots\" content=\"noindex, follow, max-snippet:-1, max-image-preview:large, max-video-preview:-1\" \/>\n<meta property=\"og:locale\" content=\"en_GB\" \/>\n<meta property=\"og:type\" content=\"article\" \/>\n<meta property=\"og:title\" content=\"R\u00f6d i rumpan - testpage\" \/>\n<meta property=\"og:description\" content=\"Kan tygbl\u00f6jor hj\u00e4lpa om barnet har bl\u00f6jeksem? F\u00e5r man anv\u00e4nda salvor n\u00e4r barnet \u00e4r r\u00f6d i rumpan om man har tygbl\u00f6jor?\" \/>\n<meta property=\"og:url\" content=\"https:\/\/testpage.greenpoppy.se\/en\/rod-i-rumpan\/\" \/>\n<meta property=\"og:site_name\" content=\"testpage\" \/>\n<meta property=\"article:publisher\" content=\"https:\/\/www.facebook.com\/profile.php?id=61554367862205\" \/>\n<meta property=\"article:modified_time\" content=\"2024-11-30T21:23:30+00:00\" \/>\n<meta name=\"twitter:card\" content=\"summary_large_image\" \/>\n<meta name=\"twitter:label1\" content=\"Estimated reading time\" \/>\n\t<meta name=\"twitter:data1\" content=\"3 minutes\" \/>\n<script type=\"application\/ld+json\" class=\"yoast-schema-graph\">{\"@context\":\"https:\/\/schema.org\",\"@graph\":[{\"@type\":\"WebPage\",\"@id\":\"https:\/\/testpage.greenpoppy.se\/rod-i-rumpan\/\",\"url\":\"https:\/\/testpage.greenpoppy.se\/rod-i-rumpan\/\",\"name\":\"R\u00f6d i rumpan - testpage\",\"isPartOf\":{\"@id\":\"https:\/\/testpage.greenpoppy.se\/#website\"},\"datePublished\":\"2024-01-09T19:10:22+00:00\",\"dateModified\":\"2024-11-30T21:23:30+00:00\",\"description\":\"Kan tygbl\u00f6jor hj\u00e4lpa om barnet har bl\u00f6jeksem? F\u00e5r man anv\u00e4nda salvor n\u00e4r barnet \u00e4r r\u00f6d i rumpan om man har tygbl\u00f6jor?\",\"breadcrumb\":{\"@id\":\"https:\/\/testpage.greenpoppy.se\/rod-i-rumpan\/#breadcrumb\"},\"inLanguage\":\"en-GB\",\"potentialAction\":[{\"@type\":\"ReadAction\",\"target\":[\"https:\/\/testpage.greenpoppy.se\/rod-i-rumpan\/\"]}]},{\"@type\":\"BreadcrumbList\",\"@id\":\"https:\/\/testpage.greenpoppy.se\/rod-i-rumpan\/#breadcrumb\",\"itemListElement\":[{\"@type\":\"ListItem\",\"position\":1,\"name\":\"Hem\",\"item\":\"https:\/\/testpage.greenpoppy.se\/\"},{\"@type\":\"ListItem\",\"position\":2,\"name\":\"R\u00f6d i rumpan\"}]},{\"@type\":\"WebSite\",\"@id\":\"https:\/\/testpage.greenpoppy.se\/#website\",\"url\":\"https:\/\/testpage.greenpoppy.se\/\",\"name\":\"Green Poppy\",\"description\":\"H\u00e5llbara och \u00e5teranv\u00e4ndbara tygbl\u00f6jor\",\"publisher\":{\"@id\":\"https:\/\/testpage.greenpoppy.se\/#organization\"},\"potentialAction\":[{\"@type\":\"SearchAction\",\"target\":{\"@type\":\"EntryPoint\",\"urlTemplate\":\"https:\/\/testpage.greenpoppy.se\/?s={search_term_string}\"},\"query-input\":{\"@type\":\"PropertyValueSpecification\",\"valueRequired\":true,\"valueName\":\"search_term_string\"}}],\"inLanguage\":\"en-GB\"},{\"@type\":\"Organization\",\"@id\":\"https:\/\/testpage.greenpoppy.se\/#organization\",\"name\":\"Green Poppy\",\"url\":\"https:\/\/testpage.greenpoppy.se\/\",\"logo\":{\"@type\":\"ImageObject\",\"inLanguage\":\"en-GB\",\"@id\":\"https:\/\/testpage.greenpoppy.se\/#\/schema\/logo\/image\/\",\"url\":\"https:\/\/testpage.greenpoppy.se\/wp-content\/uploads\/2024\/01\/Logga_Officiell.svg\",\"contentUrl\":\"https:\/\/testpage.greenpoppy.se\/wp-content\/uploads\/2024\/01\/Logga_Officiell.svg\",\"width\":1,\"height\":1,\"caption\":\"Green Poppy\"},\"image\":{\"@id\":\"https:\/\/testpage.greenpoppy.se\/#\/schema\/logo\/image\/\"},\"sameAs\":[\"https:\/\/www.facebook.com\/profile.php?id=61554367862205\",\"https:\/\/www.instagram.com\/greenpoppy.se\/\"]}]}<\/script>\n<!-- \/ Yoast SEO plugin. -->","yoast_head_json":{"title":"R\u00f6d i rumpan - testpage","description":"Kan tygbl\u00f6jor hj\u00e4lpa om barnet har bl\u00f6jeksem? F\u00e5r man anv\u00e4nda salvor n\u00e4r barnet \u00e4r r\u00f6d i rumpan om man har tygbl\u00f6jor?","robots":{"index":"noindex","follow":"follow","max-snippet":"max-snippet:-1","max-image-preview":"max-image-preview:large","max-video-preview":"max-video-preview:-1"},"og_locale":"en_GB","og_type":"article","og_title":"R\u00f6d i rumpan - testpage","og_description":"Kan tygbl\u00f6jor hj\u00e4lpa om barnet har bl\u00f6jeksem? F\u00e5r man anv\u00e4nda salvor n\u00e4r barnet \u00e4r r\u00f6d i rumpan om man har tygbl\u00f6jor?","og_url":"https:\/\/testpage.greenpoppy.se\/en\/rod-i-rumpan\/","og_site_name":"testpage","article_publisher":"https:\/\/www.facebook.com\/profile.php?id=61554367862205","article_modified_time":"2024-11-30T21:23:30+00:00","twitter_card":"summary_large_image","twitter_misc":{"Estimated reading time":"3 minutes"},"schema":{"@context":"https:\/\/schema.org","@graph":[{"@type":"WebPage","@id":"https:\/\/testpage.greenpoppy.se\/rod-i-rumpan\/","url":"https:\/\/testpage.greenpoppy.se\/rod-i-rumpan\/","name":"R\u00f6d i rumpan - testpage","isPartOf":{"@id":"https:\/\/testpage.greenpoppy.se\/#website"},"datePublished":"2024-01-09T19:10:22+00:00","dateModified":"2024-11-30T21:23:30+00:00","description":"Kan tygbl\u00f6jor hj\u00e4lpa om barnet har bl\u00f6jeksem? F\u00e5r man anv\u00e4nda salvor n\u00e4r barnet \u00e4r r\u00f6d i rumpan om man har tygbl\u00f6jor?","breadcrumb":{"@id":"https:\/\/testpage.greenpoppy.se\/rod-i-rumpan\/#breadcrumb"},"inLanguage":"en-GB","potentialAction":[{"@type":"ReadAction","target":["https:\/\/testpage.greenpoppy.se\/rod-i-rumpan\/"]}]},{"@type":"BreadcrumbList","@id":"https:\/\/testpage.greenpoppy.se\/rod-i-rumpan\/#breadcrumb","itemListElement":[{"@type":"ListItem","position":1,"name":"Hem","item":"https:\/\/testpage.greenpoppy.se\/"},{"@type":"ListItem","position":2,"name":"R\u00f6d i rumpan"}]},{"@type":"WebSite","@id":"https:\/\/testpage.greenpoppy.se\/#website","url":"https:\/\/testpage.greenpoppy.se\/","name":"Green Poppy","description":"H\u00e5llbara och \u00e5teranv\u00e4ndbara tygbl\u00f6jor","publisher":{"@id":"https:\/\/testpage.greenpoppy.se\/#organization"},"potentialAction":[{"@type":"SearchAction","target":{"@type":"EntryPoint","urlTemplate":"https:\/\/testpage.greenpoppy.se\/?s={search_term_string}"},"query-input":{"@type":"PropertyValueSpecification","valueRequired":true,"valueName":"search_term_string"}}],"inLanguage":"en-GB"},{"@type":"Organization","@id":"https:\/\/testpage.greenpoppy.se\/#organization","name":"Green Poppy","url":"https:\/\/testpage.greenpoppy.se\/","logo":{"@type":"ImageObject","inLanguage":"en-GB","@id":"https:\/\/testpage.greenpoppy.se\/#\/schema\/logo\/image\/","url":"https:\/\/testpage.greenpoppy.se\/wp-content\/uploads\/2024\/01\/Logga_Officiell.svg","contentUrl":"https:\/\/testpage.greenpoppy.se\/wp-content\/uploads\/2024\/01\/Logga_Officiell.svg","width":1,"height":1,"caption":"Green Poppy"},"image":{"@id":"https:\/\/testpage.greenpoppy.se\/#\/schema\/logo\/image\/"},"sameAs":["https:\/\/www.facebook.com\/profile.php?id=61554367862205","https:\/\/www.instagram.com\/greenpoppy.se\/"]}]}},"_links":{"self":[{"href":"https:\/\/testpage.greenpoppy.se\/en\/wp-json\/wp\/v2\/pages\/781","targetHints":{"allow":["GET"]}}],"collection":[{"href":"https:\/\/testpage.greenpoppy.se\/en\/wp-json\/wp\/v2\/pages"}],"about":[{"href":"https:\/\/testpage.greenpoppy.se\/en\/wp-json\/wp\/v2\/types\/page"}],"author":[{"embeddable":true,"href":"https:\/\/testpage.greenpoppy.se\/en\/wp-json\/wp\/v2\/users\/1"}],"replies":[{"embeddable":true,"href":"https:\/\/testpage.greenpoppy.se\/en\/wp-json\/wp\/v2\/comments?post=781"}],"version-history":[{"count":13,"href":"https:\/\/testpage.greenpoppy.se\/en\/wp-json\/wp\/v2\/pages\/781\/revisions"}],"predecessor-version":[{"id":2793,"href":"https:\/\/testpage.greenpoppy.se\/en\/wp-json\/wp\/v2\/pages\/781\/revisions\/2793"}],"wp:attachment":[{"href":"https:\/\/testpage.greenpoppy.se\/en\/wp-json\/wp\/v2\/media?parent=781"}],"curies":[{"name":"wp","href":"https:\/\/api.w.org\/{rel}","templated":true}]}}