{"id":778,"date":"2024-01-09T20:07:46","date_gmt":"2024-01-09T19:07:46","guid":{"rendered":"https:\/\/testpage.greenpoppy.se\/?page_id=778"},"modified":"2024-11-30T22:12:45","modified_gmt":"2024-11-30T21:12:45","slug":"torrskikt","status":"publish","type":"page","link":"https:\/\/testpage.greenpoppy.se\/en\/torrskikt\/","title":{"rendered":"Stay dry liners"},"content":{"rendered":"<div class=\"row row-collapse row-full-width\"  id=\"row-620215703\">\n\n\n\t<div id=\"col-2023238951\" class=\"col small-12 large-12\"  >\n\t\t\t\t<div class=\"col-inner text-center\" style=\"background-color:#989d78;\" >\n\t\t\t\n\t\t\t\n\n\n\t<section class=\"section dark\" id=\"section_1443071788\">\n\t\t<div class=\"section-bg fill\" >\n\t\t\t<img decoding=\"async\" width=\"1200\" height=\"800\" data-src=\"https:\/\/testpage.greenpoppy.se\/wp-content\/uploads\/2024\/04\/DSC_5575.jpg\" class=\"bg attachment- size- lazyload\" alt=\"pulp\u00e5se och pocket\" src=\"data:image\/gif;base64,R0lGODlhAQABAAAAACH5BAEKAAEALAAAAAABAAEAAAICTAEAOw==\" style=\"--smush-placeholder-width: 1200px; --smush-placeholder-aspect-ratio: 1200\/800;\" \/>\t\t\t\t\t\t<div class=\"section-bg-overlay absolute fill\"><\/div>\n\t\t\t\n\n\t\t<\/div>\n\n\t\t\n\n\t\t<div class=\"section-content relative\">\n\t\t\t\n\n<div class=\"row row-collapse\"  id=\"row-69699811\">\n\n\n\t<div id=\"col-1414078072\" class=\"col small-12 large-12\"  >\n\t\t\t\t<div class=\"col-inner\"  >\n\t\t\t\n\t\t\t\n\n<h2><span style=\"font-size: 160%;\">Stay dry liners in the diaper<\/span><\/h2>\n<p><span style=\"font-size: 17.280001px;\">Torr eller inte, vad \u00e4r f\u00f6rdelar och nackdelar?<\/span><\/p>\n\n\t\t<\/div>\n\t\t\t\t\t<\/div>\n\n\t\n\n<\/div>\n\n\t\t<\/div>\n\n\t\t\n<style>\n#section_1443071788 {\n  padding-top: 154px;\n  padding-bottom: 154px;\n}\n#section_1443071788 .section-bg-overlay {\n  background-color: rgba(0,0,0,.5);\n}\n#section_1443071788 .section-bg img {\n  object-position: 35% 32%;\n}\n<\/style>\n\t<\/section>\n\t\n\n\t\t<\/div>\n\t\t\t\t\n<style>\n#col-2023238951 > .col-inner {\n  margin: 0px 0px 0px 0px;\n}\n<\/style>\n\t<\/div>\n\n\t\n\n\n<style>\n#row-620215703 > .col > .col-inner {\n  padding: 0px 0px 0px 0px;\n  background-color: rgb(254, 186, 219);\n}\n<\/style>\n<\/div>\n\n\t<section class=\"section\" id=\"section_821047649\">\n\t\t<div class=\"section-bg fill\" >\n\t\t\t\t\t\t\t\t\t\n\t\t\t\n\n\t\t<\/div>\n\n\t\t\n\n\t\t<div class=\"section-content relative\">\n\t\t\t\n\n<div class=\"row row-collapse row-full-width align-center\"  id=\"row-2009809051\">\n\n\n\t<div id=\"col-1104503928\" class=\"col medium-7 small-10 large-7\"  >\n\t\t\t\t<div class=\"col-inner text-center\" style=\"background-color:rgb(236, 230, 216);\" >\n\t\t\t\n\t\t\t\n\n<h1>How do you know if to use stay dry liners?<\/h1>\n<p style=\"text-align: center;\">A stay dry liner can be sewn into a diaper (e.g., AIO, pocket, or fitted) or placed as a loose insert in any diaper. The purpose of the stay dry liner is to wick away moisture and wetness from the child's skin so that the child does not feel wet when they pee. Stay dry liners usually do not have their own absorbent function but work to redirect wetness. However, there are inserts with a sewn-in dry layer, but such inserts consist of more than just the stay dry liners.<\/p>\n<p style=\"text-align: center;\">Stay dry liners are washed after use with regular diaper laundry.<\/p>\n\n\t\t<\/div>\n\t\t\t\t\n<style>\n#col-1104503928 > .col-inner {\n  padding: 0px 0px 0px 0px;\n  margin: 0px 0px 0px 0px;\n}\n@media (min-width:550px) {\n  #col-1104503928 > .col-inner {\n    padding: 0px 0px 0px 0px;\n    margin: 0px 0px 0px 10px;\n  }\n}\n<\/style>\n\t<\/div>\n\n\t\n\n\n<style>\n#row-2009809051 > .col > .col-inner {\n  padding: 0px 0px 30px 0px;\n  background-color: rgb(255, 255, 255);\n}\n<\/style>\n<\/div>\n<div class=\"row row-collapse row-full-width align-center\"  id=\"row-1355858910\">\n\n\n\t<div id=\"col-1481185956\" class=\"col medium-8 small-10 large-7\"  >\n\t\t\t\t<div class=\"col-inner text-center\"  >\n\t\t\t\n\t\t\t\n\n<h2 style=\"text-align: center;\">Fuktigt i bl\u00f6jorna<\/h2>\n<p style=\"text-align: center;\">Moisture! Some children (especially their skin) do not like to be wet. While some children can handle this without any issues, others may react to it. A solution to this can be to add a dry layer (read here about different dry layers). Dry layers are available in <a href=\"https:\/\/testpage.greenpoppy.se\/en\/product-category\/pocketblojor\/\">Green Poppys pocket diapers<\/a>but also as separate inserts <a href=\"https:\/\/testpage.greenpoppy.se\/en\/product\/torrskikt-awj\/\">l\u00f6sa inl\u00e4gg<\/a><strong>,<\/strong>if you want to try adding them to your existing diapers.<\/p>\n\n\t\t<\/div>\n\t\t\t\t\t<\/div>\n\n\t\n\n\n<style>\n#row-1355858910 > .col > .col-inner {\n  background-color: rgb(236, 230, 216);\n}\n<\/style>\n<\/div>\n<div class=\"row row-collapse row-full-width align-center\"  id=\"row-499798113\">\n\n\n\t<div id=\"col-1686095997\" class=\"col medium-8 small-10 large-6\"  >\n\t\t\t\t<div class=\"col-inner text-center\"  >\n\t\t\t\n\t\t\t\n\n\t<div class=\"img has-hover x md-x lg-x y md-y lg-y\" id=\"image_498909221\">\n\t\t\t\t\t\t\t\t<div class=\"img-inner dark\" >\n\t\t\t<img decoding=\"async\" width=\"1020\" height=\"680\" data-src=\"https:\/\/testpage.greenpoppy.se\/wp-content\/uploads\/2024\/11\/IMG_9618-1200x800.jpg\" class=\"attachment-large size-large lazyload\" alt=\"en tygbl\u00f6ja med mycket f\u00e4rg och regnb\u00e5gar\" data-srcset=\"https:\/\/testpage.greenpoppy.se\/wp-content\/uploads\/2024\/11\/IMG_9618-1200x800.jpg 1200w, https:\/\/testpage.greenpoppy.se\/wp-content\/uploads\/2024\/11\/IMG_9618-475x317.jpg 475w, https:\/\/testpage.greenpoppy.se\/wp-content\/uploads\/2024\/11\/IMG_9618-600x400.jpg 600w, https:\/\/testpage.greenpoppy.se\/wp-content\/uploads\/2024\/11\/IMG_9618-768x512.jpg 768w, https:\/\/testpage.greenpoppy.se\/wp-content\/uploads\/2024\/11\/IMG_9618-1536x1024.jpg 1536w, https:\/\/testpage.greenpoppy.se\/wp-content\/uploads\/2024\/11\/IMG_9618-18x12.jpg 18w, https:\/\/testpage.greenpoppy.se\/wp-content\/uploads\/2024\/11\/IMG_9618.jpg 2048w\" data-sizes=\"(max-width: 1020px) 100vw, 1020px\" src=\"data:image\/gif;base64,R0lGODlhAQABAAAAACH5BAEKAAEALAAAAAABAAEAAAICTAEAOw==\" style=\"--smush-placeholder-width: 1020px; --smush-placeholder-aspect-ratio: 1020\/680;\" \/>\t\t\t\t\t\t\n\t\t\t\t\t<\/div>\n\t\t\t\t\t\t\t\t\n<style>\n#image_498909221 {\n  width: 100%;\n}\n<\/style>\n\t<\/div>\n\t\n\n\n\t\t<\/div>\n\t\t\t\t\t<\/div>\n\n\t\n\n\n<style>\n#row-499798113 > .col > .col-inner {\n  background-color: rgb(255, 255, 255);\n}\n<\/style>\n<\/div>\n<div class=\"row row-collapse row-full-width align-center\"  id=\"row-2069043153\">\n\n\n\t<div id=\"col-2031825090\" class=\"col medium-8 small-10 large-7\"  >\n\t\t\t\t<div class=\"col-inner text-center\"  >\n\t\t\t\n\t\t\t\n\n<h2 style=\"text-align: center;\">Olika material p\u00e5 torrskikt<\/h2>\n<p style=\"text-align: center;\"><strong>Fleece, mikrofleece eller polar fleece<\/strong>. Soft and cozy, fleece quickly wicks away moisture when the child urinates. It is made of 100% polyester. Green Poppy provides pocket diapers with microfleece or loose inserts with microfleece.<\/p>\n<p style=\"text-align: center;\"><strong>Mock suede<\/strong>. This material swiftly wicks away moisture and is common in pocket diapers. Mock suede can develop pills easily after washing and consists of 100% polyester.<\/p>\n<p style=\"text-align: center;\"><strong>Wool and silk.<\/strong>These are natural materials. They cannot be machine-washed and are ideal for children who do not poop frequently, as they require hand washing.<\/p>\n\n\t\t<\/div>\n\t\t\t\t\t<\/div>\n\n\t\n\n\n<style>\n#row-2069043153 > .col > .col-inner {\n  background-color: rgb(236, 230, 216);\n}\n<\/style>\n<\/div>\n<div class=\"row row-collapse row-full-width align-center\"  id=\"row-708164435\">\n\n\n\t<div id=\"col-1586697129\" class=\"col medium-8 small-10 large-7\"  >\n\t\t\t\t<div class=\"col-inner text-center\"  >\n\t\t\t\n\t\t\t\n\n<h2 style=\"text-align: center;\">Pros and Cons of stay dry liners<\/h2>\n<p style=\"text-align: center;\">When to use stay dry liners and when not to is a personal choice.<\/p>\n<h3 style=\"text-align: center;\">Pros:<\/h3>\n<p style=\"text-align: center;\">&#8211; H\u00e5ller barnet torr, en del barn blir besv\u00e4rade om de \u00e4r bl\u00f6ta.<\/p>\n<p style=\"text-align: center;\">&#8211; Kan minska risken f\u00f6r utslag.<\/p>\n<p style=\"text-align: center;\">&#8211; Perfekt i nattbl\u00f6ja n\u00e4r barnet har bl\u00f6ja en l\u00e4ngre tid.<\/p>\n<p style=\"text-align: center;\">&#8211; Kan underl\u00e4tta vid bl\u00f6jbyte om barnet har bajsat, om det \u00e4r ett l\u00f6st inl\u00e4gg som g\u00e5r att lyfta.<\/p>\n\n\t\t<\/div>\n\t\t\t\t\t<\/div>\n\n\t\n\n\n<style>\n#row-708164435 > .col > .col-inner {\n  background-color: rgb(236, 230, 216);\n}\n<\/style>\n<\/div>\n<div class=\"row row-collapse row-full-width align-center\"  id=\"row-384425223\">\n\n\n\t<div id=\"col-2026283676\" class=\"col medium-8 small-10 large-7\"  >\n\t\t\t\t<div class=\"col-inner text-center\"  >\n\t\t\t\n\t\t\t\n\n<h3 style=\"text-align: center;\">Cons:<\/h3>\n<p style=\"text-align: center;\">&#8211; De vanligaste torrskikten best\u00e5r av konstfibrer, vilket en del inte vill anv\u00e4nda av olika anledningar<\/p>\n<p style=\"text-align: center;\">&#8211; En del barn reagerar med utslag mot konstfibrer<\/p>\n<p style=\"text-align: center;\">&#8211; Barnet reagerar inte n\u00e4r den har kissat, vilket kan vara bra om barnet g\u00f6r om man t.ex. pottr\u00e4nar barnet.\u00a0<\/p>\n\n\t\t<\/div>\n\t\t\t\t\t<\/div>\n\n\t\n\n\n<style>\n#row-384425223 > .col > .col-inner {\n  background-color: rgb(236, 230, 216);\n}\n<\/style>\n<\/div>\n\n\t\t<\/div>\n\n\t\t\n<style>\n#section_821047649 {\n  padding-top: 10px;\n  padding-bottom: 10px;\n}\n@media (min-width:550px) {\n  #section_821047649 {\n    padding-top: 80px;\n    padding-bottom: 80px;\n  }\n}\n<\/style>\n\t<\/section>","protected":false},"excerpt":{"rendered":"","protected":false},"author":1,"featured_media":0,"parent":0,"menu_order":0,"comment_status":"closed","ping_status":"closed","template":"page-blank.php","meta":{"footnotes":""},"class_list":["post-778","page","type-page","status-publish","hentry"],"yoast_head":"<!-- This site is optimized with the Yoast SEO plugin v24.4 - https:\/\/yoast.com\/wordpress\/plugins\/seo\/ -->\n<title>Torrskikt - testpage<\/title>\n<meta name=\"robots\" content=\"noindex, follow, max-snippet:-1, max-image-preview:large, max-video-preview:-1\" \/>\n<meta property=\"og:locale\" content=\"en_GB\" \/>\n<meta property=\"og:type\" content=\"article\" \/>\n<meta property=\"og:title\" content=\"Torrskikt - testpage\" \/>\n<meta property=\"og:url\" content=\"https:\/\/testpage.greenpoppy.se\/en\/torrskikt\/\" \/>\n<meta property=\"og:site_name\" content=\"testpage\" \/>\n<meta property=\"article:publisher\" content=\"https:\/\/www.facebook.com\/profile.php?id=61554367862205\" \/>\n<meta property=\"article:modified_time\" content=\"2024-11-30T21:12:45+00:00\" \/>\n<meta name=\"twitter:card\" content=\"summary_large_image\" \/>\n<meta name=\"twitter:label1\" content=\"Estimated reading time\" \/>\n\t<meta name=\"twitter:data1\" content=\"3 minutes\" \/>\n<script type=\"application\/ld+json\" class=\"yoast-schema-graph\">{\"@context\":\"https:\/\/schema.org\",\"@graph\":[{\"@type\":\"WebPage\",\"@id\":\"https:\/\/testpage.greenpoppy.se\/torrskikt\/\",\"url\":\"https:\/\/testpage.greenpoppy.se\/torrskikt\/\",\"name\":\"Torrskikt - testpage\",\"isPartOf\":{\"@id\":\"https:\/\/testpage.greenpoppy.se\/#website\"},\"datePublished\":\"2024-01-09T19:07:46+00:00\",\"dateModified\":\"2024-11-30T21:12:45+00:00\",\"breadcrumb\":{\"@id\":\"https:\/\/testpage.greenpoppy.se\/torrskikt\/#breadcrumb\"},\"inLanguage\":\"en-GB\",\"potentialAction\":[{\"@type\":\"ReadAction\",\"target\":[\"https:\/\/testpage.greenpoppy.se\/torrskikt\/\"]}]},{\"@type\":\"BreadcrumbList\",\"@id\":\"https:\/\/testpage.greenpoppy.se\/torrskikt\/#breadcrumb\",\"itemListElement\":[{\"@type\":\"ListItem\",\"position\":1,\"name\":\"Hem\",\"item\":\"https:\/\/testpage.greenpoppy.se\/\"},{\"@type\":\"ListItem\",\"position\":2,\"name\":\"Torrskikt\"}]},{\"@type\":\"WebSite\",\"@id\":\"https:\/\/testpage.greenpoppy.se\/#website\",\"url\":\"https:\/\/testpage.greenpoppy.se\/\",\"name\":\"Green Poppy\",\"description\":\"H\u00e5llbara och \u00e5teranv\u00e4ndbara tygbl\u00f6jor\",\"publisher\":{\"@id\":\"https:\/\/testpage.greenpoppy.se\/#organization\"},\"potentialAction\":[{\"@type\":\"SearchAction\",\"target\":{\"@type\":\"EntryPoint\",\"urlTemplate\":\"https:\/\/testpage.greenpoppy.se\/?s={search_term_string}\"},\"query-input\":{\"@type\":\"PropertyValueSpecification\",\"valueRequired\":true,\"valueName\":\"search_term_string\"}}],\"inLanguage\":\"en-GB\"},{\"@type\":\"Organization\",\"@id\":\"https:\/\/testpage.greenpoppy.se\/#organization\",\"name\":\"Green Poppy\",\"url\":\"https:\/\/testpage.greenpoppy.se\/\",\"logo\":{\"@type\":\"ImageObject\",\"inLanguage\":\"en-GB\",\"@id\":\"https:\/\/testpage.greenpoppy.se\/#\/schema\/logo\/image\/\",\"url\":\"https:\/\/testpage.greenpoppy.se\/wp-content\/uploads\/2024\/01\/Logga_Officiell.svg\",\"contentUrl\":\"https:\/\/testpage.greenpoppy.se\/wp-content\/uploads\/2024\/01\/Logga_Officiell.svg\",\"width\":1,\"height\":1,\"caption\":\"Green Poppy\"},\"image\":{\"@id\":\"https:\/\/testpage.greenpoppy.se\/#\/schema\/logo\/image\/\"},\"sameAs\":[\"https:\/\/www.facebook.com\/profile.php?id=61554367862205\",\"https:\/\/www.instagram.com\/greenpoppy.se\/\"]}]}<\/script>\n<!-- \/ Yoast SEO plugin. -->","yoast_head_json":{"title":"Torrskikt - testpage","robots":{"index":"noindex","follow":"follow","max-snippet":"max-snippet:-1","max-image-preview":"max-image-preview:large","max-video-preview":"max-video-preview:-1"},"og_locale":"en_GB","og_type":"article","og_title":"Torrskikt - testpage","og_url":"https:\/\/testpage.greenpoppy.se\/en\/torrskikt\/","og_site_name":"testpage","article_publisher":"https:\/\/www.facebook.com\/profile.php?id=61554367862205","article_modified_time":"2024-11-30T21:12:45+00:00","twitter_card":"summary_large_image","twitter_misc":{"Estimated reading time":"3 minutes"},"schema":{"@context":"https:\/\/schema.org","@graph":[{"@type":"WebPage","@id":"https:\/\/testpage.greenpoppy.se\/torrskikt\/","url":"https:\/\/testpage.greenpoppy.se\/torrskikt\/","name":"Torrskikt - testpage","isPartOf":{"@id":"https:\/\/testpage.greenpoppy.se\/#website"},"datePublished":"2024-01-09T19:07:46+00:00","dateModified":"2024-11-30T21:12:45+00:00","breadcrumb":{"@id":"https:\/\/testpage.greenpoppy.se\/torrskikt\/#breadcrumb"},"inLanguage":"en-GB","potentialAction":[{"@type":"ReadAction","target":["https:\/\/testpage.greenpoppy.se\/torrskikt\/"]}]},{"@type":"BreadcrumbList","@id":"https:\/\/testpage.greenpoppy.se\/torrskikt\/#breadcrumb","itemListElement":[{"@type":"ListItem","position":1,"name":"Hem","item":"https:\/\/testpage.greenpoppy.se\/"},{"@type":"ListItem","position":2,"name":"Torrskikt"}]},{"@type":"WebSite","@id":"https:\/\/testpage.greenpoppy.se\/#website","url":"https:\/\/testpage.greenpoppy.se\/","name":"Green Poppy","description":"H\u00e5llbara och \u00e5teranv\u00e4ndbara tygbl\u00f6jor","publisher":{"@id":"https:\/\/testpage.greenpoppy.se\/#organization"},"potentialAction":[{"@type":"SearchAction","target":{"@type":"EntryPoint","urlTemplate":"https:\/\/testpage.greenpoppy.se\/?s={search_term_string}"},"query-input":{"@type":"PropertyValueSpecification","valueRequired":true,"valueName":"search_term_string"}}],"inLanguage":"en-GB"},{"@type":"Organization","@id":"https:\/\/testpage.greenpoppy.se\/#organization","name":"Green Poppy","url":"https:\/\/testpage.greenpoppy.se\/","logo":{"@type":"ImageObject","inLanguage":"en-GB","@id":"https:\/\/testpage.greenpoppy.se\/#\/schema\/logo\/image\/","url":"https:\/\/testpage.greenpoppy.se\/wp-content\/uploads\/2024\/01\/Logga_Officiell.svg","contentUrl":"https:\/\/testpage.greenpoppy.se\/wp-content\/uploads\/2024\/01\/Logga_Officiell.svg","width":1,"height":1,"caption":"Green Poppy"},"image":{"@id":"https:\/\/testpage.greenpoppy.se\/#\/schema\/logo\/image\/"},"sameAs":["https:\/\/www.facebook.com\/profile.php?id=61554367862205","https:\/\/www.instagram.com\/greenpoppy.se\/"]}]}},"_links":{"self":[{"href":"https:\/\/testpage.greenpoppy.se\/en\/wp-json\/wp\/v2\/pages\/778","targetHints":{"allow":["GET"]}}],"collection":[{"href":"https:\/\/testpage.greenpoppy.se\/en\/wp-json\/wp\/v2\/pages"}],"about":[{"href":"https:\/\/testpage.greenpoppy.se\/en\/wp-json\/wp\/v2\/types\/page"}],"author":[{"embeddable":true,"href":"https:\/\/testpage.greenpoppy.se\/en\/wp-json\/wp\/v2\/users\/1"}],"replies":[{"embeddable":true,"href":"https:\/\/testpage.greenpoppy.se\/en\/wp-json\/wp\/v2\/comments?post=778"}],"version-history":[{"count":10,"href":"https:\/\/testpage.greenpoppy.se\/en\/wp-json\/wp\/v2\/pages\/778\/revisions"}],"predecessor-version":[{"id":2790,"href":"https:\/\/testpage.greenpoppy.se\/en\/wp-json\/wp\/v2\/pages\/778\/revisions\/2790"}],"wp:attachment":[{"href":"https:\/\/testpage.greenpoppy.se\/en\/wp-json\/wp\/v2\/media?parent=778"}],"curies":[{"name":"wp","href":"https:\/\/api.w.org\/{rel}","templated":true}]}}