{"id":775,"date":"2024-01-09T20:03:01","date_gmt":"2024-01-09T19:03:01","guid":{"rendered":"https:\/\/testpage.greenpoppy.se\/?page_id=775"},"modified":"2024-09-16T17:03:06","modified_gmt":"2024-09-16T15:03:06","slug":"bajsguide","status":"publish","type":"page","link":"https:\/\/testpage.greenpoppy.se\/en\/bajsguide\/","title":{"rendered":"Poop guide"},"content":{"rendered":"<div class=\"row row-collapse row-full-width\"  id=\"row-471036853\">\n\n\n\t<div id=\"col-8459615\" class=\"col small-12 large-12\"  >\n\t\t\t\t<div class=\"col-inner text-center\" style=\"background-color:#989d78;\" >\n\t\t\t\n\t\t\t\n\n\n\t<section class=\"section dark\" id=\"section_307152101\">\n\t\t<div class=\"section-bg fill\" >\n\t\t\t<img decoding=\"async\" width=\"1200\" height=\"800\" data-src=\"https:\/\/testpage.greenpoppy.se\/wp-content\/uploads\/2024\/04\/IMG_6162.jpg\" class=\"bg attachment- size- lazyload\" alt=\"en tygbl\u00f6ja p\u00e5 ett barn som kryper \u00e4ven kallat on the bum\" src=\"data:image\/gif;base64,R0lGODlhAQABAAAAACH5BAEKAAEALAAAAAABAAEAAAICTAEAOw==\" style=\"--smush-placeholder-width: 1200px; --smush-placeholder-aspect-ratio: 1200\/800;\" \/>\t\t\t\t\t\t<div class=\"section-bg-overlay absolute fill\"><\/div>\n\t\t\t\n\n\t\t<\/div>\n\n\t\t\n\n\t\t<div class=\"section-content relative\">\n\t\t\t\n\n<div class=\"row row-collapse\"  id=\"row-1436789616\">\n\n\n\t<div id=\"col-166695433\" class=\"col small-12 large-12\"  >\n\t\t\t\t<div class=\"col-inner\"  >\n\t\t\t\n\t\t\t\n\n<h2><span style=\"font-size: 160%;\">Green Poppys Stora Bajsgudie<\/span><\/h2>\n<p><span style=\"font-size: 120%;\">Den stora fr\u00e5gan &#8211; what to do with the poo?<\/span><\/p>\n\n\t\t<\/div>\n\t\t\t\t\t<\/div>\n\n\t\n\n<\/div>\n\n\t\t<\/div>\n\n\t\t\n<style>\n#section_307152101 {\n  padding-top: 154px;\n  padding-bottom: 154px;\n}\n#section_307152101 .section-bg-overlay {\n  background-color: rgba(0,0,0,.5);\n}\n#section_307152101 .section-bg img {\n  object-position: 59% 52%;\n}\n<\/style>\n\t<\/section>\n\t\n\n\t\t<\/div>\n\t\t\t\t\n<style>\n#col-8459615 > .col-inner {\n  margin: 0px 0px 0px 0px;\n}\n<\/style>\n\t<\/div>\n\n\t\n\n\n<style>\n#row-471036853 > .col > .col-inner {\n  padding: 0px 0px 0px 0px;\n  background-color: rgb(254, 186, 219);\n}\n<\/style>\n<\/div>\n\n\t<section class=\"section\" id=\"section_1754872075\">\n\t\t<div class=\"section-bg fill\" >\n\t\t\t\t\t\t\t\t\t\n\t\t\t\n\n\t\t<\/div>\n\n\t\t\n\n\t\t<div class=\"section-content relative\">\n\t\t\t\n\n<div class=\"row row-collapse row-full-width align-center\"  id=\"row-1235320413\">\n\n\n\t<div id=\"col-721263656\" class=\"col medium-8 small-10 large-9\"  >\n\t\t\t\t<div class=\"col-inner text-center\"  >\n\t\t\t\n\t\t\t\n\n<p style=\"text-align: center;\">Vad g\u00f6r man med bajset n\u00e4r man har tygbl\u00f6jor? \u00c4r det inte \u00e4ckligt att hantera bajset i en tygbl\u00f6ja? Fastnar inte bajset i tv\u00e4ttmaskinen? Svaret \u00e4r &#8221;nej&#8221; &#8211; enligt Green Poppy.<\/p>\n<p style=\"text-align: center;\">Men det \u00e4r vanliga fr\u00e5gor. Hur tv\u00e4ttar man en tygbl\u00f6ja med bajs? Kanske \u00e4r det ett av de st\u00f6rsta hinder till varf\u00f6r man tvekar p\u00e5 tygbl\u00f6jor. Bajset. Det \u00e4r ju oundvikligt, f\u00f6r bebisar och barn bajsar. Se v\u00e5r film h\u00e4r om bajsguiden och l\u00e4s h\u00e4r nedan \u00e4nnu mer f\u00f6r att ta reda p\u00e5 hur enkelt du kan hantera bajset n\u00e4r du anv\u00e4nder tygbl\u00f6jor!<\/p>\n\n\t\t<\/div>\n\t\t\t\t\t<\/div>\n\n\t\n\n\n<style>\n#row-1235320413 > .col > .col-inner {\n  background-color: rgb(236, 230, 216);\n}\n<\/style>\n<\/div>\n<div class=\"row row-collapse row-full-width align-center\"  id=\"row-535358277\">\n\n\n\t<div id=\"col-1281662904\" class=\"col medium-8 small-10 large-9\"  >\n\t\t\t\t<div class=\"col-inner text-center\"  >\n\t\t\t\n\t\t\t\n\n<div class=\"video video-fit mb\" style=\"padding-top:56.25%;\"><iframe title=\"Green Poppys bajsguide f\u00f6r tygbl\u00f6jor\" width=\"1020\" height=\"574\" data-src=\"https:\/\/www.youtube.com\/embed\/DGehDDU8_Ds?feature=oembed\" frameborder=\"0\" allow=\"accelerometer; autoplay; clipboard-write; encrypted-media; gyroscope; picture-in-picture; web-share\" referrerpolicy=\"strict-origin-when-cross-origin\" allowfullscreen src=\"data:image\/gif;base64,R0lGODlhAQABAAAAACH5BAEKAAEALAAAAAABAAEAAAICTAEAOw==\" class=\"lazyload\" data-load-mode=\"1\"><\/iframe><\/div>\n\n\n\t\t<\/div>\n\t\t\t\t\t<\/div>\n\n\t\n\n\n<style>\n#row-535358277 > .col > .col-inner {\n  background-color: rgb(255, 255, 255);\n}\n<\/style>\n<\/div>\n<div class=\"row row-collapse row-full-width align-center\"  id=\"row-835567582\">\n\n\n\t<div id=\"col-1475610730\" class=\"col medium-8 small-10 large-9\"  >\n\t\t\t\t<div class=\"col-inner text-center\"  >\n\t\t\t\n\t\t\t\n\n<h2 style=\"text-align: center;\">Poop with a Newborn<\/h2>\n<p style=\"text-align: center;\">S\u00e5 l\u00e4nge barnet endast ammas eller \u00e4ter mj\u00f6lkers\u00e4ttning \u00e4r bajset vattenl\u00f6sligt. Bl\u00f6jan kan d\u00e5 tv\u00e4ttas som den \u00e4r och beh\u00f6ver inte behandlas innan tv\u00e4tt (<a href=\"https:\/\/testpage.greenpoppy.se\/en\/tvattrutiner\/\">l\u00e4s g\u00e4rna mer h\u00e4r om tv\u00e4tt<\/a> av tygbl\u00f6jor).<\/p>\n<h2 style=\"text-align: center;\">How to Handle Poop!<\/h2>\n<p style=\"text-align: center;\">It's when the child starts eating more solid food that some may find it more challenging to handle poop diapers.<\/p>\n<p style=\"text-align: center;\">So what do you do with the poop?! Well, it goes where all other poop goes \u2013 in the toilet. How does it get there? There are a few different ways, here are some tips!<\/p>\n<ol>\n<li style=\"text-align: left;\">If the poop is solid, simply turn the diaper upside down over the toilet and flush the poop down. It's okay if there are small residues left on the diaper; the washing machine can handle it.<\/li>\n<li style=\"text-align: left;\">If the poop is loose, try scraping it off the diaper with, for example, a plastic knife dedicated to this purpose. Perhaps buy one of these poop knives? No, we mean a butter knife, of course!<\/li>\n<li style=\"text-align: left;\">Use paper and wipe off the poop.<\/li>\n<li style=\"text-align: left;\">Eller, h\u00e5ll i h\u00f6rnen av bl\u00f6jan och h\u00e5ll ner den i toalettstolen och spola och l\u00e5t vatten spola bort bajset.<\/li>\n<li style=\"text-align: left;\">You can also flush away the poop with, for example, the shower hose or a bidet shower. You can flush directly into the toilet if the hose reaches there, otherwise into, for example, a bucket that you then empty into the toilet.<\/li>\n<\/ol>\n<h3 style=\"text-align: center;\">Bambupapper<\/h3>\n<p style=\"text-align: center;\">Det finns \u00e4ven tunna <a href=\"https:\/\/testpage.greenpoppy.se\/en\/product\/bambupapper\/\">eng\u00e5ngsinl\u00e4gg<\/a> att l\u00e4gga \u00f6verst i bl\u00f6jan. Dessa inl\u00e4gg kan tv\u00e4ttas och \u00e5teranv\u00e4ndas n\u00e4r det bara har varit kiss eller s\u00e5 kan man helt enkelt lyfta av dem med bajset och kasta i soptunnan.<\/p>\n\n\t\t<\/div>\n\t\t\t\t\t<\/div>\n\n\t\n\n\n<style>\n#row-835567582 > .col > .col-inner {\n  background-color: rgb(236, 230, 216);\n}\n<\/style>\n<\/div>\n\n\t\t<\/div>\n\n\t\t\n<style>\n#section_1754872075 {\n  padding-top: 10px;\n  padding-bottom: 10px;\n}\n@media (min-width:550px) {\n  #section_1754872075 {\n    padding-top: 80px;\n    padding-bottom: 80px;\n  }\n}\n<\/style>\n\t<\/section>","protected":false},"excerpt":{"rendered":"","protected":false},"author":1,"featured_media":0,"parent":0,"menu_order":0,"comment_status":"closed","ping_status":"closed","template":"page-blank.php","meta":{"footnotes":""},"class_list":["post-775","page","type-page","status-publish","hentry"],"yoast_head":"<!-- This site is optimized with the Yoast SEO plugin v24.4 - https:\/\/yoast.com\/wordpress\/plugins\/seo\/ -->\n<title>Bajsguide - testpage<\/title>\n<meta name=\"robots\" content=\"noindex, follow, max-snippet:-1, max-image-preview:large, max-video-preview:-1\" \/>\n<meta property=\"og:locale\" content=\"en_GB\" \/>\n<meta property=\"og:type\" content=\"article\" \/>\n<meta property=\"og:title\" content=\"Bajsguide - testpage\" \/>\n<meta property=\"og:url\" content=\"https:\/\/testpage.greenpoppy.se\/en\/bajsguide\/\" \/>\n<meta property=\"og:site_name\" content=\"testpage\" \/>\n<meta property=\"article:publisher\" content=\"https:\/\/www.facebook.com\/profile.php?id=61554367862205\" \/>\n<meta property=\"article:modified_time\" content=\"2024-09-16T15:03:06+00:00\" \/>\n<meta name=\"twitter:card\" content=\"summary_large_image\" \/>\n<meta name=\"twitter:label1\" content=\"Estimated reading time\" \/>\n\t<meta name=\"twitter:data1\" content=\"3 minutes\" \/>\n<script type=\"application\/ld+json\" class=\"yoast-schema-graph\">{\"@context\":\"https:\/\/schema.org\",\"@graph\":[{\"@type\":\"WebPage\",\"@id\":\"https:\/\/testpage.greenpoppy.se\/bajsguide\/\",\"url\":\"https:\/\/testpage.greenpoppy.se\/bajsguide\/\",\"name\":\"Bajsguide - testpage\",\"isPartOf\":{\"@id\":\"https:\/\/testpage.greenpoppy.se\/#website\"},\"datePublished\":\"2024-01-09T19:03:01+00:00\",\"dateModified\":\"2024-09-16T15:03:06+00:00\",\"breadcrumb\":{\"@id\":\"https:\/\/testpage.greenpoppy.se\/bajsguide\/#breadcrumb\"},\"inLanguage\":\"en-GB\",\"potentialAction\":[{\"@type\":\"ReadAction\",\"target\":[\"https:\/\/testpage.greenpoppy.se\/bajsguide\/\"]}]},{\"@type\":\"BreadcrumbList\",\"@id\":\"https:\/\/testpage.greenpoppy.se\/bajsguide\/#breadcrumb\",\"itemListElement\":[{\"@type\":\"ListItem\",\"position\":1,\"name\":\"Hem\",\"item\":\"https:\/\/testpage.greenpoppy.se\/\"},{\"@type\":\"ListItem\",\"position\":2,\"name\":\"Bajsguide\"}]},{\"@type\":\"WebSite\",\"@id\":\"https:\/\/testpage.greenpoppy.se\/#website\",\"url\":\"https:\/\/testpage.greenpoppy.se\/\",\"name\":\"Green Poppy\",\"description\":\"H\u00e5llbara och \u00e5teranv\u00e4ndbara tygbl\u00f6jor\",\"publisher\":{\"@id\":\"https:\/\/testpage.greenpoppy.se\/#organization\"},\"potentialAction\":[{\"@type\":\"SearchAction\",\"target\":{\"@type\":\"EntryPoint\",\"urlTemplate\":\"https:\/\/testpage.greenpoppy.se\/?s={search_term_string}\"},\"query-input\":{\"@type\":\"PropertyValueSpecification\",\"valueRequired\":true,\"valueName\":\"search_term_string\"}}],\"inLanguage\":\"en-GB\"},{\"@type\":\"Organization\",\"@id\":\"https:\/\/testpage.greenpoppy.se\/#organization\",\"name\":\"Green Poppy\",\"url\":\"https:\/\/testpage.greenpoppy.se\/\",\"logo\":{\"@type\":\"ImageObject\",\"inLanguage\":\"en-GB\",\"@id\":\"https:\/\/testpage.greenpoppy.se\/#\/schema\/logo\/image\/\",\"url\":\"https:\/\/testpage.greenpoppy.se\/wp-content\/uploads\/2024\/01\/Logga_Officiell.svg\",\"contentUrl\":\"https:\/\/testpage.greenpoppy.se\/wp-content\/uploads\/2024\/01\/Logga_Officiell.svg\",\"width\":1,\"height\":1,\"caption\":\"Green Poppy\"},\"image\":{\"@id\":\"https:\/\/testpage.greenpoppy.se\/#\/schema\/logo\/image\/\"},\"sameAs\":[\"https:\/\/www.facebook.com\/profile.php?id=61554367862205\",\"https:\/\/www.instagram.com\/greenpoppy.se\/\"]}]}<\/script>\n<!-- \/ Yoast SEO plugin. -->","yoast_head_json":{"title":"Bajsguide - testpage","robots":{"index":"noindex","follow":"follow","max-snippet":"max-snippet:-1","max-image-preview":"max-image-preview:large","max-video-preview":"max-video-preview:-1"},"og_locale":"en_GB","og_type":"article","og_title":"Bajsguide - testpage","og_url":"https:\/\/testpage.greenpoppy.se\/en\/bajsguide\/","og_site_name":"testpage","article_publisher":"https:\/\/www.facebook.com\/profile.php?id=61554367862205","article_modified_time":"2024-09-16T15:03:06+00:00","twitter_card":"summary_large_image","twitter_misc":{"Estimated reading time":"3 minutes"},"schema":{"@context":"https:\/\/schema.org","@graph":[{"@type":"WebPage","@id":"https:\/\/testpage.greenpoppy.se\/bajsguide\/","url":"https:\/\/testpage.greenpoppy.se\/bajsguide\/","name":"Bajsguide - testpage","isPartOf":{"@id":"https:\/\/testpage.greenpoppy.se\/#website"},"datePublished":"2024-01-09T19:03:01+00:00","dateModified":"2024-09-16T15:03:06+00:00","breadcrumb":{"@id":"https:\/\/testpage.greenpoppy.se\/bajsguide\/#breadcrumb"},"inLanguage":"en-GB","potentialAction":[{"@type":"ReadAction","target":["https:\/\/testpage.greenpoppy.se\/bajsguide\/"]}]},{"@type":"BreadcrumbList","@id":"https:\/\/testpage.greenpoppy.se\/bajsguide\/#breadcrumb","itemListElement":[{"@type":"ListItem","position":1,"name":"Hem","item":"https:\/\/testpage.greenpoppy.se\/"},{"@type":"ListItem","position":2,"name":"Bajsguide"}]},{"@type":"WebSite","@id":"https:\/\/testpage.greenpoppy.se\/#website","url":"https:\/\/testpage.greenpoppy.se\/","name":"Green Poppy","description":"H\u00e5llbara och \u00e5teranv\u00e4ndbara tygbl\u00f6jor","publisher":{"@id":"https:\/\/testpage.greenpoppy.se\/#organization"},"potentialAction":[{"@type":"SearchAction","target":{"@type":"EntryPoint","urlTemplate":"https:\/\/testpage.greenpoppy.se\/?s={search_term_string}"},"query-input":{"@type":"PropertyValueSpecification","valueRequired":true,"valueName":"search_term_string"}}],"inLanguage":"en-GB"},{"@type":"Organization","@id":"https:\/\/testpage.greenpoppy.se\/#organization","name":"Green Poppy","url":"https:\/\/testpage.greenpoppy.se\/","logo":{"@type":"ImageObject","inLanguage":"en-GB","@id":"https:\/\/testpage.greenpoppy.se\/#\/schema\/logo\/image\/","url":"https:\/\/testpage.greenpoppy.se\/wp-content\/uploads\/2024\/01\/Logga_Officiell.svg","contentUrl":"https:\/\/testpage.greenpoppy.se\/wp-content\/uploads\/2024\/01\/Logga_Officiell.svg","width":1,"height":1,"caption":"Green Poppy"},"image":{"@id":"https:\/\/testpage.greenpoppy.se\/#\/schema\/logo\/image\/"},"sameAs":["https:\/\/www.facebook.com\/profile.php?id=61554367862205","https:\/\/www.instagram.com\/greenpoppy.se\/"]}]}},"_links":{"self":[{"href":"https:\/\/testpage.greenpoppy.se\/en\/wp-json\/wp\/v2\/pages\/775","targetHints":{"allow":["GET"]}}],"collection":[{"href":"https:\/\/testpage.greenpoppy.se\/en\/wp-json\/wp\/v2\/pages"}],"about":[{"href":"https:\/\/testpage.greenpoppy.se\/en\/wp-json\/wp\/v2\/types\/page"}],"author":[{"embeddable":true,"href":"https:\/\/testpage.greenpoppy.se\/en\/wp-json\/wp\/v2\/users\/1"}],"replies":[{"embeddable":true,"href":"https:\/\/testpage.greenpoppy.se\/en\/wp-json\/wp\/v2\/comments?post=775"}],"version-history":[{"count":11,"href":"https:\/\/testpage.greenpoppy.se\/en\/wp-json\/wp\/v2\/pages\/775\/revisions"}],"predecessor-version":[{"id":2483,"href":"https:\/\/testpage.greenpoppy.se\/en\/wp-json\/wp\/v2\/pages\/775\/revisions\/2483"}],"wp:attachment":[{"href":"https:\/\/testpage.greenpoppy.se\/en\/wp-json\/wp\/v2\/media?parent=775"}],"curies":[{"name":"wp","href":"https:\/\/api.w.org\/{rel}","templated":true}]}}