{"id":770,"date":"2024-01-09T19:58:49","date_gmt":"2024-01-09T18:58:49","guid":{"rendered":"https:\/\/testpage.greenpoppy.se\/?page_id=770"},"modified":"2024-11-30T22:46:20","modified_gmt":"2024-11-30T21:46:20","slug":"passform-av-tygblojor","status":"publish","type":"page","link":"https:\/\/testpage.greenpoppy.se\/en\/passform-av-tygblojor\/","title":{"rendered":"Passform av tygbl\u00f6jor"},"content":{"rendered":"<div class=\"row row-collapse row-full-width\"  id=\"row-900093198\">\n\n\n\t<div id=\"col-2049752717\" class=\"col small-12 large-12\"  >\n\t\t\t\t<div class=\"col-inner text-center\" style=\"background-color:#989d78;\" >\n\t\t\t\n\t\t\t\n\n\n\t<section class=\"section dark\" id=\"section_433277244\">\n\t\t<div class=\"section-bg fill\" >\n\t\t\t<img decoding=\"async\" width=\"1700\" height=\"1133\" data-src=\"https:\/\/testpage.greenpoppy.se\/wp-content\/uploads\/2024\/07\/DSC_5429.jpg\" class=\"bg attachment- size- lazyload\" alt=\"en tygbl\u00f6ja p\u00e5 ett barn\" src=\"data:image\/gif;base64,R0lGODlhAQABAAAAACH5BAEKAAEALAAAAAABAAEAAAICTAEAOw==\" style=\"--smush-placeholder-width: 1700px; --smush-placeholder-aspect-ratio: 1700\/1133;\" \/>\t\t\t\t\t\t<div class=\"section-bg-overlay absolute fill\"><\/div>\n\t\t\t\n\n\t\t<\/div>\n\n\t\t\n\n\t\t<div class=\"section-content relative\">\n\t\t\t\n\n<div class=\"row row-collapse\"  id=\"row-634112544\">\n\n\n\t<div id=\"col-1235266933\" class=\"col small-12 large-12\"  >\n\t\t\t\t<div class=\"col-inner\"  >\n\t\t\t\n\t\t\t\n\n<h2><span style=\"font-size: 160%;\">Passform av tygbl\u00f6jor<\/span><\/h2>\n<p><span style=\"font-size: 17.280001px;\">Hur ska en tygbl\u00f6ja sitta?<\/span><\/p>\n\n\t\t<\/div>\n\t\t\t\t\t<\/div>\n\n\t\n\n<\/div>\n\n\t\t<\/div>\n\n\t\t\n<style>\n#section_433277244 {\n  padding-top: 154px;\n  padding-bottom: 154px;\n}\n#section_433277244 .section-bg-overlay {\n  background-color: rgba(0,0,0,.5);\n}\n#section_433277244 .section-bg img {\n  object-position: 59% 52%;\n}\n<\/style>\n\t<\/section>\n\t\n\n\t\t<\/div>\n\t\t\t\t\n<style>\n#col-2049752717 > .col-inner {\n  margin: 0px 0px 0px 0px;\n}\n<\/style>\n\t<\/div>\n\n\t\n\n\n<style>\n#row-900093198 > .col > .col-inner {\n  padding: 0px 0px 0px 0px;\n  background-color: rgb(254, 186, 219);\n}\n<\/style>\n<\/div>\n\n\t<section class=\"section\" id=\"section_149047248\">\n\t\t<div class=\"section-bg fill\" >\n\t\t\t\t\t\t\t\t\t\n\t\t\t\n\n\t\t<\/div>\n\n\t\t\n\n\t\t<div class=\"section-content relative\">\n\t\t\t\n\n<div class=\"row row-collapse row-full-width align-center\"  id=\"row-1631729033\">\n\n\n\t<div id=\"col-1645428466\" class=\"col medium-6 small-10 large-6\"  >\n\t\t\t\t<div class=\"col-inner text-center\" style=\"background-color:rgb(236, 230, 216);\" >\n\t\t\t\n\t\t\t\n\n<h2 style=\"text-align: center;\">Height Adjustment<\/h2>\n<p style=\"text-align: center;\">Start by adjusting the height of the diaper, if it's a One Size diaper. Cloth diapers sit a bit lower than disposable diapers. At the back, the diaper should sit just above the buttocks. At the front, the edge of the diaper should be a bit below the navel. Use the buttons on the front of the diaper to adjust the height. The excess fabric should be tucked upward toward the buttons that adjust the waist.<\/p>\n<h2 style=\"text-align: center;\">Snug around the Legs<\/h2>\n<p style=\"text-align: center;\">En tygbl\u00f6ja, oavsett om man anv\u00e4nder vikbl\u00f6jor, pockets eller SIO-system (<a href=\"https:\/\/testpage.greenpoppy.se\/en\/olika-system\/\">l\u00e4s mer om olika system h\u00e4<\/a>r), ska sitta som ett par trosor p\u00e5 barnet. Detta betyder att man ska se till att res\u00e5ren runt benen sitter t\u00e4tt runt benen p\u00e5 barnet och sedan peta in res\u00e5ren ordentlig i ljumskarna. S\u00e5, st\u00e4ng bl\u00f6jan och se till att det \u00e4r t\u00e4tt runt benen.<\/p>\n<h2 style=\"text-align: center;\">Adjust the Waist<\/h2>\n<p style=\"text-align: center;\">When it comes to the belly, the diaper should not be tight. If the child is lying down during a diaper change, you should be able to fit two adult fingers between the belly and the diaper. It's okay if there's a bit of a gap at the belly. Then, fasten the buttons to make it snug for the child.<\/p>\n<p style=\"text-align: center;\">Are you having problems with leakage? <a href=\"https:\/\/testpage.greenpoppy.se\/en\/lackage\/\">Read our guide<\/a> to help with the problem.\u00a0<\/p>\n<p style=\"text-align: center;\">Please refer to the illustration below for guidance!<\/p>\n\n\t\t<\/div>\n\t\t\t\t\n<style>\n#col-1645428466 > .col-inner {\n  padding: 0px 0px 0px 0px;\n  margin: 0px 0px 0px 0px;\n}\n@media (min-width:550px) {\n  #col-1645428466 > .col-inner {\n    padding: 0px 0px 0px 0px;\n    margin: 0px 0px 0px 10px;\n  }\n}\n<\/style>\n\t<\/div>\n\n\t\n\n\n<style>\n#row-1631729033 > .col > .col-inner {\n  padding: 0px 0px 30px 0px;\n  background-color: rgb(255, 255, 255);\n}\n<\/style>\n<\/div>\n<div class=\"row row-collapse row-full-width align-center\"  id=\"row-1680346384\">\n\n\n\t<div id=\"col-1999357397\" class=\"col medium-8 small-10 large-8\"  >\n\t\t\t\t<div class=\"col-inner text-center\"  >\n\t\t\t\n\t\t\t\n\n<div class=\"slider-wrapper relative\" id=\"slider-45613685\" >\n    <div class=\"slider slider-nav-circle slider-nav-large slider-nav-light slider-style-normal\"\n        data-flickity-options='{            \"cellAlign\": \"center\",            \"imagesLoaded\": true,            \"lazyLoad\": 1,            \"freeScroll\": false,            \"wrapAround\": true,            \"autoPlay\": 6000,            \"pauseAutoPlayOnHover\" : true,            \"prevNextButtons\": true,            \"contain\" : true,            \"adaptiveHeight\" : true,            \"dragThreshold\" : 10,            \"percentPosition\": true,            \"pageDots\": true,            \"rightToLeft\": false,            \"draggable\": true,            \"selectedAttraction\": 0.1,            \"parallax\" : 0,            \"friction\": 0.6        }'\n        >\n        \n\n\t<div class=\"img has-hover x md-x lg-x y md-y lg-y\" id=\"image_749768331\">\n\t\t\t\t\t\t\t\t<div class=\"img-inner dark\" >\n\t\t\t<img decoding=\"async\" width=\"1020\" height=\"721\" data-src=\"https:\/\/testpage.greenpoppy.se\/wp-content\/uploads\/2024\/03\/HowToTygblojaRityta-9-1131x800.jpg\" class=\"attachment-large size-large lazyload\" alt=\"hur f\u00e5r man till en bra passform med en tygbl\u00f6ja illustration\" data-srcset=\"https:\/\/testpage.greenpoppy.se\/wp-content\/uploads\/2024\/03\/HowToTygblojaRityta-9-1131x800.jpg 1131w, https:\/\/testpage.greenpoppy.se\/wp-content\/uploads\/2024\/03\/HowToTygblojaRityta-9-475x336.jpg 475w, https:\/\/testpage.greenpoppy.se\/wp-content\/uploads\/2024\/03\/HowToTygblojaRityta-9-565x400.jpg 565w, https:\/\/testpage.greenpoppy.se\/wp-content\/uploads\/2024\/03\/HowToTygblojaRityta-9-768x543.jpg 768w, https:\/\/testpage.greenpoppy.se\/wp-content\/uploads\/2024\/03\/HowToTygblojaRityta-9-18x12.jpg 18w, https:\/\/testpage.greenpoppy.se\/wp-content\/uploads\/2024\/03\/HowToTygblojaRityta-9.jpg 1360w\" data-sizes=\"(max-width: 1020px) 100vw, 1020px\" src=\"data:image\/gif;base64,R0lGODlhAQABAAAAACH5BAEKAAEALAAAAAABAAEAAAICTAEAOw==\" style=\"--smush-placeholder-width: 1020px; --smush-placeholder-aspect-ratio: 1020\/721;\" \/>\t\t\t\t\t\t\n\t\t\t\t\t<\/div>\n\t\t\t\t\t\t\t\t\n<style>\n#image_749768331 {\n  width: 100%;\n}\n<\/style>\n\t<\/div>\n\t\n\n\t<div class=\"img has-hover x md-x lg-x y md-y lg-y\" id=\"image_1683162155\">\n\t\t\t\t\t\t\t\t<div class=\"img-inner dark\" >\n\t\t\t<img decoding=\"async\" width=\"1020\" height=\"721\" data-src=\"https:\/\/testpage.greenpoppy.se\/wp-content\/uploads\/2024\/03\/HowTo_EngelskaRityta-9-1131x800.png\" class=\"attachment-large size-large lazyload\" alt=\"how-to-english\" data-srcset=\"https:\/\/testpage.greenpoppy.se\/wp-content\/uploads\/2024\/03\/HowTo_EngelskaRityta-9-1131x800.png 1131w, https:\/\/testpage.greenpoppy.se\/wp-content\/uploads\/2024\/03\/HowTo_EngelskaRityta-9-475x336.png 475w, https:\/\/testpage.greenpoppy.se\/wp-content\/uploads\/2024\/03\/HowTo_EngelskaRityta-9-565x400.png 565w, https:\/\/testpage.greenpoppy.se\/wp-content\/uploads\/2024\/03\/HowTo_EngelskaRityta-9-768x543.png 768w, https:\/\/testpage.greenpoppy.se\/wp-content\/uploads\/2024\/03\/HowTo_EngelskaRityta-9-18x12.png 18w, https:\/\/testpage.greenpoppy.se\/wp-content\/uploads\/2024\/03\/HowTo_EngelskaRityta-9.png 1360w\" data-sizes=\"(max-width: 1020px) 100vw, 1020px\" src=\"data:image\/gif;base64,R0lGODlhAQABAAAAACH5BAEKAAEALAAAAAABAAEAAAICTAEAOw==\" style=\"--smush-placeholder-width: 1020px; --smush-placeholder-aspect-ratio: 1020\/721;\" \/>\t\t\t\t\t\t\n\t\t\t\t\t<\/div>\n\t\t\t\t\t\t\t\t\n<style>\n#image_1683162155 {\n  width: 100%;\n}\n<\/style>\n\t<\/div>\n\t\n\n\n     <\/div>\n\n     <div class=\"loading-spin dark large centered\"><\/div>\n\n\t<\/div>\n\n\n\n\t\t<\/div>\n\t\t\t\t\t<\/div>\n\n\t\n\n\n<style>\n#row-1680346384 > .col > .col-inner {\n  background-color: rgb(236, 230, 216);\n}\n<\/style>\n<\/div>\n\n\t\t<\/div>\n\n\t\t\n<style>\n#section_149047248 {\n  padding-top: 10px;\n  padding-bottom: 10px;\n}\n@media (min-width:550px) {\n  #section_149047248 {\n    padding-top: 80px;\n    padding-bottom: 80px;\n  }\n}\n<\/style>\n\t<\/section>","protected":false},"excerpt":{"rendered":"","protected":false},"author":1,"featured_media":0,"parent":0,"menu_order":0,"comment_status":"closed","ping_status":"closed","template":"page-blank.php","meta":{"footnotes":""},"class_list":["post-770","page","type-page","status-publish","hentry"],"yoast_head":"<!-- This site is optimized with the Yoast SEO plugin v24.4 - https:\/\/yoast.com\/wordpress\/plugins\/seo\/ -->\n<title>Passform av tygbl\u00f6jor - testpage<\/title>\n<meta name=\"robots\" content=\"noindex, follow, max-snippet:-1, max-image-preview:large, max-video-preview:-1\" \/>\n<meta property=\"og:locale\" content=\"en_GB\" \/>\n<meta property=\"og:type\" content=\"article\" \/>\n<meta property=\"og:title\" content=\"Passform av tygbl\u00f6jor - testpage\" \/>\n<meta property=\"og:url\" content=\"https:\/\/testpage.greenpoppy.se\/en\/passform-av-tygblojor\/\" \/>\n<meta property=\"og:site_name\" content=\"testpage\" \/>\n<meta property=\"article:publisher\" content=\"https:\/\/www.facebook.com\/profile.php?id=61554367862205\" \/>\n<meta property=\"article:modified_time\" content=\"2024-11-30T21:46:20+00:00\" \/>\n<meta name=\"twitter:card\" content=\"summary_large_image\" \/>\n<meta name=\"twitter:label1\" content=\"Estimated reading time\" \/>\n\t<meta name=\"twitter:data1\" content=\"2 minutes\" \/>\n<script type=\"application\/ld+json\" class=\"yoast-schema-graph\">{\"@context\":\"https:\/\/schema.org\",\"@graph\":[{\"@type\":\"WebPage\",\"@id\":\"https:\/\/testpage.greenpoppy.se\/passform-av-tygblojor\/\",\"url\":\"https:\/\/testpage.greenpoppy.se\/passform-av-tygblojor\/\",\"name\":\"Passform av tygbl\u00f6jor - testpage\",\"isPartOf\":{\"@id\":\"https:\/\/testpage.greenpoppy.se\/#website\"},\"datePublished\":\"2024-01-09T18:58:49+00:00\",\"dateModified\":\"2024-11-30T21:46:20+00:00\",\"breadcrumb\":{\"@id\":\"https:\/\/testpage.greenpoppy.se\/passform-av-tygblojor\/#breadcrumb\"},\"inLanguage\":\"en-GB\",\"potentialAction\":[{\"@type\":\"ReadAction\",\"target\":[\"https:\/\/testpage.greenpoppy.se\/passform-av-tygblojor\/\"]}]},{\"@type\":\"BreadcrumbList\",\"@id\":\"https:\/\/testpage.greenpoppy.se\/passform-av-tygblojor\/#breadcrumb\",\"itemListElement\":[{\"@type\":\"ListItem\",\"position\":1,\"name\":\"Hem\",\"item\":\"https:\/\/testpage.greenpoppy.se\/\"},{\"@type\":\"ListItem\",\"position\":2,\"name\":\"Passform av tygbl\u00f6jor\"}]},{\"@type\":\"WebSite\",\"@id\":\"https:\/\/testpage.greenpoppy.se\/#website\",\"url\":\"https:\/\/testpage.greenpoppy.se\/\",\"name\":\"Green Poppy\",\"description\":\"H\u00e5llbara och \u00e5teranv\u00e4ndbara tygbl\u00f6jor\",\"publisher\":{\"@id\":\"https:\/\/testpage.greenpoppy.se\/#organization\"},\"potentialAction\":[{\"@type\":\"SearchAction\",\"target\":{\"@type\":\"EntryPoint\",\"urlTemplate\":\"https:\/\/testpage.greenpoppy.se\/?s={search_term_string}\"},\"query-input\":{\"@type\":\"PropertyValueSpecification\",\"valueRequired\":true,\"valueName\":\"search_term_string\"}}],\"inLanguage\":\"en-GB\"},{\"@type\":\"Organization\",\"@id\":\"https:\/\/testpage.greenpoppy.se\/#organization\",\"name\":\"Green Poppy\",\"url\":\"https:\/\/testpage.greenpoppy.se\/\",\"logo\":{\"@type\":\"ImageObject\",\"inLanguage\":\"en-GB\",\"@id\":\"https:\/\/testpage.greenpoppy.se\/#\/schema\/logo\/image\/\",\"url\":\"https:\/\/testpage.greenpoppy.se\/wp-content\/uploads\/2024\/01\/Logga_Officiell.svg\",\"contentUrl\":\"https:\/\/testpage.greenpoppy.se\/wp-content\/uploads\/2024\/01\/Logga_Officiell.svg\",\"width\":1,\"height\":1,\"caption\":\"Green Poppy\"},\"image\":{\"@id\":\"https:\/\/testpage.greenpoppy.se\/#\/schema\/logo\/image\/\"},\"sameAs\":[\"https:\/\/www.facebook.com\/profile.php?id=61554367862205\",\"https:\/\/www.instagram.com\/greenpoppy.se\/\"]}]}<\/script>\n<!-- \/ Yoast SEO plugin. -->","yoast_head_json":{"title":"Passform av tygbl\u00f6jor - testpage","robots":{"index":"noindex","follow":"follow","max-snippet":"max-snippet:-1","max-image-preview":"max-image-preview:large","max-video-preview":"max-video-preview:-1"},"og_locale":"en_GB","og_type":"article","og_title":"Passform av tygbl\u00f6jor - testpage","og_url":"https:\/\/testpage.greenpoppy.se\/en\/passform-av-tygblojor\/","og_site_name":"testpage","article_publisher":"https:\/\/www.facebook.com\/profile.php?id=61554367862205","article_modified_time":"2024-11-30T21:46:20+00:00","twitter_card":"summary_large_image","twitter_misc":{"Estimated reading time":"2 minutes"},"schema":{"@context":"https:\/\/schema.org","@graph":[{"@type":"WebPage","@id":"https:\/\/testpage.greenpoppy.se\/passform-av-tygblojor\/","url":"https:\/\/testpage.greenpoppy.se\/passform-av-tygblojor\/","name":"Passform av tygbl\u00f6jor - testpage","isPartOf":{"@id":"https:\/\/testpage.greenpoppy.se\/#website"},"datePublished":"2024-01-09T18:58:49+00:00","dateModified":"2024-11-30T21:46:20+00:00","breadcrumb":{"@id":"https:\/\/testpage.greenpoppy.se\/passform-av-tygblojor\/#breadcrumb"},"inLanguage":"en-GB","potentialAction":[{"@type":"ReadAction","target":["https:\/\/testpage.greenpoppy.se\/passform-av-tygblojor\/"]}]},{"@type":"BreadcrumbList","@id":"https:\/\/testpage.greenpoppy.se\/passform-av-tygblojor\/#breadcrumb","itemListElement":[{"@type":"ListItem","position":1,"name":"Hem","item":"https:\/\/testpage.greenpoppy.se\/"},{"@type":"ListItem","position":2,"name":"Passform av tygbl\u00f6jor"}]},{"@type":"WebSite","@id":"https:\/\/testpage.greenpoppy.se\/#website","url":"https:\/\/testpage.greenpoppy.se\/","name":"Green Poppy","description":"H\u00e5llbara och \u00e5teranv\u00e4ndbara tygbl\u00f6jor","publisher":{"@id":"https:\/\/testpage.greenpoppy.se\/#organization"},"potentialAction":[{"@type":"SearchAction","target":{"@type":"EntryPoint","urlTemplate":"https:\/\/testpage.greenpoppy.se\/?s={search_term_string}"},"query-input":{"@type":"PropertyValueSpecification","valueRequired":true,"valueName":"search_term_string"}}],"inLanguage":"en-GB"},{"@type":"Organization","@id":"https:\/\/testpage.greenpoppy.se\/#organization","name":"Green Poppy","url":"https:\/\/testpage.greenpoppy.se\/","logo":{"@type":"ImageObject","inLanguage":"en-GB","@id":"https:\/\/testpage.greenpoppy.se\/#\/schema\/logo\/image\/","url":"https:\/\/testpage.greenpoppy.se\/wp-content\/uploads\/2024\/01\/Logga_Officiell.svg","contentUrl":"https:\/\/testpage.greenpoppy.se\/wp-content\/uploads\/2024\/01\/Logga_Officiell.svg","width":1,"height":1,"caption":"Green Poppy"},"image":{"@id":"https:\/\/testpage.greenpoppy.se\/#\/schema\/logo\/image\/"},"sameAs":["https:\/\/www.facebook.com\/profile.php?id=61554367862205","https:\/\/www.instagram.com\/greenpoppy.se\/"]}]}},"_links":{"self":[{"href":"https:\/\/testpage.greenpoppy.se\/en\/wp-json\/wp\/v2\/pages\/770","targetHints":{"allow":["GET"]}}],"collection":[{"href":"https:\/\/testpage.greenpoppy.se\/en\/wp-json\/wp\/v2\/pages"}],"about":[{"href":"https:\/\/testpage.greenpoppy.se\/en\/wp-json\/wp\/v2\/types\/page"}],"author":[{"embeddable":true,"href":"https:\/\/testpage.greenpoppy.se\/en\/wp-json\/wp\/v2\/users\/1"}],"replies":[{"embeddable":true,"href":"https:\/\/testpage.greenpoppy.se\/en\/wp-json\/wp\/v2\/comments?post=770"}],"version-history":[{"count":10,"href":"https:\/\/testpage.greenpoppy.se\/en\/wp-json\/wp\/v2\/pages\/770\/revisions"}],"predecessor-version":[{"id":2801,"href":"https:\/\/testpage.greenpoppy.se\/en\/wp-json\/wp\/v2\/pages\/770\/revisions\/2801"}],"wp:attachment":[{"href":"https:\/\/testpage.greenpoppy.se\/en\/wp-json\/wp\/v2\/media?parent=770"}],"curies":[{"name":"wp","href":"https:\/\/api.w.org\/{rel}","templated":true}]}}