{"id":761,"date":"2024-01-09T19:45:07","date_gmt":"2024-01-09T18:45:07","guid":{"rendered":"https:\/\/testpage.greenpoppy.se\/?page_id=761"},"modified":"2024-09-14T20:43:29","modified_gmt":"2024-09-14T18:43:29","slug":"lackage","status":"publish","type":"page","link":"https:\/\/testpage.greenpoppy.se\/en\/lackage\/","title":{"rendered":"Leakage"},"content":{"rendered":"<div class=\"row row-collapse row-full-width\"  id=\"row-1824399675\">\n\n\n\t<div id=\"col-2078851251\" class=\"col small-12 large-12\"  >\n\t\t\t\t<div class=\"col-inner text-center\" style=\"background-color:#989d78;\" >\n\t\t\t\n\t\t\t\n\n\n\t<section class=\"section dark\" id=\"section_760106952\">\n\t\t<div class=\"section-bg fill\" >\n\t\t\t<img decoding=\"async\" width=\"1200\" height=\"800\" data-src=\"https:\/\/testpage.greenpoppy.se\/wp-content\/uploads\/2024\/09\/IMG_7792-2.jpg\" class=\"bg attachment- size- lazyload\" alt=\"en tygbl\u00f6ja med r\u00e5djur i n\u00e4rbild p\u00e5 en rumpa\" src=\"data:image\/gif;base64,R0lGODlhAQABAAAAACH5BAEKAAEALAAAAAABAAEAAAICTAEAOw==\" style=\"--smush-placeholder-width: 1200px; --smush-placeholder-aspect-ratio: 1200\/800;\" \/>\t\t\t\t\t\t<div class=\"section-bg-overlay absolute fill\"><\/div>\n\t\t\t\n\n\t\t<\/div>\n\n\t\t\n\n\t\t<div class=\"section-content relative\">\n\t\t\t\n\n<div class=\"row row-collapse\"  id=\"row-1404952563\">\n\n\n\t<div id=\"col-1017119801\" class=\"col small-12 large-12\"  >\n\t\t\t\t<div class=\"col-inner\"  >\n\t\t\t\n\t\t\t\n\n<h2><span style=\"font-size: 160%;\">Leakage<\/span><\/h2>\n<p><span style=\"font-size: 17.280001px;\">Varf\u00f6r l\u00e4cker mina tygbl\u00f6jor ibland?<\/span><\/p>\n\n\t\t<\/div>\n\t\t\t\t\t<\/div>\n\n\t\n\n<\/div>\n\n\t\t<\/div>\n\n\t\t\n<style>\n#section_760106952 {\n  padding-top: 154px;\n  padding-bottom: 154px;\n}\n#section_760106952 .section-bg-overlay {\n  background-color: rgba(0,0,0,.5);\n}\n#section_760106952 .section-bg img {\n  object-position: 51% 29%;\n}\n<\/style>\n\t<\/section>\n\t\n\n\t\t<\/div>\n\t\t\t\t\n<style>\n#col-2078851251 > .col-inner {\n  margin: 0px 0px 0px 0px;\n}\n<\/style>\n\t<\/div>\n\n\t\n\n\n<style>\n#row-1824399675 > .col > .col-inner {\n  padding: 0px 0px 0px 0px;\n  background-color: rgb(254, 186, 219);\n}\n<\/style>\n<\/div>\n\n\t<section class=\"section\" id=\"section_547138542\">\n\t\t<div class=\"section-bg fill\" >\n\t\t\t\t\t\t\t\t\t\n\t\t\t\n\n\t\t<\/div>\n\n\t\t\n\n\t\t<div class=\"section-content relative\">\n\t\t\t\n\n<div class=\"row row-collapse row-full-width align-center\"  id=\"row-1764811179\">\n\n\n\t<div id=\"col-217396037\" class=\"col medium-8 small-10 large-9\"  >\n\t\t\t\t<div class=\"col-inner text-center\"  >\n\t\t\t\n\t\t\t\n\n<h2 style=\"text-align: center;\">Why are my diapers leaking?<\/h2>\n<p style=\"text-align: center;\">Sometimes diapers start leaking without any changes in the usual routine. It can be frustrating and annoying, especially when you don't know why it's happening. We will help you troubleshoot!<\/p>\n\n\t\t<\/div>\n\t\t\t\t\t<\/div>\n\n\t\n\n\n<style>\n#row-1764811179 > .col > .col-inner {\n  background-color: rgb(236, 230, 216);\n}\n<\/style>\n<\/div>\n<div class=\"row row-collapse row-full-width align-center\"  id=\"row-598238017\">\n\n\n\t<div id=\"col-780570557\" class=\"col medium-5 small-10 large-5\"  >\n\t\t\t\t<div class=\"col-inner text-center\" style=\"background-color:rgb(236, 230, 216);\" >\n\t\t\t\n\t\t\t\n\n\t<div id=\"gap-302003008\" class=\"gap-element clearfix\" style=\"display:block; height:auto;\">\n\t\t\n<style>\n#gap-302003008 {\n  padding-top: 0px;\n}\n@media (min-width:550px) {\n  #gap-302003008 {\n    padding-top: 30px;\n  }\n}\n<\/style>\n\t<\/div>\n\t\n\n<h2 style=\"text-align: center;\">Too little absorbent material<\/h2>\n<p style=\"text-align: center;\">Very common! Are the inserts fully saturated? If so, they can't absorb more liquid, and you need more absorbent material (inserts).<\/p>\n<h2 style=\"text-align: center;\">Too long between changes<\/h2>\n<p style=\"text-align: center;\">Same here, are the inserts fully saturated? Does it feel like you can't add more inserts? Try changing more frequently.<\/p>\n<h2 style=\"text-align: center;\">Wrong material in the inserts<\/h2>\n<p style=\"text-align: center;\">Sometimes you need to review the materials in the inserts or the combination of inserts. <a href=\"https:\/\/testpage.greenpoppy.se\/en\/olika-system\/\">Read more here<\/a> about the different types of inserts available. Leakage is common when using microfiber, as it releases liquid under pressure. Try replacing microfiber with a cotton insert, which also absorbs liquid quickly. Feel free to combine this insert with a hemp insert, which can hold a large amount of liquid.<\/p>\n<h2>Incorrect fit<\/h2>\n<p>Is the diaper gaping in the groin area? Try fastening it differently. It's important that the elastics fit snugly against the child's legs. <a href=\"https:\/\/testpage.greenpoppy.se\/en\/passform-av-tygblojor\/\">Is the diaper gaping in the groin area? Try fastening it differently. It's important that the elastics fit snugly against the child's legs.<\/a> hur man f\u00e5r till passformen p\u00e5 ett optimalt s\u00e4tt!<\/p>\n\n\t\t<\/div>\n\t\t\t\t\n<style>\n#col-780570557 > .col-inner {\n  padding: 0px 0px 0px 0px;\n  margin: 0px 0px 0px 0px;\n}\n@media (min-width:550px) {\n  #col-780570557 > .col-inner {\n    padding: 0px 0px 0px 0px;\n    margin: 0px 20px 0px 0px;\n  }\n}\n<\/style>\n\t<\/div>\n\n\t\n\n\t<div id=\"col-1982034162\" class=\"col medium-8 small-10 large-6 small-col-first\"  >\n\t\t\t\t<div class=\"col-inner text-center\" style=\"background-color:rgb(236, 230, 216);\" >\n\t\t\t\n\t<div class=\"is-border\"\n\t\tstyle=\"border-width:0px 0px 0px 0px;\">\n\t<\/div>\n\t\t\t\n\n\t<div class=\"img has-hover x md-x lg-x y md-y lg-y\" id=\"image_1250031357\">\n\t\t\t\t\t\t\t\t<div class=\"img-inner dark\" style=\"margin:30px 0px 0px 20px;\">\n\t\t\t<img decoding=\"async\" width=\"566\" height=\"800\" data-src=\"https:\/\/testpage.greenpoppy.se\/wp-content\/uploads\/2024\/09\/Lackageguide-hemsida-566x800.png\" class=\"attachment-large size-large lazyload\" alt=\"infografik om varf\u00f6r tygbl\u00f6jor ibland l\u00e4cker och m\u00f6jliga l\u00f6sningar p\u00e5 det\" data-srcset=\"https:\/\/testpage.greenpoppy.se\/wp-content\/uploads\/2024\/09\/Lackageguide-hemsida-566x800.png 566w, https:\/\/testpage.greenpoppy.se\/wp-content\/uploads\/2024\/09\/Lackageguide-hemsida-475x672.png 475w, https:\/\/testpage.greenpoppy.se\/wp-content\/uploads\/2024\/09\/Lackageguide-hemsida-283x400.png 283w, https:\/\/testpage.greenpoppy.se\/wp-content\/uploads\/2024\/09\/Lackageguide-hemsida-768x1086.png 768w, https:\/\/testpage.greenpoppy.se\/wp-content\/uploads\/2024\/09\/Lackageguide-hemsida-1086x1536.png 1086w, https:\/\/testpage.greenpoppy.se\/wp-content\/uploads\/2024\/09\/Lackageguide-hemsida-8x12.png 8w, https:\/\/testpage.greenpoppy.se\/wp-content\/uploads\/2024\/09\/Lackageguide-hemsida.png 1414w\" data-sizes=\"(max-width: 566px) 100vw, 566px\" src=\"data:image\/gif;base64,R0lGODlhAQABAAAAACH5BAEKAAEALAAAAAABAAEAAAICTAEAOw==\" style=\"--smush-placeholder-width: 566px; --smush-placeholder-aspect-ratio: 566\/800;\" \/>\t\t\t\t\t\t\n\t\t\t\t\t<\/div>\n\t\t\t\t\t\t\t\t\n<style>\n#image_1250031357 {\n  width: 100%;\n}\n<\/style>\n\t<\/div>\n\t\n\n\n\t\t<\/div>\n\t\t\t\t\n<style>\n#col-1982034162 > .col-inner {\n  margin: 0px 0px 0px 0px;\n}\n<\/style>\n\t<\/div>\n\n\t\n\n\n<style>\n#row-598238017 > .col > .col-inner {\n  padding: 0px 0px 0px 0px;\n  background-color: rgb(255, 255, 255);\n}\n@media (min-width:550px) {\n  #row-598238017 > .col > .col-inner {\n    padding: 0px 0px 30px 0px;\n  }\n}\n<\/style>\n<\/div>\n<div class=\"row row-collapse row-full-width align-center\"  id=\"row-1391102727\">\n\n\n\t<div id=\"col-1595046982\" class=\"col medium-8 small-10 large-9\"  >\n\t\t\t\t<div class=\"col-inner text-center\"  >\n\t\t\t\n\t\t\t\n\n<h2>Are you using a stay-dry layer?<\/h2>\n<p>Some babies urinate a large amount in a short time. Sometimes certain synthetic fibers like AWJ may not allow liquid to pass through quickly enough. Try switching to different types of stay-dry layers, such as fleece. You can also try skipping the stay-dry layer and use natural materials closest to the baby's skin. Sometimes it helps to place a washcloth, for example, made of cotton\/bamboo, on top, which quickly absorbs the liquid before it spreads to the next layer of inserts.<\/p>\n<h2>Leaking PUL<\/h2>\n<p>Do you see leakage in the middle of the diaper, front, or back? One reason could be leaking PUL. This can happen if the PUL has been damaged (for example, through tumble drying) or perhaps it's simply too old.<\/p>\n<p>L\u00e4cker det av en annan anledning? <a href=\"https:\/\/testpage.greenpoppy.se\/en\/kontakta-oss\/\">Kontakta g\u00e4rna oss<\/a> s\u00e5 hj\u00e4lper vi dig att komma till r\u00e4tta med problemet!<\/p>\n\n\t\t<\/div>\n\t\t\t\t\t<\/div>\n\n\t\n\n\n<style>\n#row-1391102727 > .col > .col-inner {\n  background-color: rgb(236, 230, 216);\n}\n<\/style>\n<\/div>\n\n\t\t<\/div>\n\n\t\t\n<style>\n#section_547138542 {\n  padding-top: 41px;\n  padding-bottom: 41px;\n}\n@media (min-width:550px) {\n  #section_547138542 {\n    padding-top: 80px;\n    padding-bottom: 80px;\n  }\n}\n<\/style>\n\t<\/section>","protected":false},"excerpt":{"rendered":"","protected":false},"author":1,"featured_media":0,"parent":0,"menu_order":0,"comment_status":"closed","ping_status":"closed","template":"page-blank.php","meta":{"footnotes":""},"class_list":["post-761","page","type-page","status-publish","hentry"],"yoast_head":"<!-- This site is optimized with the Yoast SEO plugin v24.4 - https:\/\/yoast.com\/wordpress\/plugins\/seo\/ -->\n<title>L\u00e4ckage - testpage<\/title>\n<meta name=\"robots\" content=\"noindex, follow, max-snippet:-1, max-image-preview:large, max-video-preview:-1\" \/>\n<meta property=\"og:locale\" content=\"en_GB\" \/>\n<meta property=\"og:type\" content=\"article\" \/>\n<meta property=\"og:title\" content=\"L\u00e4ckage - testpage\" \/>\n<meta property=\"og:url\" content=\"https:\/\/testpage.greenpoppy.se\/en\/lackage\/\" \/>\n<meta property=\"og:site_name\" content=\"testpage\" \/>\n<meta property=\"article:publisher\" content=\"https:\/\/www.facebook.com\/profile.php?id=61554367862205\" \/>\n<meta property=\"article:modified_time\" content=\"2024-09-14T18:43:29+00:00\" \/>\n<meta name=\"twitter:card\" content=\"summary_large_image\" \/>\n<meta name=\"twitter:label1\" content=\"Estimated reading time\" \/>\n\t<meta name=\"twitter:data1\" content=\"3 minutes\" \/>\n<script type=\"application\/ld+json\" class=\"yoast-schema-graph\">{\"@context\":\"https:\/\/schema.org\",\"@graph\":[{\"@type\":\"WebPage\",\"@id\":\"https:\/\/testpage.greenpoppy.se\/lackage\/\",\"url\":\"https:\/\/testpage.greenpoppy.se\/lackage\/\",\"name\":\"L\u00e4ckage - testpage\",\"isPartOf\":{\"@id\":\"https:\/\/testpage.greenpoppy.se\/#website\"},\"datePublished\":\"2024-01-09T18:45:07+00:00\",\"dateModified\":\"2024-09-14T18:43:29+00:00\",\"breadcrumb\":{\"@id\":\"https:\/\/testpage.greenpoppy.se\/lackage\/#breadcrumb\"},\"inLanguage\":\"en-GB\",\"potentialAction\":[{\"@type\":\"ReadAction\",\"target\":[\"https:\/\/testpage.greenpoppy.se\/lackage\/\"]}]},{\"@type\":\"BreadcrumbList\",\"@id\":\"https:\/\/testpage.greenpoppy.se\/lackage\/#breadcrumb\",\"itemListElement\":[{\"@type\":\"ListItem\",\"position\":1,\"name\":\"Hem\",\"item\":\"https:\/\/testpage.greenpoppy.se\/\"},{\"@type\":\"ListItem\",\"position\":2,\"name\":\"L\u00e4ckage\"}]},{\"@type\":\"WebSite\",\"@id\":\"https:\/\/testpage.greenpoppy.se\/#website\",\"url\":\"https:\/\/testpage.greenpoppy.se\/\",\"name\":\"Green Poppy\",\"description\":\"H\u00e5llbara och \u00e5teranv\u00e4ndbara tygbl\u00f6jor\",\"publisher\":{\"@id\":\"https:\/\/testpage.greenpoppy.se\/#organization\"},\"potentialAction\":[{\"@type\":\"SearchAction\",\"target\":{\"@type\":\"EntryPoint\",\"urlTemplate\":\"https:\/\/testpage.greenpoppy.se\/?s={search_term_string}\"},\"query-input\":{\"@type\":\"PropertyValueSpecification\",\"valueRequired\":true,\"valueName\":\"search_term_string\"}}],\"inLanguage\":\"en-GB\"},{\"@type\":\"Organization\",\"@id\":\"https:\/\/testpage.greenpoppy.se\/#organization\",\"name\":\"Green Poppy\",\"url\":\"https:\/\/testpage.greenpoppy.se\/\",\"logo\":{\"@type\":\"ImageObject\",\"inLanguage\":\"en-GB\",\"@id\":\"https:\/\/testpage.greenpoppy.se\/#\/schema\/logo\/image\/\",\"url\":\"https:\/\/testpage.greenpoppy.se\/wp-content\/uploads\/2024\/01\/Logga_Officiell.svg\",\"contentUrl\":\"https:\/\/testpage.greenpoppy.se\/wp-content\/uploads\/2024\/01\/Logga_Officiell.svg\",\"width\":1,\"height\":1,\"caption\":\"Green Poppy\"},\"image\":{\"@id\":\"https:\/\/testpage.greenpoppy.se\/#\/schema\/logo\/image\/\"},\"sameAs\":[\"https:\/\/www.facebook.com\/profile.php?id=61554367862205\",\"https:\/\/www.instagram.com\/greenpoppy.se\/\"]}]}<\/script>\n<!-- \/ Yoast SEO plugin. -->","yoast_head_json":{"title":"L\u00e4ckage - testpage","robots":{"index":"noindex","follow":"follow","max-snippet":"max-snippet:-1","max-image-preview":"max-image-preview:large","max-video-preview":"max-video-preview:-1"},"og_locale":"en_GB","og_type":"article","og_title":"L\u00e4ckage - testpage","og_url":"https:\/\/testpage.greenpoppy.se\/en\/lackage\/","og_site_name":"testpage","article_publisher":"https:\/\/www.facebook.com\/profile.php?id=61554367862205","article_modified_time":"2024-09-14T18:43:29+00:00","twitter_card":"summary_large_image","twitter_misc":{"Estimated reading time":"3 minutes"},"schema":{"@context":"https:\/\/schema.org","@graph":[{"@type":"WebPage","@id":"https:\/\/testpage.greenpoppy.se\/lackage\/","url":"https:\/\/testpage.greenpoppy.se\/lackage\/","name":"L\u00e4ckage - testpage","isPartOf":{"@id":"https:\/\/testpage.greenpoppy.se\/#website"},"datePublished":"2024-01-09T18:45:07+00:00","dateModified":"2024-09-14T18:43:29+00:00","breadcrumb":{"@id":"https:\/\/testpage.greenpoppy.se\/lackage\/#breadcrumb"},"inLanguage":"en-GB","potentialAction":[{"@type":"ReadAction","target":["https:\/\/testpage.greenpoppy.se\/lackage\/"]}]},{"@type":"BreadcrumbList","@id":"https:\/\/testpage.greenpoppy.se\/lackage\/#breadcrumb","itemListElement":[{"@type":"ListItem","position":1,"name":"Hem","item":"https:\/\/testpage.greenpoppy.se\/"},{"@type":"ListItem","position":2,"name":"L\u00e4ckage"}]},{"@type":"WebSite","@id":"https:\/\/testpage.greenpoppy.se\/#website","url":"https:\/\/testpage.greenpoppy.se\/","name":"Green Poppy","description":"H\u00e5llbara och \u00e5teranv\u00e4ndbara tygbl\u00f6jor","publisher":{"@id":"https:\/\/testpage.greenpoppy.se\/#organization"},"potentialAction":[{"@type":"SearchAction","target":{"@type":"EntryPoint","urlTemplate":"https:\/\/testpage.greenpoppy.se\/?s={search_term_string}"},"query-input":{"@type":"PropertyValueSpecification","valueRequired":true,"valueName":"search_term_string"}}],"inLanguage":"en-GB"},{"@type":"Organization","@id":"https:\/\/testpage.greenpoppy.se\/#organization","name":"Green Poppy","url":"https:\/\/testpage.greenpoppy.se\/","logo":{"@type":"ImageObject","inLanguage":"en-GB","@id":"https:\/\/testpage.greenpoppy.se\/#\/schema\/logo\/image\/","url":"https:\/\/testpage.greenpoppy.se\/wp-content\/uploads\/2024\/01\/Logga_Officiell.svg","contentUrl":"https:\/\/testpage.greenpoppy.se\/wp-content\/uploads\/2024\/01\/Logga_Officiell.svg","width":1,"height":1,"caption":"Green Poppy"},"image":{"@id":"https:\/\/testpage.greenpoppy.se\/#\/schema\/logo\/image\/"},"sameAs":["https:\/\/www.facebook.com\/profile.php?id=61554367862205","https:\/\/www.instagram.com\/greenpoppy.se\/"]}]}},"_links":{"self":[{"href":"https:\/\/testpage.greenpoppy.se\/en\/wp-json\/wp\/v2\/pages\/761","targetHints":{"allow":["GET"]}}],"collection":[{"href":"https:\/\/testpage.greenpoppy.se\/en\/wp-json\/wp\/v2\/pages"}],"about":[{"href":"https:\/\/testpage.greenpoppy.se\/en\/wp-json\/wp\/v2\/types\/page"}],"author":[{"embeddable":true,"href":"https:\/\/testpage.greenpoppy.se\/en\/wp-json\/wp\/v2\/users\/1"}],"replies":[{"embeddable":true,"href":"https:\/\/testpage.greenpoppy.se\/en\/wp-json\/wp\/v2\/comments?post=761"}],"version-history":[{"count":10,"href":"https:\/\/testpage.greenpoppy.se\/en\/wp-json\/wp\/v2\/pages\/761\/revisions"}],"predecessor-version":[{"id":2460,"href":"https:\/\/testpage.greenpoppy.se\/en\/wp-json\/wp\/v2\/pages\/761\/revisions\/2460"}],"wp:attachment":[{"href":"https:\/\/testpage.greenpoppy.se\/en\/wp-json\/wp\/v2\/media?parent=761"}],"curies":[{"name":"wp","href":"https:\/\/api.w.org\/{rel}","templated":true}]}}