{"id":754,"date":"2024-01-09T13:59:46","date_gmt":"2024-01-09T12:59:46","guid":{"rendered":"https:\/\/testpage.greenpoppy.se\/?page_id=754"},"modified":"2024-11-30T22:24:33","modified_gmt":"2024-11-30T21:24:33","slug":"tvattrutiner","status":"publish","type":"page","link":"https:\/\/testpage.greenpoppy.se\/en\/tvattrutiner\/","title":{"rendered":"Washing routines"},"content":{"rendered":"<div class=\"row row-collapse row-full-width\"  id=\"row-1472343329\">\n\n\n\t<div id=\"col-1842914922\" class=\"col small-12 large-12\"  >\n\t\t\t\t<div class=\"col-inner text-center\" style=\"background-color:#989d78;\" >\n\t\t\t\n\t\t\t\n\n\n\t<section class=\"section dark\" id=\"section_1586934176\">\n\t\t<div class=\"section-bg fill\" >\n\t\t\t<img decoding=\"async\" width=\"1700\" height=\"1133\" data-src=\"https:\/\/testpage.greenpoppy.se\/wp-content\/uploads\/2024\/07\/DSC_5291.jpg\" class=\"bg attachment- size- lazyload\" alt=\"\" src=\"data:image\/gif;base64,R0lGODlhAQABAAAAACH5BAEKAAEALAAAAAABAAEAAAICTAEAOw==\" style=\"--smush-placeholder-width: 1700px; --smush-placeholder-aspect-ratio: 1700\/1133;\" \/>\t\t\t\t\t\t<div class=\"section-bg-overlay absolute fill\"><\/div>\n\t\t\t\n\n\t\t<\/div>\n\n\t\t\n\n\t\t<div class=\"section-content relative\">\n\t\t\t\n\n<div class=\"row row-collapse\"  id=\"row-175213432\">\n\n\n\t<div id=\"col-1679901310\" class=\"col small-12 large-12\"  >\n\t\t\t\t<div class=\"col-inner\"  >\n\t\t\t\n\t\t\t\n\n<h2><span style=\"font-size: 160%;\">Washing routines<\/span><\/h2>\n<p><span style=\"font-size: 17.280001px;\">How to keep your cloth diapers clean and fresh<\/span><\/p>\n\n\t\t<\/div>\n\t\t\t\t\t<\/div>\n\n\t\n\n<\/div>\n\n\t\t<\/div>\n\n\t\t\n<style>\n#section_1586934176 {\n  padding-top: 154px;\n  padding-bottom: 154px;\n}\n#section_1586934176 .section-bg-overlay {\n  background-color: rgba(0,0,0,.5);\n}\n#section_1586934176 .section-bg img {\n  object-position: 59% 52%;\n}\n<\/style>\n\t<\/section>\n\t\n\n\t\t<\/div>\n\t\t\t\t\n<style>\n#col-1842914922 > .col-inner {\n  margin: 0px 0px 0px 0px;\n}\n<\/style>\n\t<\/div>\n\n\t\n\n\n<style>\n#row-1472343329 > .col > .col-inner {\n  padding: 0px 0px 0px 0px;\n  background-color: rgb(254, 186, 219);\n}\n<\/style>\n<\/div>\n\n\t<section class=\"section\" id=\"section_688400645\">\n\t\t<div class=\"section-bg fill\" >\n\t\t\t\t\t\t\t\t\t\n\t\t\t\n\n\t\t<\/div>\n\n\t\t\n\n\t\t<div class=\"section-content relative\">\n\t\t\t\n\n<div class=\"row row-collapse row-full-width align-center\"  id=\"row-403725338\">\n\n\n\t<div id=\"col-314407404\" class=\"col medium-8 small-10 large-8\"  >\n\t\t\t\t<div class=\"col-inner text-center\" style=\"background-color:rgb(236, 230, 216);\" >\n\t\t\t\n\t\t\t\n\n<h1>Tv\u00e4ttguide<\/h1>\n<p style=\"text-align: center;\">This is a guide and information for those who are curious about or have started using cloth diapers and wonder how to establish an effective washing routine!<\/p>\n<p style=\"text-align: center;\">In essence, it's simple. Everything with cloth diapers goes into the washing machine. All products from Green Poppy can be washed at 60 degrees Celsius and then air-dried for the best results.<\/p>\n<p style=\"text-align: center;\">Let's start from the beginning. The diaper is wet and soiled. What do you do? As long as you exclusively breastfeed or provide formula, the poop is water-soluble and can be put directly into the washing machine. If your child eats solid food, you may want to check our guide on \"But what about the poop?!\"<a href=\"https:\/\/testpage.greenpoppy.se\/en\/bajsguide\/\">Men bajset d\u00e5?!<\/a>\u201d.<\/p>\n<h2 style=\"text-align: center;\">During Diaper Change<\/h2>\n<p style=\"text-align: center;\">Begin by removing any inserts from the diaper or separating inserts\/fold diapers from the cover. If you're using a wool cover, you can reuse it as long as there is no poop on it. If the diaper has a PUL outer layer, it can go into the washing machine.<\/p>\n\n\t\t<\/div>\n\t\t\t\t\n<style>\n#col-314407404 > .col-inner {\n  padding: 0px 0px 0px 0px;\n  margin: 0px 0px 0px 0px;\n}\n@media (min-width:550px) {\n  #col-314407404 > .col-inner {\n    padding: 0px 0px 0px 0px;\n    margin: 0px 0px 0px 10px;\n  }\n}\n<\/style>\n\t<\/div>\n\n\t\n\n\t<div id=\"col-2147022513\" class=\"col medium-8 small-10 large-6\"  >\n\t\t\t\t<div class=\"col-inner text-center\" style=\"background-color:rgb(236, 230, 216);\" >\n\t\t\t\n\t\t\t\n\n\t<div class=\"img has-hover x md-x lg-x y md-y lg-y\" id=\"image_63283811\">\n\t\t\t\t\t\t\t\t<div class=\"img-inner dark\" >\n\t\t\t<img decoding=\"async\" width=\"566\" height=\"800\" data-src=\"https:\/\/testpage.greenpoppy.se\/wp-content\/uploads\/2024\/08\/Tvattguide-a4-566x800.png\" class=\"attachment-large size-large lazyload\" alt=\"\" data-srcset=\"https:\/\/testpage.greenpoppy.se\/wp-content\/uploads\/2024\/08\/Tvattguide-a4-566x800.png 566w, https:\/\/testpage.greenpoppy.se\/wp-content\/uploads\/2024\/08\/Tvattguide-a4-475x672.png 475w, https:\/\/testpage.greenpoppy.se\/wp-content\/uploads\/2024\/08\/Tvattguide-a4-283x400.png 283w, https:\/\/testpage.greenpoppy.se\/wp-content\/uploads\/2024\/08\/Tvattguide-a4-768x1086.png 768w, https:\/\/testpage.greenpoppy.se\/wp-content\/uploads\/2024\/08\/Tvattguide-a4-1086x1536.png 1086w, https:\/\/testpage.greenpoppy.se\/wp-content\/uploads\/2024\/08\/Tvattguide-a4-8x12.png 8w, https:\/\/testpage.greenpoppy.se\/wp-content\/uploads\/2024\/08\/Tvattguide-a4.png 1414w\" data-sizes=\"(max-width: 566px) 100vw, 566px\" src=\"data:image\/gif;base64,R0lGODlhAQABAAAAACH5BAEKAAEALAAAAAABAAEAAAICTAEAOw==\" style=\"--smush-placeholder-width: 566px; --smush-placeholder-aspect-ratio: 566\/800;\" \/>\t\t\t\t\t\t\n\t\t\t\t\t<\/div>\n\t\t\t\t\t\t\t\t\n<style>\n#image_63283811 {\n  width: 100%;\n}\n<\/style>\n\t<\/div>\n\t\n\n\n\t\t<\/div>\n\t\t\t\t\t<\/div>\n\n\t\n\n\n<style>\n#row-403725338 > .col > .col-inner {\n  padding: 0px 0px 30px 0px;\n  background-color: rgb(255, 255, 255);\n}\n<\/style>\n<\/div>\n<div class=\"row row-collapse row-full-width align-center\"  id=\"row-1096309216\">\n\n\n\t<div id=\"col-1007772874\" class=\"col medium-8 small-10 large-7\"  >\n\t\t\t\t<div class=\"col-inner text-center\"  >\n\t\t\t\n\t\t\t\n\n<h2 style=\"text-align: center;\">Detergent<\/h2>\n<p style=\"text-align: center;\">For best results, wash your cloth diapers with perfume-free powdered detergent for colored clothes, not white detergent. The detergent should contain less than 5% soap, otherwise there is a greater risk of detergent residue remaining in the diapers. The detergent should also not contain bleach. When washing cloth diapers, you can use about two-thirds of the recommended amount of detergent, also to avoid leaving detergent residue in the diapers. If detergent residue remains, there is a risk of irritation to the baby's skin and the development of unpleasant odors. In such cases, a deep cleaning may be necessary (read more about it <a href=\"https:\/\/testpage.greenpoppy.se\/en\/illaluktande-tygblojor\/\">here on our site<\/a> and <a href=\"https:\/\/blojupproret.se\/tygblojor\/skotselrad\/djuprengoring\">here on Bl\u00f6jupprorets site<\/a>).<\/p>\n\n\t\t<\/div>\n\t\t\t\t\t<\/div>\n\n\t\n\n\n<style>\n#row-1096309216 > .col > .col-inner {\n  background-color: rgb(236, 230, 216);\n}\n<\/style>\n<\/div>\n<div class=\"row row-collapse row-full-width align-center\"  id=\"row-243322912\">\n\n\n\t<div id=\"col-306042214\" class=\"col medium-8 small-10 large-9\"  >\n\t\t\t\t<div class=\"col-inner text-center\"  >\n\t\t\t\n\t\t\t\n\n\t<div class=\"img has-hover x md-x lg-x y md-y lg-y\" id=\"image_504673415\">\n\t\t\t\t\t\t\t\t<div class=\"img-inner dark\" >\n\t\t\t<img decoding=\"async\" width=\"1020\" height=\"680\" data-src=\"https:\/\/testpage.greenpoppy.se\/wp-content\/uploads\/2024\/07\/DSC_4491-1-1200x800.jpg\" class=\"attachment-large size-large lazyload\" alt=\"ett barn som sitter p\u00e5 en filt\" data-srcset=\"https:\/\/testpage.greenpoppy.se\/wp-content\/uploads\/2024\/07\/DSC_4491-1-1200x800.jpg 1200w, https:\/\/testpage.greenpoppy.se\/wp-content\/uploads\/2024\/07\/DSC_4491-1-475x317.jpg 475w, https:\/\/testpage.greenpoppy.se\/wp-content\/uploads\/2024\/07\/DSC_4491-1-600x400.jpg 600w, https:\/\/testpage.greenpoppy.se\/wp-content\/uploads\/2024\/07\/DSC_4491-1-768x512.jpg 768w, https:\/\/testpage.greenpoppy.se\/wp-content\/uploads\/2024\/07\/DSC_4491-1-1536x1024.jpg 1536w, https:\/\/testpage.greenpoppy.se\/wp-content\/uploads\/2024\/07\/DSC_4491-1-18x12.jpg 18w, https:\/\/testpage.greenpoppy.se\/wp-content\/uploads\/2024\/07\/DSC_4491-1.jpg 1700w\" data-sizes=\"(max-width: 1020px) 100vw, 1020px\" src=\"data:image\/gif;base64,R0lGODlhAQABAAAAACH5BAEKAAEALAAAAAABAAEAAAICTAEAOw==\" style=\"--smush-placeholder-width: 1020px; --smush-placeholder-aspect-ratio: 1020\/680;\" \/>\t\t\t\t\t\t\n\t\t\t\t\t<\/div>\n\t\t\t\t\t\t\t\t\n<style>\n#image_504673415 {\n  width: 100%;\n}\n<\/style>\n\t<\/div>\n\t\n\n\n\t\t<\/div>\n\t\t\t\t\t<\/div>\n\n\t\n\n\n<style>\n#row-243322912 > .col > .col-inner {\n  background-color: rgb(255, 255, 255);\n}\n<\/style>\n<\/div>\n<div class=\"row row-collapse row-full-width align-center\"  id=\"row-754504433\">\n\n\n\t<div id=\"col-347529630\" class=\"col medium-8 small-10 large-7\"  >\n\t\t\t\t<div class=\"col-inner text-center\"  >\n\t\t\t\n\t\t\t\n\n<h2 style=\"text-align: center;\">Into the Washing Machine<\/h2>\n<p style=\"text-align: center;\">We recommend starting with a cold prewash without detergent to rinse the laundry. After that, run a long cycle at 60 degrees Celsius, preferably with an extra rinse. Depending on your washing machine's efficiency, you may need to run an additional rinse after the program finishes. This is primarily to ensure that all detergent residues are thoroughly rinsed out of the laundry. We recommend a minimum of 1200 revolutions on the spin cycle.<\/p>\n\n\t\t<\/div>\n\t\t\t\t\t<\/div>\n\n\t\n\n\n<style>\n#row-754504433 > .col > .col-inner {\n  background-color: rgb(236, 230, 216);\n}\n<\/style>\n<\/div>\n<div class=\"row row-collapse row-full-width align-center\"  id=\"row-766840536\">\n\n\n\t<div id=\"col-1641150350\" class=\"col medium-8 small-10 large-7\"  >\n\t\t\t\t<div class=\"col-inner text-center\"  >\n\t\t\t\n\t\t\t\n\n<h2 style=\"text-align: center;\">Time to Dry<\/h2>\n<p style=\"text-align: center;\">When the laundry is done, it's best for all parts to air-dry. However, all Green Poppy products that don't consist of PUL can be tumble-dried, such as inserts, prefold diapers, and wipes. Tumble dry on low heat to help the inserts maintain their softness for a longer time. Some inserts may become a bit curled at the edges during tumble drying, but this can easily be fixed by pulling the inserts over the edge of, for example, a countertop after they have dried.<\/p>\n<p style=\"text-align: center;\">All done! And then you're ready for the next wash. Not too complicated, right?<\/p>\n\n\t\t<\/div>\n\t\t\t\t\t<\/div>\n\n\t\n\n\n<style>\n#row-766840536 > .col > .col-inner {\n  background-color: rgb(236, 230, 216);\n}\n<\/style>\n<\/div>\n<div class=\"row row-collapse row-full-width align-center\"  id=\"row-1494306140\">\n\n\n\t<div id=\"col-807211985\" class=\"col medium-8 small-10 large-7\"  >\n\t\t\t\t<div class=\"col-inner text-center\"  >\n\t\t\t\n\t\t\t\n\n<h2 style=\"text-align: center;\">Stains<\/h2>\n<p style=\"text-align: center;\">If cloth diapers get stains from feces, there's no need to worry; they won't function any worse because of it. However, stains can also be treated. The gentlest and most convenient way is to lay out the diapers with the stain facing upward, in the sun, and let them sunbathe. You can also treat the diapers with, for example, stain remover soap.\u00a0<\/p>\n\n\t\t<\/div>\n\t\t\t\t\t<\/div>\n\n\t\n\n\n<style>\n#row-1494306140 > .col > .col-inner {\n  background-color: rgb(236, 230, 216);\n}\n<\/style>\n<\/div>\n\n\t\t<\/div>\n\n\t\t\n<style>\n#section_688400645 {\n  padding-top: 10px;\n  padding-bottom: 10px;\n}\n@media (min-width:550px) {\n  #section_688400645 {\n    padding-top: 80px;\n    padding-bottom: 80px;\n  }\n}\n<\/style>\n\t<\/section>","protected":false},"excerpt":{"rendered":"","protected":false},"author":1,"featured_media":0,"parent":0,"menu_order":0,"comment_status":"closed","ping_status":"closed","template":"page-blank.php","meta":{"footnotes":""},"class_list":["post-754","page","type-page","status-publish","hentry"],"yoast_head":"<!-- This site is optimized with the Yoast SEO plugin v24.4 - https:\/\/yoast.com\/wordpress\/plugins\/seo\/ -->\n<title>Tv\u00e4ttrutiner - testpage<\/title>\n<meta name=\"robots\" content=\"noindex, follow, max-snippet:-1, max-image-preview:large, max-video-preview:-1\" \/>\n<meta property=\"og:locale\" content=\"en_GB\" \/>\n<meta property=\"og:type\" content=\"article\" \/>\n<meta property=\"og:title\" content=\"Tv\u00e4ttrutiner - testpage\" \/>\n<meta property=\"og:url\" content=\"https:\/\/testpage.greenpoppy.se\/en\/tvattrutiner\/\" \/>\n<meta property=\"og:site_name\" content=\"testpage\" \/>\n<meta property=\"article:publisher\" content=\"https:\/\/www.facebook.com\/profile.php?id=61554367862205\" \/>\n<meta property=\"article:modified_time\" content=\"2024-11-30T21:24:33+00:00\" \/>\n<meta name=\"twitter:card\" content=\"summary_large_image\" \/>\n<meta name=\"twitter:label1\" content=\"Estimated reading time\" \/>\n\t<meta name=\"twitter:data1\" content=\"4 minutes\" \/>\n<script type=\"application\/ld+json\" class=\"yoast-schema-graph\">{\"@context\":\"https:\/\/schema.org\",\"@graph\":[{\"@type\":\"WebPage\",\"@id\":\"https:\/\/testpage.greenpoppy.se\/tvattrutiner\/\",\"url\":\"https:\/\/testpage.greenpoppy.se\/tvattrutiner\/\",\"name\":\"Tv\u00e4ttrutiner - testpage\",\"isPartOf\":{\"@id\":\"https:\/\/testpage.greenpoppy.se\/#website\"},\"datePublished\":\"2024-01-09T12:59:46+00:00\",\"dateModified\":\"2024-11-30T21:24:33+00:00\",\"breadcrumb\":{\"@id\":\"https:\/\/testpage.greenpoppy.se\/tvattrutiner\/#breadcrumb\"},\"inLanguage\":\"en-GB\",\"potentialAction\":[{\"@type\":\"ReadAction\",\"target\":[\"https:\/\/testpage.greenpoppy.se\/tvattrutiner\/\"]}]},{\"@type\":\"BreadcrumbList\",\"@id\":\"https:\/\/testpage.greenpoppy.se\/tvattrutiner\/#breadcrumb\",\"itemListElement\":[{\"@type\":\"ListItem\",\"position\":1,\"name\":\"Hem\",\"item\":\"https:\/\/testpage.greenpoppy.se\/\"},{\"@type\":\"ListItem\",\"position\":2,\"name\":\"Tv\u00e4ttrutiner\"}]},{\"@type\":\"WebSite\",\"@id\":\"https:\/\/testpage.greenpoppy.se\/#website\",\"url\":\"https:\/\/testpage.greenpoppy.se\/\",\"name\":\"Green Poppy\",\"description\":\"H\u00e5llbara och \u00e5teranv\u00e4ndbara tygbl\u00f6jor\",\"publisher\":{\"@id\":\"https:\/\/testpage.greenpoppy.se\/#organization\"},\"potentialAction\":[{\"@type\":\"SearchAction\",\"target\":{\"@type\":\"EntryPoint\",\"urlTemplate\":\"https:\/\/testpage.greenpoppy.se\/?s={search_term_string}\"},\"query-input\":{\"@type\":\"PropertyValueSpecification\",\"valueRequired\":true,\"valueName\":\"search_term_string\"}}],\"inLanguage\":\"en-GB\"},{\"@type\":\"Organization\",\"@id\":\"https:\/\/testpage.greenpoppy.se\/#organization\",\"name\":\"Green Poppy\",\"url\":\"https:\/\/testpage.greenpoppy.se\/\",\"logo\":{\"@type\":\"ImageObject\",\"inLanguage\":\"en-GB\",\"@id\":\"https:\/\/testpage.greenpoppy.se\/#\/schema\/logo\/image\/\",\"url\":\"https:\/\/testpage.greenpoppy.se\/wp-content\/uploads\/2024\/01\/Logga_Officiell.svg\",\"contentUrl\":\"https:\/\/testpage.greenpoppy.se\/wp-content\/uploads\/2024\/01\/Logga_Officiell.svg\",\"width\":1,\"height\":1,\"caption\":\"Green Poppy\"},\"image\":{\"@id\":\"https:\/\/testpage.greenpoppy.se\/#\/schema\/logo\/image\/\"},\"sameAs\":[\"https:\/\/www.facebook.com\/profile.php?id=61554367862205\",\"https:\/\/www.instagram.com\/greenpoppy.se\/\"]}]}<\/script>\n<!-- \/ Yoast SEO plugin. -->","yoast_head_json":{"title":"Tv\u00e4ttrutiner - testpage","robots":{"index":"noindex","follow":"follow","max-snippet":"max-snippet:-1","max-image-preview":"max-image-preview:large","max-video-preview":"max-video-preview:-1"},"og_locale":"en_GB","og_type":"article","og_title":"Tv\u00e4ttrutiner - testpage","og_url":"https:\/\/testpage.greenpoppy.se\/en\/tvattrutiner\/","og_site_name":"testpage","article_publisher":"https:\/\/www.facebook.com\/profile.php?id=61554367862205","article_modified_time":"2024-11-30T21:24:33+00:00","twitter_card":"summary_large_image","twitter_misc":{"Estimated reading time":"4 minutes"},"schema":{"@context":"https:\/\/schema.org","@graph":[{"@type":"WebPage","@id":"https:\/\/testpage.greenpoppy.se\/tvattrutiner\/","url":"https:\/\/testpage.greenpoppy.se\/tvattrutiner\/","name":"Tv\u00e4ttrutiner - testpage","isPartOf":{"@id":"https:\/\/testpage.greenpoppy.se\/#website"},"datePublished":"2024-01-09T12:59:46+00:00","dateModified":"2024-11-30T21:24:33+00:00","breadcrumb":{"@id":"https:\/\/testpage.greenpoppy.se\/tvattrutiner\/#breadcrumb"},"inLanguage":"en-GB","potentialAction":[{"@type":"ReadAction","target":["https:\/\/testpage.greenpoppy.se\/tvattrutiner\/"]}]},{"@type":"BreadcrumbList","@id":"https:\/\/testpage.greenpoppy.se\/tvattrutiner\/#breadcrumb","itemListElement":[{"@type":"ListItem","position":1,"name":"Hem","item":"https:\/\/testpage.greenpoppy.se\/"},{"@type":"ListItem","position":2,"name":"Tv\u00e4ttrutiner"}]},{"@type":"WebSite","@id":"https:\/\/testpage.greenpoppy.se\/#website","url":"https:\/\/testpage.greenpoppy.se\/","name":"Green Poppy","description":"H\u00e5llbara och \u00e5teranv\u00e4ndbara tygbl\u00f6jor","publisher":{"@id":"https:\/\/testpage.greenpoppy.se\/#organization"},"potentialAction":[{"@type":"SearchAction","target":{"@type":"EntryPoint","urlTemplate":"https:\/\/testpage.greenpoppy.se\/?s={search_term_string}"},"query-input":{"@type":"PropertyValueSpecification","valueRequired":true,"valueName":"search_term_string"}}],"inLanguage":"en-GB"},{"@type":"Organization","@id":"https:\/\/testpage.greenpoppy.se\/#organization","name":"Green Poppy","url":"https:\/\/testpage.greenpoppy.se\/","logo":{"@type":"ImageObject","inLanguage":"en-GB","@id":"https:\/\/testpage.greenpoppy.se\/#\/schema\/logo\/image\/","url":"https:\/\/testpage.greenpoppy.se\/wp-content\/uploads\/2024\/01\/Logga_Officiell.svg","contentUrl":"https:\/\/testpage.greenpoppy.se\/wp-content\/uploads\/2024\/01\/Logga_Officiell.svg","width":1,"height":1,"caption":"Green Poppy"},"image":{"@id":"https:\/\/testpage.greenpoppy.se\/#\/schema\/logo\/image\/"},"sameAs":["https:\/\/www.facebook.com\/profile.php?id=61554367862205","https:\/\/www.instagram.com\/greenpoppy.se\/"]}]}},"_links":{"self":[{"href":"https:\/\/testpage.greenpoppy.se\/en\/wp-json\/wp\/v2\/pages\/754","targetHints":{"allow":["GET"]}}],"collection":[{"href":"https:\/\/testpage.greenpoppy.se\/en\/wp-json\/wp\/v2\/pages"}],"about":[{"href":"https:\/\/testpage.greenpoppy.se\/en\/wp-json\/wp\/v2\/types\/page"}],"author":[{"embeddable":true,"href":"https:\/\/testpage.greenpoppy.se\/en\/wp-json\/wp\/v2\/users\/1"}],"replies":[{"embeddable":true,"href":"https:\/\/testpage.greenpoppy.se\/en\/wp-json\/wp\/v2\/comments?post=754"}],"version-history":[{"count":16,"href":"https:\/\/testpage.greenpoppy.se\/en\/wp-json\/wp\/v2\/pages\/754\/revisions"}],"predecessor-version":[{"id":2796,"href":"https:\/\/testpage.greenpoppy.se\/en\/wp-json\/wp\/v2\/pages\/754\/revisions\/2796"}],"wp:attachment":[{"href":"https:\/\/testpage.greenpoppy.se\/en\/wp-json\/wp\/v2\/media?parent=754"}],"curies":[{"name":"wp","href":"https:\/\/api.w.org\/{rel}","templated":true}]}}