{"id":626,"date":"2023-12-31T07:43:59","date_gmt":"2023-12-31T06:43:59","guid":{"rendered":"https:\/\/testpage.greenpoppy.se\/?page_id=626"},"modified":"2024-07-25T21:50:26","modified_gmt":"2024-07-25T19:50:26","slug":"info-green-poppy","status":"publish","type":"page","link":"https:\/\/testpage.greenpoppy.se\/en\/info-green-poppy\/","title":{"rendered":"Info Green Poppy"},"content":{"rendered":"<section class=\"section\" id=\"section_680631371\">\n\t\t<div class=\"section-bg fill\" >\n\t\t\t\t\t\t\t\t\t\n\t\t\t\n\n\t\t<\/div>\n\n\t\t\n\n\t\t<div class=\"section-content relative\">\n\t\t\t\n\n<div class=\"row align-center\"  id=\"row-2059288282\">\n\n\n\t<div id=\"col-996283440\" class=\"col medium-6 small-12 large-6\"  >\n\t\t\t\t<div class=\"col-inner text-center\"  >\n\t\t\t\n\t\t\t\n\n\t<div id=\"gap-1358641037\" class=\"gap-element clearfix\" style=\"display:block; height:auto;\">\n\t\t\n<style>\n#gap-1358641037 {\n  padding-top: 30px;\n}\n<\/style>\n\t<\/div>\n\t\n\n\t<div id=\"text-1989975147\" class=\"text\">\n\t\t\n\n<h3>Info about Green Poppy<\/h3>\n\t\t\n<style>\n#text-1989975147 {\n  font-size: 2.25rem;\n  line-height: 0.75;\n  color: #67715a;\n}\n#text-1989975147 > * {\n  color: #67715a;\n}\n<\/style>\n\t<\/div>\n\t\n<p><span style=\"font-size: 90%;\"><span style=\"color: #000000;\">Below, you'll find various pages with information about Green Poppy. Questions? Contact us at <\/span><a href=\"mailto:info@greenpoppy.se\">info@greenpoppy.se<\/a><\/span><\/p>\n\n\t\t<\/div>\n\t\t\t\t\t<\/div>\n\n\t\n\n<\/div>\n<div class=\"row row-small align-equal row-box-shadow-3-hover\"  id=\"row-729557934\">\n\n\n\t<div id=\"col-278616269\" class=\"col medium-4 small-12 large-4\"  >\n\t\t\t\t<div class=\"col-inner\" style=\"background-color:#67715a;\" >\n\t\t\t\n\t\t\t\n\n\n\t<a class=\"plain\" href=\"https:\/\/testpage.greenpoppy.se\/en\/om-oss\/\" >\t<div class=\"icon-box featured-box icon-box-center text-center\"  >\n\t\t\t\t\t<div class=\"icon-box-img\" style=\"width: 84px\">\n\t\t\t\t<div class=\"icon\">\n\t\t\t\t\t<div class=\"icon-inner\" >\n\t\t\t\t\t\t\t\t\t\t\t<\/div>\n\t\t\t\t<\/div>\n\t\t\t<\/div>\n\t\t\t\t<div class=\"icon-box-text last-reset\">\n\t\t\t\t\t\t\t\t\t\n\n\t<div id=\"text-2086766316\" class=\"text\">\n\t\t\n\n<h2><span style=\"color: #ece6d8;\"><a style=\"color: #ece6d8;\" href=\"https:\/\/testpage.greenpoppy.se\/en\/om-oss\/\">About us<\/a><\/span><\/h2>\n\t\t\n<style>\n#text-2086766316 {\n  font-size: 1rem;\n  color: rgb(236, 230, 216);\n}\n#text-2086766316 > * {\n  color: rgb(236, 230, 216);\n}\n@media (min-width:850px) {\n  #text-2086766316 {\n    font-size: 1.25rem;\n  }\n}\n<\/style>\n\t<\/div>\n\t\n\t<div id=\"gap-1025754134\" class=\"gap-element clearfix\" style=\"display:block; height:auto;\">\n\t\t\n<style>\n#gap-1025754134 {\n  padding-top: 10px;\n}\n<\/style>\n\t<\/div>\n\t\n\n<a href=\"https:\/\/testpage.greenpoppy.se\/en\/om-oss\/\" class=\"button success is-link is-small\"  >\n\t\t<span>Read more<\/span>\n\t<i class=\"icon-angle-right\" aria-hidden=\"true\" ><\/i><\/a>\n\n\n\n\t\t<\/div>\n\t<\/div>\n\t<\/a>\n\t\n\n\t\t<\/div>\n\t\t\t\t\t<\/div>\n\n\t\n\n\t<div id=\"col-198445753\" class=\"col medium-4 small-12 large-4\"  >\n\t\t\t\t<div class=\"col-inner\" style=\"background-color:#8fa4b3;\" >\n\t\t\t\n\t\t\t\n\n\n\t<a class=\"plain\" href=\"https:\/\/testpage.greenpoppy.se\/en\/varfor-valja-green-poppy\/\" >\t<div class=\"icon-box featured-box icon-box-center text-center\"  >\n\t\t\t\t\t<div class=\"icon-box-img\" style=\"width: 84px\">\n\t\t\t\t<div class=\"icon\">\n\t\t\t\t\t<div class=\"icon-inner\" >\n\t\t\t\t\t\t\t\t\t\t\t<\/div>\n\t\t\t\t<\/div>\n\t\t\t<\/div>\n\t\t\t\t<div class=\"icon-box-text last-reset\">\n\t\t\t\t\t\t\t\t\t\n\n\t<div id=\"text-2645247405\" class=\"text\">\n\t\t\n\n<h2><span style=\"color: #ece6d8;\"><a style=\"color: #ece6d8;\" href=\"https:\/\/testpage.greenpoppy.se\/en\/varfor-valja-green-poppy\/\">Why choose Green Poppy?<\/a><\/span><\/h2>\n\t\t\n<style>\n#text-2645247405 {\n  font-size: 1rem;\n  color: rgb(236, 230, 216);\n}\n#text-2645247405 > * {\n  color: rgb(236, 230, 216);\n}\n@media (min-width:850px) {\n  #text-2645247405 {\n    font-size: 1.25rem;\n  }\n}\n<\/style>\n\t<\/div>\n\t\n\t<div id=\"gap-39973392\" class=\"gap-element clearfix\" style=\"display:block; height:auto;\">\n\t\t\n<style>\n#gap-39973392 {\n  padding-top: 10px;\n}\n<\/style>\n\t<\/div>\n\t\n\n<a href=\"https:\/\/testpage.greenpoppy.se\/en\/varfor-valja-green-poppy\/\" class=\"button secondary is-link is-small\"  >\n\t\t<span>Read more<\/span>\n\t<i class=\"icon-angle-right\" aria-hidden=\"true\" ><\/i><\/a>\n\n\n\n\t\t<\/div>\n\t<\/div>\n\t<\/a>\n\t\n\n\t\t<\/div>\n\t\t\t\t\t<\/div>\n\n\t\n\n\t<div id=\"col-1661449612\" class=\"col medium-4 small-12 large-4\"  >\n\t\t\t\t<div class=\"col-inner\" style=\"background-color:#67715a;\" >\n\t\t\t\n\t\t\t\n\n\n\t<a class=\"plain\" href=\"https:\/\/testpage.greenpoppy.se\/en\/kopvillkor\/\" >\t<div class=\"icon-box featured-box icon-box-center text-center\"  >\n\t\t\t\t\t<div class=\"icon-box-img\" style=\"width: 106px\">\n\t\t\t\t<div class=\"icon\">\n\t\t\t\t\t<div class=\"icon-inner\" >\n\t\t\t\t\t\t<img decoding=\"async\" width=\"332\" height=\"269\" data-src=\"https:\/\/testpage.greenpoppy.se\/wp-content\/uploads\/2024\/03\/BeigaRityta-43.png\" class=\"attachment-medium size-medium lazyload\" alt=\"kopvillkor-bild\" data-srcset=\"https:\/\/testpage.greenpoppy.se\/wp-content\/uploads\/2024\/03\/BeigaRityta-43.png 332w, https:\/\/testpage.greenpoppy.se\/wp-content\/uploads\/2024\/03\/BeigaRityta-43-15x12.png 15w\" data-sizes=\"(max-width: 332px) 100vw, 332px\" src=\"data:image\/gif;base64,R0lGODlhAQABAAAAACH5BAEKAAEALAAAAAABAAEAAAICTAEAOw==\" style=\"--smush-placeholder-width: 332px; --smush-placeholder-aspect-ratio: 332\/269;\" \/>\t\t\t\t\t<\/div>\n\t\t\t\t<\/div>\n\t\t\t<\/div>\n\t\t\t\t<div class=\"icon-box-text last-reset\">\n\t\t\t\t\t\t\t\t\t\n\n\t<div id=\"text-2731752368\" class=\"text\">\n\t\t\n\n<h2>Terms &amp; Conditions<\/h2>\n\t\t\n<style>\n#text-2731752368 {\n  font-size: 1rem;\n  color: rgb(236, 230, 216);\n}\n#text-2731752368 > * {\n  color: rgb(236, 230, 216);\n}\n@media (min-width:850px) {\n  #text-2731752368 {\n    font-size: 1.25rem;\n  }\n}\n<\/style>\n\t<\/div>\n\t\n\t<div id=\"gap-1703869295\" class=\"gap-element clearfix\" style=\"display:block; height:auto;\">\n\t\t\n<style>\n#gap-1703869295 {\n  padding-top: 10px;\n}\n<\/style>\n\t<\/div>\n\t\n\n<a href=\"https:\/\/testpage.greenpoppy.se\/en\/kopvillkor\/\" class=\"button success is-link is-small\"  >\n\t\t<span>Read more<\/span>\n\t<i class=\"icon-angle-right\" aria-hidden=\"true\" ><\/i><\/a>\n\n\n\n\t\t<\/div>\n\t<\/div>\n\t<\/a>\n\t\n\n\t\t<\/div>\n\t\t\t\t\t<\/div>\n\n\t\n\n\t<div id=\"col-213288089\" class=\"col medium-4 small-12 large-4\"  >\n\t\t\t\t<div class=\"col-inner\" style=\"background-color:#8fa4b3;\" >\n\t\t\t\n\t\t\t\n\n\n\t<a class=\"plain\" href=\"https:\/\/testpage.greenpoppy.se\/en\/frakt-och-leverans\/\" >\t<div class=\"icon-box featured-box icon-box-center text-center\"  >\n\t\t\t\t\t<div class=\"icon-box-img\" style=\"width: 175px\">\n\t\t\t\t<div class=\"icon\">\n\t\t\t\t\t<div class=\"icon-inner\" >\n\t\t\t\t\t\t<img decoding=\"async\" width=\"232\" height=\"159\" data-src=\"https:\/\/testpage.greenpoppy.se\/wp-content\/uploads\/2024\/03\/Symboler_VitaRityta-19.png\" class=\"attachment-medium size-medium lazyload\" alt=\"frakt-leverans-bild\" data-srcset=\"https:\/\/testpage.greenpoppy.se\/wp-content\/uploads\/2024\/03\/Symboler_VitaRityta-19.png 232w, https:\/\/testpage.greenpoppy.se\/wp-content\/uploads\/2024\/03\/Symboler_VitaRityta-19-18x12.png 18w\" data-sizes=\"(max-width: 232px) 100vw, 232px\" src=\"data:image\/gif;base64,R0lGODlhAQABAAAAACH5BAEKAAEALAAAAAABAAEAAAICTAEAOw==\" style=\"--smush-placeholder-width: 232px; --smush-placeholder-aspect-ratio: 232\/159;\" \/>\t\t\t\t\t<\/div>\n\t\t\t\t<\/div>\n\t\t\t<\/div>\n\t\t\t\t<div class=\"icon-box-text last-reset\">\n\t\t\t\t\t\t\t\t\t\n\n\t<div id=\"text-854796297\" class=\"text\">\n\t\t\n\n<h2>Shipping &amp; Delivery<\/h2>\n\t\t\n<style>\n#text-854796297 {\n  font-size: 1rem;\n  color: rgb(236, 230, 216);\n}\n#text-854796297 > * {\n  color: rgb(236, 230, 216);\n}\n@media (min-width:850px) {\n  #text-854796297 {\n    font-size: 1.25rem;\n  }\n}\n<\/style>\n\t<\/div>\n\t\n<a class=\"button secondary is-link is-small\"  >\n\t\t<span>Read more<\/span>\n\t<i class=\"icon-angle-right\" aria-hidden=\"true\" ><\/i><\/a>\n\n\n\n\t\t<\/div>\n\t<\/div>\n\t<\/a>\n\t\n\n\t\t<\/div>\n\t\t\t\t\t<\/div>\n\n\t\n\n\t<div id=\"col-547316491\" class=\"col medium-4 small-12 large-4\"  >\n\t\t\t\t<div class=\"col-inner\" style=\"background-color:#67715a;\" >\n\t\t\t\n\t\t\t\n\n\n\t<a class=\"plain\" href=\"https:\/\/testpage.greenpoppy.se\/en\/retur-och-aterbetalningspolicy\/\" >\t<div class=\"icon-box featured-box icon-box-center text-center\"  >\n\t\t\t\t\t<div class=\"icon-box-img\" style=\"width: 190px\">\n\t\t\t\t<div class=\"icon\">\n\t\t\t\t\t<div class=\"icon-inner\" >\n\t\t\t\t\t\t<img decoding=\"async\" width=\"410\" height=\"251\" data-src=\"https:\/\/testpage.greenpoppy.se\/wp-content\/uploads\/2024\/03\/BeigaRityta-41.png\" class=\"attachment-medium size-medium lazyload\" alt=\"retur-bild\" data-srcset=\"https:\/\/testpage.greenpoppy.se\/wp-content\/uploads\/2024\/03\/BeigaRityta-41.png 410w, https:\/\/testpage.greenpoppy.se\/wp-content\/uploads\/2024\/03\/BeigaRityta-41-18x12.png 18w\" data-sizes=\"(max-width: 410px) 100vw, 410px\" src=\"data:image\/gif;base64,R0lGODlhAQABAAAAACH5BAEKAAEALAAAAAABAAEAAAICTAEAOw==\" style=\"--smush-placeholder-width: 410px; --smush-placeholder-aspect-ratio: 410\/251;\" \/>\t\t\t\t\t<\/div>\n\t\t\t\t<\/div>\n\t\t\t<\/div>\n\t\t\t\t<div class=\"icon-box-text last-reset\">\n\t\t\t\t\t\t\t\t\t\n\n\t<div id=\"text-3752557441\" class=\"text\">\n\t\t\n\n<h2>Refunds &amp; Returns<\/h2>\n\t\t\n<style>\n#text-3752557441 {\n  font-size: 1rem;\n  color: rgb(236, 230, 216);\n}\n#text-3752557441 > * {\n  color: rgb(236, 230, 216);\n}\n@media (min-width:850px) {\n  #text-3752557441 {\n    font-size: 1.25rem;\n  }\n}\n<\/style>\n\t<\/div>\n\t\n\t<div id=\"gap-826486175\" class=\"gap-element clearfix\" style=\"display:block; height:auto;\">\n\t\t\n<style>\n#gap-826486175 {\n  padding-top: 10px;\n}\n<\/style>\n\t<\/div>\n\t\n\n<a class=\"button success is-link is-small\"  >\n\t\t<span>Read more<\/span>\n\t<i class=\"icon-angle-right\" aria-hidden=\"true\" ><\/i><\/a>\n\n\n\n\t\t<\/div>\n\t<\/div>\n\t<\/a>\n\t\n\n\t\t<\/div>\n\t\t\t\t\t<\/div>\n\n\t\n\n\t<div id=\"col-1362041914\" class=\"col medium-4 small-12 large-4\"  >\n\t\t\t\t<div class=\"col-inner\" style=\"background-color:#8fa4b3;\" >\n\t\t\t\n\t\t\t\n\n\n\t<a class=\"plain\" href=\"https:\/\/testpage.greenpoppy.se\/en\/reklamation-och-angerratt\/\" >\t<div class=\"icon-box featured-box icon-box-center text-center\"  >\n\t\t\t\t\t<div class=\"icon-box-img\" style=\"width: 106px\">\n\t\t\t\t<div class=\"icon\">\n\t\t\t\t\t<div class=\"icon-inner\" >\n\t\t\t\t\t\t<img decoding=\"async\" width=\"345\" height=\"385\" data-src=\"https:\/\/testpage.greenpoppy.se\/wp-content\/uploads\/2024\/03\/BeigaRityta-40.png\" class=\"attachment-medium size-medium lazyload\" alt=\"reklamation-bild\" data-srcset=\"https:\/\/testpage.greenpoppy.se\/wp-content\/uploads\/2024\/03\/BeigaRityta-40.png 345w, https:\/\/testpage.greenpoppy.se\/wp-content\/uploads\/2024\/03\/BeigaRityta-40-11x12.png 11w\" data-sizes=\"(max-width: 345px) 100vw, 345px\" src=\"data:image\/gif;base64,R0lGODlhAQABAAAAACH5BAEKAAEALAAAAAABAAEAAAICTAEAOw==\" style=\"--smush-placeholder-width: 345px; --smush-placeholder-aspect-ratio: 345\/385;\" \/>\t\t\t\t\t<\/div>\n\t\t\t\t<\/div>\n\t\t\t<\/div>\n\t\t\t\t<div class=\"icon-box-text last-reset\">\n\t\t\t\t\t\t\t\t\t\n\n\t<div id=\"text-3055543096\" class=\"text\">\n\t\t\n\n<h2>Right of Withdrawal<\/h2>\n\t\t\n<style>\n#text-3055543096 {\n  font-size: 1rem;\n  color: rgb(236, 230, 216);\n}\n#text-3055543096 > * {\n  color: rgb(236, 230, 216);\n}\n@media (min-width:850px) {\n  #text-3055543096 {\n    font-size: 1.25rem;\n  }\n}\n<\/style>\n\t<\/div>\n\t\n\t<div id=\"gap-1205078678\" class=\"gap-element clearfix\" style=\"display:block; height:auto;\">\n\t\t\n<style>\n#gap-1205078678 {\n  padding-top: 10px;\n}\n<\/style>\n\t<\/div>\n\t\n\n<a href=\"https:\/\/testpage.greenpoppy.se\/en\/reklamation-och-angerratt\/\" class=\"button secondary is-link is-small\"  >\n\t\t<span>Read more<\/span>\n\t<i class=\"icon-angle-right\" aria-hidden=\"true\" ><\/i><\/a>\n\n\n\n\t\t<\/div>\n\t<\/div>\n\t<\/a>\n\t\n\n\t\t<\/div>\n\t\t\t\t\t<\/div>\n\n\t\n\n\t<div id=\"col-321397327\" class=\"col medium-4 small-12 large-4\"  >\n\t\t\t\t<div class=\"col-inner\" style=\"background-color:#67715a;\" >\n\t\t\t\n\t\t\t\n\n\n\t<a class=\"plain\" href=\"https:\/\/testpage.greenpoppy.se\/en\/integritetspolicy-och-cookies\/\" >\t<div class=\"icon-box featured-box icon-box-center text-center\"  >\n\t\t\t\t\t<div class=\"icon-box-img\" style=\"width: 129px\">\n\t\t\t\t<div class=\"icon\">\n\t\t\t\t\t<div class=\"icon-inner\" >\n\t\t\t\t\t\t<img decoding=\"async\" width=\"335\" height=\"303\" data-src=\"https:\/\/testpage.greenpoppy.se\/wp-content\/uploads\/2024\/03\/BeigaRityta-42.png\" class=\"attachment-medium size-medium lazyload\" alt=\"integritets-bild\" data-srcset=\"https:\/\/testpage.greenpoppy.se\/wp-content\/uploads\/2024\/03\/BeigaRityta-42.png 335w, https:\/\/testpage.greenpoppy.se\/wp-content\/uploads\/2024\/03\/BeigaRityta-42-13x12.png 13w\" data-sizes=\"(max-width: 335px) 100vw, 335px\" src=\"data:image\/gif;base64,R0lGODlhAQABAAAAACH5BAEKAAEALAAAAAABAAEAAAICTAEAOw==\" style=\"--smush-placeholder-width: 335px; --smush-placeholder-aspect-ratio: 335\/303;\" \/>\t\t\t\t\t<\/div>\n\t\t\t\t<\/div>\n\t\t\t<\/div>\n\t\t\t\t<div class=\"icon-box-text last-reset\">\n\t\t\t\t\t\t\t\t\t\n\n\t<div id=\"text-3637337524\" class=\"text\">\n\t\t\n\n<h2>Privacy Policy<\/h2>\n\t\t\n<style>\n#text-3637337524 {\n  font-size: 1rem;\n  color: rgb(236, 230, 216);\n}\n#text-3637337524 > * {\n  color: rgb(236, 230, 216);\n}\n@media (min-width:850px) {\n  #text-3637337524 {\n    font-size: 1.25rem;\n  }\n}\n<\/style>\n\t<\/div>\n\t\n\t<div id=\"gap-380686947\" class=\"gap-element clearfix\" style=\"display:block; height:auto;\">\n\t\t\n<style>\n#gap-380686947 {\n  padding-top: 10px;\n}\n<\/style>\n\t<\/div>\n\t\n\n<a class=\"button success is-link is-small\"  >\n\t\t<span>Read more<\/span>\n\t<i class=\"icon-angle-right\" aria-hidden=\"true\" ><\/i><\/a>\n\n\n\n\t\t<\/div>\n\t<\/div>\n\t<\/a>\n\t\n\n\t\t<\/div>\n\t\t\t\t\t<\/div>\n\n\t\n\n\t<div id=\"col-1296336786\" class=\"col medium-4 small-12 large-4\"  >\n\t\t\t\t<div class=\"col-inner\" style=\"background-color:#8fa4b3;\" >\n\t\t\t\n\t\t\t\n\n\n\t<a class=\"plain\" href=\"https:\/\/testpage.greenpoppy.se\/en\/kontakta-oss\/\" >\t<div class=\"icon-box featured-box icon-box-center text-center\"  >\n\t\t\t\t\t<div class=\"icon-box-img\" style=\"width: 160px\">\n\t\t\t\t<div class=\"icon\">\n\t\t\t\t\t<div class=\"icon-inner\" >\n\t\t\t\t\t\t\t\t\t\t\t<\/div>\n\t\t\t\t<\/div>\n\t\t\t<\/div>\n\t\t\t\t<div class=\"icon-box-text last-reset\">\n\t\t\t\t\t\t\t\t\t\n\n\t<div id=\"text-204770649\" class=\"text\">\n\t\t\n\n<h2><span style=\"color: #ece6d8;\"><a style=\"color: #ece6d8;\" href=\"https:\/\/testpage.greenpoppy.se\/en\/kontakta-oss\/\">Contact Us<\/a><\/span><\/h2>\n\t\t\n<style>\n#text-204770649 {\n  font-size: 1rem;\n  color: rgb(236, 230, 216);\n}\n#text-204770649 > * {\n  color: rgb(236, 230, 216);\n}\n@media (min-width:850px) {\n  #text-204770649 {\n    font-size: 1.25rem;\n  }\n}\n<\/style>\n\t<\/div>\n\t\n\t<div id=\"gap-1970221004\" class=\"gap-element clearfix\" style=\"display:block; height:auto;\">\n\t\t\n<style>\n#gap-1970221004 {\n  padding-top: 10px;\n}\n<\/style>\n\t<\/div>\n\t\n\n<a href=\"https:\/\/testpage.greenpoppy.se\/en\/kontakta-oss\/\" class=\"button secondary is-link is-small\"  >\n\t\t<span>Read more<\/span>\n\t<i class=\"icon-angle-right\" aria-hidden=\"true\" ><\/i><\/a>\n\n\n\n\t\t<\/div>\n\t<\/div>\n\t<\/a>\n\t\n\n\t\t<\/div>\n\t\t\t\t\t<\/div>\n\n\t\n\n\t<div id=\"col-1702035905\" class=\"col medium-4 small-12 large-4\"  >\n\t\t\t\t<div class=\"col-inner\" style=\"background-color:#67715a;\" >\n\t\t\t\n\t\t\t\n\n\n\t<a class=\"plain\" href=\"https:\/\/testpage.greenpoppy.se\/en\/\" >\t<div class=\"icon-box featured-box icon-box-center text-center\"  >\n\t\t\t\t\t<div class=\"icon-box-img\" style=\"width: 122px\">\n\t\t\t\t<div class=\"icon\">\n\t\t\t\t\t<div class=\"icon-inner\" >\n\t\t\t\t\t\t\t\t\t\t\t<\/div>\n\t\t\t\t<\/div>\n\t\t\t<\/div>\n\t\t\t\t<div class=\"icon-box-text last-reset\">\n\t\t\t\t\t\t\t\t\t\n\n\t<div id=\"text-4052005447\" class=\"text\">\n\t\t\n\n<h2><span style=\"color: #ece6d8;\"><a style=\"color: #ece6d8;\" href=\"https:\/\/testpage.greenpoppy.se\/en\/\">Home Page<\/a><\/span><\/h2>\n\t\t\n<style>\n#text-4052005447 {\n  font-size: 1rem;\n  color: rgb(236, 230, 216);\n}\n#text-4052005447 > * {\n  color: rgb(236, 230, 216);\n}\n@media (min-width:850px) {\n  #text-4052005447 {\n    font-size: 1.25rem;\n  }\n}\n<\/style>\n\t<\/div>\n\t\n\t<div id=\"gap-666520951\" class=\"gap-element clearfix\" style=\"display:block; height:auto;\">\n\t\t\n<style>\n#gap-666520951 {\n  padding-top: 10px;\n}\n<\/style>\n\t<\/div>\n\t\n\n<a href=\"https:\/\/testpage.greenpoppy.se\/en\/\" class=\"button success is-link is-small\"  >\n\t\t<span>Go to home page<\/span>\n\t<i class=\"icon-angle-right\" aria-hidden=\"true\" ><\/i><\/a>\n\n\n\n\t\t<\/div>\n\t<\/div>\n\t<\/a>\n\t\n\n\t\t<\/div>\n\t\t\t\t\t<\/div>\n\n\t\n\n\n<style>\n#row-729557934 > .col > .col-inner {\n  padding: 30px 20px 30px 20px;\n  border-radius: 5px;\n}\n@media (min-width:850px) {\n  #row-729557934 > .col > .col-inner {\n    padding: 70px 40px 70px 40px;\n  }\n}\n<\/style>\n<\/div>\n\n\t\t<\/div>\n\n\t\t\n<style>\n#section_680631371 {\n  padding-top: 40px;\n  padding-bottom: 40px;\n  background-color: rgb(236, 230, 216);\n}\n@media (min-width:550px) {\n  #section_680631371 {\n    padding-top: 70px;\n    padding-bottom: 70px;\n  }\n}\n<\/style>\n\t<\/section>","protected":false},"excerpt":{"rendered":"","protected":false},"author":1,"featured_media":0,"parent":0,"menu_order":0,"comment_status":"closed","ping_status":"closed","template":"page-blank.php","meta":{"footnotes":""},"class_list":["post-626","page","type-page","status-publish","hentry"],"yoast_head":"<!-- This site is optimized with the Yoast SEO plugin v24.4 - https:\/\/yoast.com\/wordpress\/plugins\/seo\/ -->\n<title>Info Green Poppy - testpage<\/title>\n<meta name=\"robots\" content=\"noindex, follow, max-snippet:-1, max-image-preview:large, max-video-preview:-1\" \/>\n<meta property=\"og:locale\" content=\"en_GB\" \/>\n<meta property=\"og:type\" content=\"article\" \/>\n<meta property=\"og:title\" content=\"Info Green Poppy - testpage\" \/>\n<meta property=\"og:url\" content=\"https:\/\/testpage.greenpoppy.se\/en\/info-green-poppy\/\" \/>\n<meta property=\"og:site_name\" content=\"testpage\" \/>\n<meta property=\"article:publisher\" content=\"https:\/\/www.facebook.com\/profile.php?id=61554367862205\" \/>\n<meta property=\"article:modified_time\" content=\"2024-07-25T19:50:26+00:00\" \/>\n<meta name=\"twitter:card\" content=\"summary_large_image\" \/>\n<meta name=\"twitter:label1\" content=\"Estimated reading time\" \/>\n\t<meta name=\"twitter:data1\" content=\"3 minutes\" \/>\n<script type=\"application\/ld+json\" class=\"yoast-schema-graph\">{\"@context\":\"https:\/\/schema.org\",\"@graph\":[{\"@type\":\"WebPage\",\"@id\":\"https:\/\/testpage.greenpoppy.se\/info-green-poppy\/\",\"url\":\"https:\/\/testpage.greenpoppy.se\/info-green-poppy\/\",\"name\":\"Info Green Poppy - testpage\",\"isPartOf\":{\"@id\":\"https:\/\/testpage.greenpoppy.se\/#website\"},\"datePublished\":\"2023-12-31T06:43:59+00:00\",\"dateModified\":\"2024-07-25T19:50:26+00:00\",\"breadcrumb\":{\"@id\":\"https:\/\/testpage.greenpoppy.se\/info-green-poppy\/#breadcrumb\"},\"inLanguage\":\"en-GB\",\"potentialAction\":[{\"@type\":\"ReadAction\",\"target\":[\"https:\/\/testpage.greenpoppy.se\/info-green-poppy\/\"]}]},{\"@type\":\"BreadcrumbList\",\"@id\":\"https:\/\/testpage.greenpoppy.se\/info-green-poppy\/#breadcrumb\",\"itemListElement\":[{\"@type\":\"ListItem\",\"position\":1,\"name\":\"Hem\",\"item\":\"https:\/\/testpage.greenpoppy.se\/\"},{\"@type\":\"ListItem\",\"position\":2,\"name\":\"Info Green Poppy\"}]},{\"@type\":\"WebSite\",\"@id\":\"https:\/\/testpage.greenpoppy.se\/#website\",\"url\":\"https:\/\/testpage.greenpoppy.se\/\",\"name\":\"Green Poppy\",\"description\":\"H\u00e5llbara och \u00e5teranv\u00e4ndbara tygbl\u00f6jor\",\"publisher\":{\"@id\":\"https:\/\/testpage.greenpoppy.se\/#organization\"},\"potentialAction\":[{\"@type\":\"SearchAction\",\"target\":{\"@type\":\"EntryPoint\",\"urlTemplate\":\"https:\/\/testpage.greenpoppy.se\/?s={search_term_string}\"},\"query-input\":{\"@type\":\"PropertyValueSpecification\",\"valueRequired\":true,\"valueName\":\"search_term_string\"}}],\"inLanguage\":\"en-GB\"},{\"@type\":\"Organization\",\"@id\":\"https:\/\/testpage.greenpoppy.se\/#organization\",\"name\":\"Green Poppy\",\"url\":\"https:\/\/testpage.greenpoppy.se\/\",\"logo\":{\"@type\":\"ImageObject\",\"inLanguage\":\"en-GB\",\"@id\":\"https:\/\/testpage.greenpoppy.se\/#\/schema\/logo\/image\/\",\"url\":\"https:\/\/testpage.greenpoppy.se\/wp-content\/uploads\/2024\/01\/Logga_Officiell.svg\",\"contentUrl\":\"https:\/\/testpage.greenpoppy.se\/wp-content\/uploads\/2024\/01\/Logga_Officiell.svg\",\"width\":1,\"height\":1,\"caption\":\"Green Poppy\"},\"image\":{\"@id\":\"https:\/\/testpage.greenpoppy.se\/#\/schema\/logo\/image\/\"},\"sameAs\":[\"https:\/\/www.facebook.com\/profile.php?id=61554367862205\",\"https:\/\/www.instagram.com\/greenpoppy.se\/\"]}]}<\/script>\n<!-- \/ Yoast SEO plugin. -->","yoast_head_json":{"title":"Info Green Poppy - testpage","robots":{"index":"noindex","follow":"follow","max-snippet":"max-snippet:-1","max-image-preview":"max-image-preview:large","max-video-preview":"max-video-preview:-1"},"og_locale":"en_GB","og_type":"article","og_title":"Info Green Poppy - testpage","og_url":"https:\/\/testpage.greenpoppy.se\/en\/info-green-poppy\/","og_site_name":"testpage","article_publisher":"https:\/\/www.facebook.com\/profile.php?id=61554367862205","article_modified_time":"2024-07-25T19:50:26+00:00","twitter_card":"summary_large_image","twitter_misc":{"Estimated reading time":"3 minutes"},"schema":{"@context":"https:\/\/schema.org","@graph":[{"@type":"WebPage","@id":"https:\/\/testpage.greenpoppy.se\/info-green-poppy\/","url":"https:\/\/testpage.greenpoppy.se\/info-green-poppy\/","name":"Info Green Poppy - testpage","isPartOf":{"@id":"https:\/\/testpage.greenpoppy.se\/#website"},"datePublished":"2023-12-31T06:43:59+00:00","dateModified":"2024-07-25T19:50:26+00:00","breadcrumb":{"@id":"https:\/\/testpage.greenpoppy.se\/info-green-poppy\/#breadcrumb"},"inLanguage":"en-GB","potentialAction":[{"@type":"ReadAction","target":["https:\/\/testpage.greenpoppy.se\/info-green-poppy\/"]}]},{"@type":"BreadcrumbList","@id":"https:\/\/testpage.greenpoppy.se\/info-green-poppy\/#breadcrumb","itemListElement":[{"@type":"ListItem","position":1,"name":"Hem","item":"https:\/\/testpage.greenpoppy.se\/"},{"@type":"ListItem","position":2,"name":"Info Green Poppy"}]},{"@type":"WebSite","@id":"https:\/\/testpage.greenpoppy.se\/#website","url":"https:\/\/testpage.greenpoppy.se\/","name":"Green Poppy","description":"H\u00e5llbara och \u00e5teranv\u00e4ndbara tygbl\u00f6jor","publisher":{"@id":"https:\/\/testpage.greenpoppy.se\/#organization"},"potentialAction":[{"@type":"SearchAction","target":{"@type":"EntryPoint","urlTemplate":"https:\/\/testpage.greenpoppy.se\/?s={search_term_string}"},"query-input":{"@type":"PropertyValueSpecification","valueRequired":true,"valueName":"search_term_string"}}],"inLanguage":"en-GB"},{"@type":"Organization","@id":"https:\/\/testpage.greenpoppy.se\/#organization","name":"Green Poppy","url":"https:\/\/testpage.greenpoppy.se\/","logo":{"@type":"ImageObject","inLanguage":"en-GB","@id":"https:\/\/testpage.greenpoppy.se\/#\/schema\/logo\/image\/","url":"https:\/\/testpage.greenpoppy.se\/wp-content\/uploads\/2024\/01\/Logga_Officiell.svg","contentUrl":"https:\/\/testpage.greenpoppy.se\/wp-content\/uploads\/2024\/01\/Logga_Officiell.svg","width":1,"height":1,"caption":"Green Poppy"},"image":{"@id":"https:\/\/testpage.greenpoppy.se\/#\/schema\/logo\/image\/"},"sameAs":["https:\/\/www.facebook.com\/profile.php?id=61554367862205","https:\/\/www.instagram.com\/greenpoppy.se\/"]}]}},"_links":{"self":[{"href":"https:\/\/testpage.greenpoppy.se\/en\/wp-json\/wp\/v2\/pages\/626","targetHints":{"allow":["GET"]}}],"collection":[{"href":"https:\/\/testpage.greenpoppy.se\/en\/wp-json\/wp\/v2\/pages"}],"about":[{"href":"https:\/\/testpage.greenpoppy.se\/en\/wp-json\/wp\/v2\/types\/page"}],"author":[{"embeddable":true,"href":"https:\/\/testpage.greenpoppy.se\/en\/wp-json\/wp\/v2\/users\/1"}],"replies":[{"embeddable":true,"href":"https:\/\/testpage.greenpoppy.se\/en\/wp-json\/wp\/v2\/comments?post=626"}],"version-history":[{"count":25,"href":"https:\/\/testpage.greenpoppy.se\/en\/wp-json\/wp\/v2\/pages\/626\/revisions"}],"predecessor-version":[{"id":2108,"href":"https:\/\/testpage.greenpoppy.se\/en\/wp-json\/wp\/v2\/pages\/626\/revisions\/2108"}],"wp:attachment":[{"href":"https:\/\/testpage.greenpoppy.se\/en\/wp-json\/wp\/v2\/media?parent=626"}],"curies":[{"name":"wp","href":"https:\/\/api.w.org\/{rel}","templated":true}]}}