{"id":611,"date":"2023-12-29T22:45:15","date_gmt":"2023-12-29T21:45:15","guid":{"rendered":"https:\/\/testpage.greenpoppy.se\/?page_id=611"},"modified":"2025-01-01T14:39:37","modified_gmt":"2025-01-01T13:39:37","slug":"kontakta-oss","status":"publish","type":"page","link":"https:\/\/testpage.greenpoppy.se\/en\/kontakta-oss\/","title":{"rendered":"Contact Us"},"content":{"rendered":"<section class=\"section\" id=\"section_292387318\">\n\t\t<div class=\"section-bg fill\" >\n\t\t\t\t\t\t\t\t\t\n\t\t\t\n\n\t\t<\/div>\n\n\t\t\n\n\t\t<div class=\"section-content relative\">\n\t\t\t\n\n\t<div id=\"gap-1967979793\" class=\"gap-element clearfix\" style=\"display:block; height:auto;\">\n\t\t\n<style>\n#gap-1967979793 {\n  padding-top: 30px;\n}\n<\/style>\n\t<\/div>\n\t\n\n<div class=\"row align-center\"  id=\"row-745632274\">\n\n\n\t<div id=\"col-1122092352\" class=\"col medium-11 small-12 large-12\"  >\n\t\t\t\t<div class=\"col-inner\" style=\"background-color:#67715a;\" >\n\t\t\t\n\t\t\t\n\n<div class=\"row row-collapse align-middle\"  id=\"row-364373118\">\n\n\n\t<div id=\"col-1434005933\" class=\"col medium-12 small-12 large-5\"  >\n\t\t\t\t<div class=\"col-inner text-center dark\"  >\n\t\t\t\n\t\t\t\n\n<h1>Hi!<\/h1>\n<p>How nice that you want to get in touch with us! We'll try to respond to your message as soon as possible, but within 3 days. If it's regarding an order, please include the order number in your message. Talk to you soon!<\/p>\n<div class=\"social-icons follow-icons\" ><a href=\"#\" target=\"_blank\" data-label=\"Facebook\" class=\"icon plain facebook tooltip\" title=\"Follow on Facebook\" aria-label=\"Follow on Facebook\" rel=\"noopener nofollow\" ><i class=\"icon-facebook\" ><\/i><\/a><a href=\"#\" target=\"_blank\" data-label=\"Instagram\" class=\"icon plain instagram tooltip\" title=\"Follow on Instagram\" aria-label=\"Follow on Instagram\" rel=\"noopener nofollow\" ><i class=\"icon-instagram\" ><\/i><\/a><a href=\"mailto:info@greenpoppy.se\" data-label=\"E-mail\" target=\"_blank\" class=\"icon plain email tooltip\" title=\"Send us an email\" aria-label=\"Send us an email\" rel=\"nofollow noopener\" ><i class=\"icon-envelop\" ><\/i><\/a><\/div>\n\n\n\t\t<\/div>\n\t\t\t\t\n<style>\n#col-1434005933 > .col-inner {\n  padding: 50px 30px 40px 30px;\n}\n@media (min-width:550px) {\n  #col-1434005933 > .col-inner {\n    padding: 70px 70px 50px 70px;\n  }\n}\n<\/style>\n\t<\/div>\n\n\t\n\n\t<div id=\"col-1738474919\" class=\"col medium-12 small-12 large-7\"  >\n\t\t\t\t<div class=\"col-inner text-center\" style=\"background-color:rgb(255, 255, 255);\" >\n\t\t\t\n\t\t\t\n\n\t<div id=\"gap-958792784\" class=\"gap-element clearfix\" style=\"display:block; height:auto;\">\n\t\t\n<style>\n#gap-958792784 {\n  padding-top: 30px;\n}\n<\/style>\n\t<\/div>\n\t\n\n<h2>Contact us!<\/h2>\n\t<div id=\"gap-271438149\" class=\"gap-element clearfix\" style=\"display:block; height:auto;\">\n\t\t\n<style>\n#gap-271438149 {\n  padding-top: 15px;\n}\n<\/style>\n\t<\/div>\n\t\n\n\n<div class=\"wpcf7 no-js\" id=\"wpcf7-f619-o1\" lang=\"sv-SE\" dir=\"ltr\" data-wpcf7-id=\"619\">\n<div class=\"screen-reader-response\"><p role=\"status\" aria-live=\"polite\" aria-atomic=\"true\"><\/p> <ul><\/ul><\/div>\n<form action=\"\/en\/wp-json\/wp\/v2\/pages\/611#wpcf7-f619-o1\" method=\"post\" class=\"wpcf7-form init\" aria-label=\"Kontaktformul\u00e4r\" novalidate=\"novalidate\" data-status=\"init\" data-trp-original-action=\"\/en\/wp-json\/wp\/v2\/pages\/611#wpcf7-f619-o1\">\n<div style=\"display: none;\">\n<input type=\"hidden\" name=\"_wpcf7\" value=\"619\" \/>\n<input type=\"hidden\" name=\"_wpcf7_version\" value=\"6.0.3\" \/>\n<input type=\"hidden\" name=\"_wpcf7_locale\" value=\"sv_SE\" \/>\n<input type=\"hidden\" name=\"_wpcf7_unit_tag\" value=\"wpcf7-f619-o1\" \/>\n<input type=\"hidden\" name=\"_wpcf7_container_post\" value=\"0\" \/>\n<input type=\"hidden\" name=\"_wpcf7_posted_data_hash\" value=\"\" \/>\n<input type=\"hidden\" name=\"_wpcf7_recaptcha_response\" value=\"\" \/>\n<\/div>\n<p><label> Your name<br \/>\n<span class=\"wpcf7-form-control-wrap\" data-name=\"your-name\"><input size=\"40\" maxlength=\"400\" class=\"wpcf7-form-control wpcf7-text wpcf7-validates-as-required\" autocomplete=\"name\" aria-required=\"true\" aria-invalid=\"false\" value=\"\" type=\"text\" name=\"your-name\" \/><\/span> <\/label>\n<\/p>\n<p><label> Your email<br \/>\n<span class=\"wpcf7-form-control-wrap\" data-name=\"your-email\"><input size=\"40\" maxlength=\"400\" class=\"wpcf7-form-control wpcf7-email wpcf7-validates-as-required wpcf7-text wpcf7-validates-as-email\" autocomplete=\"email\" aria-required=\"true\" aria-invalid=\"false\" value=\"\" type=\"email\" name=\"your-email\" \/><\/span> <\/label>\n<\/p>\n<p><label> Subject<br \/>\n<span class=\"wpcf7-form-control-wrap\" data-name=\"your-subject\"><input size=\"40\" maxlength=\"400\" class=\"wpcf7-form-control wpcf7-text wpcf7-validates-as-required\" aria-required=\"true\" aria-invalid=\"false\" value=\"\" type=\"text\" name=\"your-subject\" \/><\/span> <\/label>\n<\/p>\n<p><label> Your message (optional)<br \/>\n<span class=\"wpcf7-form-control-wrap\" data-name=\"your-message\"><textarea cols=\"40\" rows=\"10\" maxlength=\"2000\" class=\"wpcf7-form-control wpcf7-textarea\" aria-invalid=\"false\" name=\"your-message\"><\/textarea><\/span> <\/label>\n<\/p>\n<p><span id=\"wpcf7-69de5bca19477-wrapper\" class=\"wpcf7-form-control-wrap honeypot-1-wrap\" style=\"display:none !important; visibility:hidden !important;\"><label for=\"wpcf7-69de5bca19477-field\" class=\"hp-message\">L\u00e4mna detta f\u00e4lt tomt.<\/label><input id=\"wpcf7-69de5bca19477-field\"  class=\"wpcf7-form-control wpcf7-text\" type=\"text\" name=\"honeypot-1\" value=\"\" size=\"40\" tabindex=\"-1\" autocomplete=\"new-password\" \/><\/span><!-- Honeypot-taggen f\u00f6r att blockera spam -->\n<\/p>\n<p><input class=\"wpcf7-form-control wpcf7-submit has-spinner\" type=\"submit\" value=\"Send\" \/>\n<\/p><div class=\"wpcf7-response-output\" aria-hidden=\"true\"><\/div>\n<input type=\"hidden\" name=\"trp-form-language\" value=\"en\"\/><\/form>\n<\/div>\n\n\n\n\t\t<\/div>\n\t\t\t\t\n<style>\n#col-1738474919 > .col-inner {\n  padding: 30px 30px 30px 30px;\n}\n@media (min-width:550px) {\n  #col-1738474919 > .col-inner {\n    padding: 70px 70px 50px 70px;\n  }\n}\n<\/style>\n\t<\/div>\n\n\t\n\n<\/div>\n\n\t\t<\/div>\n\t\t\t\t\t<\/div>\n\n\t\n\n<\/div>\n\n\t\t<\/div>\n\n\t\t\n<style>\n#section_292387318 {\n  padding-top: 45px;\n  padding-bottom: 45px;\n  background-color: rgb(236, 230, 216);\n}\n@media (min-width:550px) {\n  #section_292387318 {\n    padding-top: 60px;\n    padding-bottom: 60px;\n  }\n}\n@media (min-width:850px) {\n  #section_292387318 {\n    padding-top: 100px;\n    padding-bottom: 100px;\n  }\n}\n<\/style>\n\t<\/section>","protected":false},"excerpt":{"rendered":"","protected":false},"author":1,"featured_media":0,"parent":0,"menu_order":0,"comment_status":"closed","ping_status":"closed","template":"","meta":{"footnotes":""},"class_list":["post-611","page","type-page","status-publish","hentry"],"yoast_head":"<!-- This site is optimized with the Yoast SEO plugin v24.4 - https:\/\/yoast.com\/wordpress\/plugins\/seo\/ -->\n<title>Kontakta oss - testpage<\/title>\n<meta name=\"robots\" content=\"noindex, follow, max-snippet:-1, max-image-preview:large, max-video-preview:-1\" \/>\n<meta property=\"og:locale\" content=\"en_GB\" \/>\n<meta property=\"og:type\" content=\"article\" \/>\n<meta property=\"og:title\" content=\"Kontakta oss - testpage\" \/>\n<meta property=\"og:url\" content=\"https:\/\/testpage.greenpoppy.se\/en\/kontakta-oss\/\" \/>\n<meta property=\"og:site_name\" content=\"testpage\" \/>\n<meta property=\"article:publisher\" content=\"https:\/\/www.facebook.com\/profile.php?id=61554367862205\" \/>\n<meta property=\"article:modified_time\" content=\"2025-01-01T13:39:37+00:00\" \/>\n<meta name=\"twitter:card\" content=\"summary_large_image\" \/>\n<meta name=\"twitter:label1\" content=\"Estimated reading time\" \/>\n\t<meta name=\"twitter:data1\" content=\"1 minute\" \/>\n<script type=\"application\/ld+json\" class=\"yoast-schema-graph\">{\"@context\":\"https:\/\/schema.org\",\"@graph\":[{\"@type\":\"WebPage\",\"@id\":\"https:\/\/testpage.greenpoppy.se\/kontakta-oss\/\",\"url\":\"https:\/\/testpage.greenpoppy.se\/kontakta-oss\/\",\"name\":\"Kontakta oss - testpage\",\"isPartOf\":{\"@id\":\"https:\/\/testpage.greenpoppy.se\/#website\"},\"datePublished\":\"2023-12-29T21:45:15+00:00\",\"dateModified\":\"2025-01-01T13:39:37+00:00\",\"breadcrumb\":{\"@id\":\"https:\/\/testpage.greenpoppy.se\/kontakta-oss\/#breadcrumb\"},\"inLanguage\":\"en-GB\",\"potentialAction\":[{\"@type\":\"ReadAction\",\"target\":[\"https:\/\/testpage.greenpoppy.se\/kontakta-oss\/\"]}]},{\"@type\":\"BreadcrumbList\",\"@id\":\"https:\/\/testpage.greenpoppy.se\/kontakta-oss\/#breadcrumb\",\"itemListElement\":[{\"@type\":\"ListItem\",\"position\":1,\"name\":\"Hem\",\"item\":\"https:\/\/testpage.greenpoppy.se\/\"},{\"@type\":\"ListItem\",\"position\":2,\"name\":\"Kontakta oss\"}]},{\"@type\":\"WebSite\",\"@id\":\"https:\/\/testpage.greenpoppy.se\/#website\",\"url\":\"https:\/\/testpage.greenpoppy.se\/\",\"name\":\"Green Poppy\",\"description\":\"H\u00e5llbara och \u00e5teranv\u00e4ndbara tygbl\u00f6jor\",\"publisher\":{\"@id\":\"https:\/\/testpage.greenpoppy.se\/#organization\"},\"potentialAction\":[{\"@type\":\"SearchAction\",\"target\":{\"@type\":\"EntryPoint\",\"urlTemplate\":\"https:\/\/testpage.greenpoppy.se\/?s={search_term_string}\"},\"query-input\":{\"@type\":\"PropertyValueSpecification\",\"valueRequired\":true,\"valueName\":\"search_term_string\"}}],\"inLanguage\":\"en-GB\"},{\"@type\":\"Organization\",\"@id\":\"https:\/\/testpage.greenpoppy.se\/#organization\",\"name\":\"Green Poppy\",\"url\":\"https:\/\/testpage.greenpoppy.se\/\",\"logo\":{\"@type\":\"ImageObject\",\"inLanguage\":\"en-GB\",\"@id\":\"https:\/\/testpage.greenpoppy.se\/#\/schema\/logo\/image\/\",\"url\":\"https:\/\/testpage.greenpoppy.se\/wp-content\/uploads\/2024\/01\/Logga_Officiell.svg\",\"contentUrl\":\"https:\/\/testpage.greenpoppy.se\/wp-content\/uploads\/2024\/01\/Logga_Officiell.svg\",\"width\":1,\"height\":1,\"caption\":\"Green Poppy\"},\"image\":{\"@id\":\"https:\/\/testpage.greenpoppy.se\/#\/schema\/logo\/image\/\"},\"sameAs\":[\"https:\/\/www.facebook.com\/profile.php?id=61554367862205\",\"https:\/\/www.instagram.com\/greenpoppy.se\/\"]}]}<\/script>\n<!-- \/ Yoast SEO plugin. -->","yoast_head_json":{"title":"Kontakta oss - testpage","robots":{"index":"noindex","follow":"follow","max-snippet":"max-snippet:-1","max-image-preview":"max-image-preview:large","max-video-preview":"max-video-preview:-1"},"og_locale":"en_GB","og_type":"article","og_title":"Kontakta oss - testpage","og_url":"https:\/\/testpage.greenpoppy.se\/en\/kontakta-oss\/","og_site_name":"testpage","article_publisher":"https:\/\/www.facebook.com\/profile.php?id=61554367862205","article_modified_time":"2025-01-01T13:39:37+00:00","twitter_card":"summary_large_image","twitter_misc":{"Estimated reading time":"1 minute"},"schema":{"@context":"https:\/\/schema.org","@graph":[{"@type":"WebPage","@id":"https:\/\/testpage.greenpoppy.se\/kontakta-oss\/","url":"https:\/\/testpage.greenpoppy.se\/kontakta-oss\/","name":"Kontakta oss - testpage","isPartOf":{"@id":"https:\/\/testpage.greenpoppy.se\/#website"},"datePublished":"2023-12-29T21:45:15+00:00","dateModified":"2025-01-01T13:39:37+00:00","breadcrumb":{"@id":"https:\/\/testpage.greenpoppy.se\/kontakta-oss\/#breadcrumb"},"inLanguage":"en-GB","potentialAction":[{"@type":"ReadAction","target":["https:\/\/testpage.greenpoppy.se\/kontakta-oss\/"]}]},{"@type":"BreadcrumbList","@id":"https:\/\/testpage.greenpoppy.se\/kontakta-oss\/#breadcrumb","itemListElement":[{"@type":"ListItem","position":1,"name":"Hem","item":"https:\/\/testpage.greenpoppy.se\/"},{"@type":"ListItem","position":2,"name":"Kontakta oss"}]},{"@type":"WebSite","@id":"https:\/\/testpage.greenpoppy.se\/#website","url":"https:\/\/testpage.greenpoppy.se\/","name":"Green Poppy","description":"H\u00e5llbara och \u00e5teranv\u00e4ndbara tygbl\u00f6jor","publisher":{"@id":"https:\/\/testpage.greenpoppy.se\/#organization"},"potentialAction":[{"@type":"SearchAction","target":{"@type":"EntryPoint","urlTemplate":"https:\/\/testpage.greenpoppy.se\/?s={search_term_string}"},"query-input":{"@type":"PropertyValueSpecification","valueRequired":true,"valueName":"search_term_string"}}],"inLanguage":"en-GB"},{"@type":"Organization","@id":"https:\/\/testpage.greenpoppy.se\/#organization","name":"Green Poppy","url":"https:\/\/testpage.greenpoppy.se\/","logo":{"@type":"ImageObject","inLanguage":"en-GB","@id":"https:\/\/testpage.greenpoppy.se\/#\/schema\/logo\/image\/","url":"https:\/\/testpage.greenpoppy.se\/wp-content\/uploads\/2024\/01\/Logga_Officiell.svg","contentUrl":"https:\/\/testpage.greenpoppy.se\/wp-content\/uploads\/2024\/01\/Logga_Officiell.svg","width":1,"height":1,"caption":"Green Poppy"},"image":{"@id":"https:\/\/testpage.greenpoppy.se\/#\/schema\/logo\/image\/"},"sameAs":["https:\/\/www.facebook.com\/profile.php?id=61554367862205","https:\/\/www.instagram.com\/greenpoppy.se\/"]}]}},"_links":{"self":[{"href":"https:\/\/testpage.greenpoppy.se\/en\/wp-json\/wp\/v2\/pages\/611","targetHints":{"allow":["GET"]}}],"collection":[{"href":"https:\/\/testpage.greenpoppy.se\/en\/wp-json\/wp\/v2\/pages"}],"about":[{"href":"https:\/\/testpage.greenpoppy.se\/en\/wp-json\/wp\/v2\/types\/page"}],"author":[{"embeddable":true,"href":"https:\/\/testpage.greenpoppy.se\/en\/wp-json\/wp\/v2\/users\/1"}],"replies":[{"embeddable":true,"href":"https:\/\/testpage.greenpoppy.se\/en\/wp-json\/wp\/v2\/comments?post=611"}],"version-history":[{"count":5,"href":"https:\/\/testpage.greenpoppy.se\/en\/wp-json\/wp\/v2\/pages\/611\/revisions"}],"predecessor-version":[{"id":620,"href":"https:\/\/testpage.greenpoppy.se\/en\/wp-json\/wp\/v2\/pages\/611\/revisions\/620"}],"wp:attachment":[{"href":"https:\/\/testpage.greenpoppy.se\/en\/wp-json\/wp\/v2\/media?parent=611"}],"curies":[{"name":"wp","href":"https:\/\/api.w.org\/{rel}","templated":true}]}}