{"id":583,"date":"2023-12-29T21:12:15","date_gmt":"2023-12-29T20:12:15","guid":{"rendered":"https:\/\/testpage.greenpoppy.se\/?page_id=583"},"modified":"2024-12-15T08:50:55","modified_gmt":"2024-12-15T07:50:55","slug":"kopvillkor","status":"publish","type":"page","link":"https:\/\/testpage.greenpoppy.se\/en\/kopvillkor\/","title":{"rendered":"Terms &amp; Conditions"},"content":{"rendered":"<section class=\"section\" id=\"section_1503900975\">\n\t\t<div class=\"section-bg fill\" >\n\t\t\t\t\t\t\t\t\t\n\t\t\t\n\n\t\t<\/div>\n\n\t\t\n\n\t\t<div class=\"section-content relative\">\n\t\t\t\n\n\t<div id=\"gap-1296373170\" class=\"gap-element clearfix\" style=\"display:block; height:auto;\">\n\t\t\n<style>\n#gap-1296373170 {\n  padding-top: 30px;\n}\n<\/style>\n\t<\/div>\n\t\n\n<div class=\"row\"  id=\"row-1507291878\">\n\n\n\t<div id=\"col-803859985\" class=\"col small-12 large-12\"  >\n\t\t\t\t<div class=\"col-inner\" style=\"background-color:rgb(255,255,255);\" >\n\t\t\t\n\t\t\t\n\n\n  <div class=\"banner has-hover\" id=\"banner-1088414012\">\n          <div class=\"banner-inner fill\">\n        <div class=\"banner-bg fill\" >\n            <img decoding=\"async\" width=\"800\" height=\"533\" data-src=\"https:\/\/testpage.greenpoppy.se\/wp-content\/uploads\/2024\/04\/DSC_5894.jpg\" class=\"bg attachment-large size-large lazyload\" alt=\"\" src=\"data:image\/gif;base64,R0lGODlhAQABAAAAACH5BAEKAAEALAAAAAABAAEAAAICTAEAOw==\" style=\"--smush-placeholder-width: 800px; --smush-placeholder-aspect-ratio: 800\/533;\" \/>                        <div class=\"overlay\"><\/div>            \n                    <\/div>\n\t\t\n        <div class=\"banner-layers container\">\n            <div class=\"fill banner-link\"><\/div>            \n\n   <div id=\"text-box-1922753623\" class=\"text-box banner-layer x50 md-x50 lg-x50 y50 md-y50 lg-y50 res-text\">\n                                <div class=\"text-box-content text dark\">\n              \n              <div class=\"text-inner text-center\">\n                  \n\n<div class=\"container section-title-container\" ><h1 class=\"section-title section-title-normal\"><b><\/b><span class=\"section-title-main\" >Terms &amp; Conditions<\/span><b><\/b><\/h1><\/div>\n\n\n              <\/div>\n           <\/div>\n                            \n<style>\n#text-box-1922753623 {\n  width: 72%;\n}\n#text-box-1922753623 .text-box-content {\n  font-size: 100%;\n}\n@media (min-width:550px) {\n  #text-box-1922753623 {\n    width: 35%;\n  }\n}\n<\/style>\n    <\/div>\n \n\n        <\/div>\n      <\/div>\n\n            \n<style>\n#banner-1088414012 {\n  padding-top: 250px;\n}\n#banner-1088414012 .overlay {\n  background-color: rgba(0,0,0,.5);\n}\n#banner-1088414012 .banner-bg img {\n  object-position: 32% 74%;\n}\n@media (min-width:550px) {\n  #banner-1088414012 {\n    padding-top: 400px;\n  }\n}\n<\/style>\n  <\/div>\n\n\n<div class=\"row align-center\"  id=\"row-178180427\">\n\n\n\t<div id=\"col-706757654\" class=\"col medium-10 small-11 large-10\"  >\n\t\t\t\t<div class=\"col-inner text-center\"  >\n\t\t\t\n\t\t\t\n\n<h1 style=\"text-align: left;\"><strong>K\u00f6pvillkor \u2013 Info<\/strong><\/h1>\n<p style=\"text-align: left;\">F\u00f6retaget finns i Eskilstuna. Postadress till lager f\u00f6r Green Poppy AB (ej butik) \u00e4r Vickelbyv\u00e4gen 58, 63509 Eskilstuna.<\/p>\n<p style=\"text-align: left;\">For contact with Green Poppy, please email at <a rel=\"noopener\">info@greenpoppy.se<\/a><\/p>\n<p style=\"text-align: left;\">Organisationsnummer: 559496-3299<\/p>\n<p style=\"text-align: left;\">Contact person: Emma Kajmo<\/p>\n<h2 style=\"text-align: left;\"><strong>Prices<\/strong><\/h2>\n<p style=\"text-align: left;\">All prices are stated in Swedish Kronor (SEK) including 25% VAT. In the shopping cart, the customer can see the total price, including all fees, VAT, shipping, and payment. Payment terms are specified in the shopping cart depending on the chosen payment method.<\/p>\n<p style=\"text-align: left;\">Shipping terms are specified in the shopping cart depending on the chosen shipping method.<\/p>\n<p style=\"text-align: left;\">We reserve the right to change prices due to supplier price changes, errors in the price list, and inaccuracies in prices due to incorrect information, and reserve the right to adjust the price.<\/p>\n<h2 style=\"text-align: left;\"><strong>Ordering<\/strong><\/h2>\n<p style=\"text-align: left;\">After placing an order, the customer will receive an email confirming the purchase. The order confirmation includes the customer's contact information, order number, information about the purchased products, chosen shipping option, payment method, and total cost. If anything is incorrect in the order confirmation, it is recommended that the customer contact Green Poppy via email at <a rel=\"noopener\">info@greenpoppy.se<\/a> as soon as possible.<\/p>\n<p style=\"text-align: left;\">Minimum amount of the order is 3 SEK.<\/p>\n<h2 style=\"text-align: left;\"><strong>Payment<\/strong><\/h2>\n<p style=\"text-align: left;\">Hos Green Poppy erbjuds att betala via Payson, Swish, PayPal eller Stripe.<\/p>\n<ul style=\"text-align: left;\">\n<li><strong>Betalning med Payson<\/strong>: Betalning sker enkelt och tryggt med Payson. Du beh\u00f6ver inte ha ett konto hos Payson sedan tidigare f\u00f6r att kunna betala. Slutf\u00f6r k\u00f6pet direkt med VISA, MasterCard , Swish samt de svenska bankerna Swedbank, SEB, Nordea, Danske Bank, Handelsbanken, L\u00e4nsf\u00f6rs\u00e4kringar, Skandiabanken och Sparbanken Syd. Du kan ocks\u00e5 v\u00e4lja att betala i efterhand p\u00e5 faktura eller att delbetala \u00f6ver 3-24 m\u00e5nader. Payson h\u00e5ller h\u00f6ga s\u00e4kerhetskrav och f\u00f6r alla kortbetalningar anv\u00e4nds 3D-secure teknik. Flera miljoner personer har anv\u00e4nt Payson som \u00e4r en v\u00e4lk\u00e4nd betall\u00f6sning p\u00e5 internet sedan 2004. L\u00e4s mer h\u00e4r: <a href=\"http:\/\/www.payson.se\/\" target=\"_new\" rel=\"noopener\">www.payson.se<\/a><\/li>\n<li><strong>Betalning med Swish<\/strong>: Det g\u00e5r att betala med swish utan att anv\u00e4nda Payson. Swishapplikation finns vid utcheckning av varukorgen. Man kan \u00e4ven swisha till nummer 123 \u2013 050 18 17.<\/li>\n<\/ul>\n<h2 style=\"text-align: left;\"><strong>Limitation of Liability<\/strong><\/h2>\n<p style=\"text-align: left;\">We take no responsibility for damages that arise indirectly due to the product.<br \/>We reserve the right for typographical errors on this website. We reserve the right to sell out.<br \/>We are not responsible for delays\/other problems that may arise due to external circumstances beyond our control.<\/p>\n<h2 style=\"text-align: left;\"><strong>Tvistl\u00f6sning<\/strong><\/h2>\n<p style=\"text-align: left;\">Vid eventuell tvist f\u00f6ljer Green Poppy svensk lag och konsumentk\u00f6plagen. Kunder har m\u00f6jlighet att v\u00e4nda sig till Allm\u00e4nna reklamationsn\u00e4mnden (ARN) f\u00f6r att f\u00e5 tvisten pr\u00f6vad. Vi deltar ocks\u00e5 i EU-kommissionens plattform f\u00f6r tvistl\u00f6sning online (ODR). Plattformen \u00e4r tillg\u00e4nglig via <a href=\"https:\/\/ec.europa.eu\/consumers\/odr\" target=\"_new\" rel=\"noopener\">https:\/\/ec.europa.eu\/consumers\/odr<\/a>.<\/p>\n<h2 style=\"text-align: left;\"><strong>Acceptance of Terms<\/strong><\/h2>\n<p style=\"text-align: left;\">When the customer accepts the terms and conditions at the checkout when making a purchase, our terms for <a href=\"https:\/\/testpage.greenpoppy.se\/en\/frakt-och-leverans\/\">shipping and delivery,<\/a>, <a href=\"https:\/\/testpage.greenpoppy.se\/en\/retur-och-aterbetalningspolicy\/\">returns and refunds,<\/a> and <a href=\"https:\/\/testpage.greenpoppy.se\/en\/reklamation-och-angerratt\/\">reklamation och \u00e5ngerr\u00e4tt<\/a>.<\/p>\n\t<div class=\"img has-hover x md-x lg-x y md-y lg-y\" id=\"image_1460762661\">\n\t\t\t\t\t\t\t\t<div class=\"img-inner dark\" >\n\t\t\t\t\t\t\t\t\t\n\t\t\t\t\t<\/div>\n\t\t\t\t\t\t\t\t\n<style>\n#image_1460762661 {\n  width: 100%;\n}\n<\/style>\n\t<\/div>\n\t\n\n\t<div id=\"gap-1451954911\" class=\"gap-element clearfix\" style=\"display:block; height:auto;\">\n\t\t\n<style>\n#gap-1451954911 {\n  padding-top: 30px;\n}\n<\/style>\n\t<\/div>\n\t\n\n\n\t\t<\/div>\n\t\t\t\t\n<style>\n#col-706757654 > .col-inner {\n  padding: 0% 0px 5% 0px;\n}\n<\/style>\n\t<\/div>\n\n\t\n\n<\/div>\n\n\t\t<\/div>\n\t\t\t\t\t<\/div>\n\n\t\n\n<\/div>\n\n\t\t<\/div>\n\n\t\t\n<style>\n#section_1503900975 {\n  padding-top: 20px;\n  padding-bottom: 20px;\n  background-color: rgb(161, 131, 147);\n}\n@media (min-width:550px) {\n  #section_1503900975 {\n    padding-top: 40px;\n    padding-bottom: 40px;\n  }\n}\n@media (min-width:850px) {\n  #section_1503900975 {\n    padding-top: 70px;\n    padding-bottom: 70px;\n  }\n}\n<\/style>\n\t<\/section>","protected":false},"excerpt":{"rendered":"","protected":false},"author":1,"featured_media":0,"parent":0,"menu_order":0,"comment_status":"closed","ping_status":"closed","template":"page-blank.php","meta":{"footnotes":""},"class_list":["post-583","page","type-page","status-publish","hentry"],"yoast_head":"<!-- This site is optimized with the Yoast SEO plugin v24.4 - https:\/\/yoast.com\/wordpress\/plugins\/seo\/ -->\n<title>K\u00f6pvillkor - testpage<\/title>\n<meta name=\"robots\" content=\"noindex, follow, max-snippet:-1, max-image-preview:large, max-video-preview:-1\" \/>\n<meta property=\"og:locale\" content=\"en_GB\" \/>\n<meta property=\"og:type\" content=\"article\" \/>\n<meta property=\"og:title\" content=\"K\u00f6pvillkor - testpage\" \/>\n<meta property=\"og:url\" content=\"https:\/\/testpage.greenpoppy.se\/en\/kopvillkor\/\" \/>\n<meta property=\"og:site_name\" content=\"testpage\" \/>\n<meta property=\"article:publisher\" content=\"https:\/\/www.facebook.com\/profile.php?id=61554367862205\" \/>\n<meta property=\"article:modified_time\" content=\"2024-12-15T07:50:55+00:00\" \/>\n<meta name=\"twitter:card\" content=\"summary_large_image\" \/>\n<meta name=\"twitter:label1\" content=\"Estimated reading time\" \/>\n\t<meta name=\"twitter:data1\" content=\"3 minutes\" \/>\n<script type=\"application\/ld+json\" class=\"yoast-schema-graph\">{\"@context\":\"https:\/\/schema.org\",\"@graph\":[{\"@type\":\"WebPage\",\"@id\":\"https:\/\/testpage.greenpoppy.se\/kopvillkor\/\",\"url\":\"https:\/\/testpage.greenpoppy.se\/kopvillkor\/\",\"name\":\"K\u00f6pvillkor - testpage\",\"isPartOf\":{\"@id\":\"https:\/\/testpage.greenpoppy.se\/#website\"},\"datePublished\":\"2023-12-29T20:12:15+00:00\",\"dateModified\":\"2024-12-15T07:50:55+00:00\",\"breadcrumb\":{\"@id\":\"https:\/\/testpage.greenpoppy.se\/kopvillkor\/#breadcrumb\"},\"inLanguage\":\"en-GB\",\"potentialAction\":[{\"@type\":\"ReadAction\",\"target\":[\"https:\/\/testpage.greenpoppy.se\/kopvillkor\/\"]}]},{\"@type\":\"BreadcrumbList\",\"@id\":\"https:\/\/testpage.greenpoppy.se\/kopvillkor\/#breadcrumb\",\"itemListElement\":[{\"@type\":\"ListItem\",\"position\":1,\"name\":\"Hem\",\"item\":\"https:\/\/testpage.greenpoppy.se\/\"},{\"@type\":\"ListItem\",\"position\":2,\"name\":\"K\u00f6pvillkor\"}]},{\"@type\":\"WebSite\",\"@id\":\"https:\/\/testpage.greenpoppy.se\/#website\",\"url\":\"https:\/\/testpage.greenpoppy.se\/\",\"name\":\"Green Poppy\",\"description\":\"H\u00e5llbara och \u00e5teranv\u00e4ndbara tygbl\u00f6jor\",\"publisher\":{\"@id\":\"https:\/\/testpage.greenpoppy.se\/#organization\"},\"potentialAction\":[{\"@type\":\"SearchAction\",\"target\":{\"@type\":\"EntryPoint\",\"urlTemplate\":\"https:\/\/testpage.greenpoppy.se\/?s={search_term_string}\"},\"query-input\":{\"@type\":\"PropertyValueSpecification\",\"valueRequired\":true,\"valueName\":\"search_term_string\"}}],\"inLanguage\":\"en-GB\"},{\"@type\":\"Organization\",\"@id\":\"https:\/\/testpage.greenpoppy.se\/#organization\",\"name\":\"Green Poppy\",\"url\":\"https:\/\/testpage.greenpoppy.se\/\",\"logo\":{\"@type\":\"ImageObject\",\"inLanguage\":\"en-GB\",\"@id\":\"https:\/\/testpage.greenpoppy.se\/#\/schema\/logo\/image\/\",\"url\":\"https:\/\/testpage.greenpoppy.se\/wp-content\/uploads\/2024\/01\/Logga_Officiell.svg\",\"contentUrl\":\"https:\/\/testpage.greenpoppy.se\/wp-content\/uploads\/2024\/01\/Logga_Officiell.svg\",\"width\":1,\"height\":1,\"caption\":\"Green Poppy\"},\"image\":{\"@id\":\"https:\/\/testpage.greenpoppy.se\/#\/schema\/logo\/image\/\"},\"sameAs\":[\"https:\/\/www.facebook.com\/profile.php?id=61554367862205\",\"https:\/\/www.instagram.com\/greenpoppy.se\/\"]}]}<\/script>\n<!-- \/ Yoast SEO plugin. -->","yoast_head_json":{"title":"K\u00f6pvillkor - testpage","robots":{"index":"noindex","follow":"follow","max-snippet":"max-snippet:-1","max-image-preview":"max-image-preview:large","max-video-preview":"max-video-preview:-1"},"og_locale":"en_GB","og_type":"article","og_title":"K\u00f6pvillkor - testpage","og_url":"https:\/\/testpage.greenpoppy.se\/en\/kopvillkor\/","og_site_name":"testpage","article_publisher":"https:\/\/www.facebook.com\/profile.php?id=61554367862205","article_modified_time":"2024-12-15T07:50:55+00:00","twitter_card":"summary_large_image","twitter_misc":{"Estimated reading time":"3 minutes"},"schema":{"@context":"https:\/\/schema.org","@graph":[{"@type":"WebPage","@id":"https:\/\/testpage.greenpoppy.se\/kopvillkor\/","url":"https:\/\/testpage.greenpoppy.se\/kopvillkor\/","name":"K\u00f6pvillkor - testpage","isPartOf":{"@id":"https:\/\/testpage.greenpoppy.se\/#website"},"datePublished":"2023-12-29T20:12:15+00:00","dateModified":"2024-12-15T07:50:55+00:00","breadcrumb":{"@id":"https:\/\/testpage.greenpoppy.se\/kopvillkor\/#breadcrumb"},"inLanguage":"en-GB","potentialAction":[{"@type":"ReadAction","target":["https:\/\/testpage.greenpoppy.se\/kopvillkor\/"]}]},{"@type":"BreadcrumbList","@id":"https:\/\/testpage.greenpoppy.se\/kopvillkor\/#breadcrumb","itemListElement":[{"@type":"ListItem","position":1,"name":"Hem","item":"https:\/\/testpage.greenpoppy.se\/"},{"@type":"ListItem","position":2,"name":"K\u00f6pvillkor"}]},{"@type":"WebSite","@id":"https:\/\/testpage.greenpoppy.se\/#website","url":"https:\/\/testpage.greenpoppy.se\/","name":"Green Poppy","description":"H\u00e5llbara och \u00e5teranv\u00e4ndbara tygbl\u00f6jor","publisher":{"@id":"https:\/\/testpage.greenpoppy.se\/#organization"},"potentialAction":[{"@type":"SearchAction","target":{"@type":"EntryPoint","urlTemplate":"https:\/\/testpage.greenpoppy.se\/?s={search_term_string}"},"query-input":{"@type":"PropertyValueSpecification","valueRequired":true,"valueName":"search_term_string"}}],"inLanguage":"en-GB"},{"@type":"Organization","@id":"https:\/\/testpage.greenpoppy.se\/#organization","name":"Green Poppy","url":"https:\/\/testpage.greenpoppy.se\/","logo":{"@type":"ImageObject","inLanguage":"en-GB","@id":"https:\/\/testpage.greenpoppy.se\/#\/schema\/logo\/image\/","url":"https:\/\/testpage.greenpoppy.se\/wp-content\/uploads\/2024\/01\/Logga_Officiell.svg","contentUrl":"https:\/\/testpage.greenpoppy.se\/wp-content\/uploads\/2024\/01\/Logga_Officiell.svg","width":1,"height":1,"caption":"Green Poppy"},"image":{"@id":"https:\/\/testpage.greenpoppy.se\/#\/schema\/logo\/image\/"},"sameAs":["https:\/\/www.facebook.com\/profile.php?id=61554367862205","https:\/\/www.instagram.com\/greenpoppy.se\/"]}]}},"_links":{"self":[{"href":"https:\/\/testpage.greenpoppy.se\/en\/wp-json\/wp\/v2\/pages\/583","targetHints":{"allow":["GET"]}}],"collection":[{"href":"https:\/\/testpage.greenpoppy.se\/en\/wp-json\/wp\/v2\/pages"}],"about":[{"href":"https:\/\/testpage.greenpoppy.se\/en\/wp-json\/wp\/v2\/types\/page"}],"author":[{"embeddable":true,"href":"https:\/\/testpage.greenpoppy.se\/en\/wp-json\/wp\/v2\/users\/1"}],"replies":[{"embeddable":true,"href":"https:\/\/testpage.greenpoppy.se\/en\/wp-json\/wp\/v2\/comments?post=583"}],"version-history":[{"count":18,"href":"https:\/\/testpage.greenpoppy.se\/en\/wp-json\/wp\/v2\/pages\/583\/revisions"}],"predecessor-version":[{"id":2946,"href":"https:\/\/testpage.greenpoppy.se\/en\/wp-json\/wp\/v2\/pages\/583\/revisions\/2946"}],"wp:attachment":[{"href":"https:\/\/testpage.greenpoppy.se\/en\/wp-json\/wp\/v2\/media?parent=583"}],"curies":[{"name":"wp","href":"https:\/\/api.w.org\/{rel}","templated":true}]}}