{"id":1961,"date":"2024-07-21T09:42:56","date_gmt":"2024-07-21T07:42:56","guid":{"rendered":"https:\/\/testpage.greenpoppy.se\/?page_id=1961"},"modified":"2024-09-14T22:57:16","modified_gmt":"2024-09-14T20:57:16","slug":"faq","status":"publish","type":"page","link":"https:\/\/testpage.greenpoppy.se\/en\/faq\/","title":{"rendered":"FAQ"},"content":{"rendered":"<div class=\"row row-collapse row-full-width\"  id=\"row-1641901575\">\n\n\n\t<div id=\"col-2130774777\" class=\"col small-12 large-12\"  >\n\t\t\t\t<div class=\"col-inner text-center\" style=\"background-color:#989d78;\" >\n\t\t\t\n\t\t\t\n\n\n\t<section class=\"section dark\" id=\"section_419856254\">\n\t\t<div class=\"section-bg fill\" >\n\t\t\t<img decoding=\"async\" width=\"2560\" height=\"1707\" data-src=\"https:\/\/testpage.greenpoppy.se\/wp-content\/uploads\/2024\/07\/DSC_5488-scaled.jpg\" class=\"bg attachment- size- lazyload\" alt=\"\" src=\"data:image\/gif;base64,R0lGODlhAQABAAAAACH5BAEKAAEALAAAAAABAAEAAAICTAEAOw==\" style=\"--smush-placeholder-width: 2560px; --smush-placeholder-aspect-ratio: 2560\/1707;\" \/>\t\t\t\t\t\t<div class=\"section-bg-overlay absolute fill\"><\/div>\n\t\t\t\n\n\t\t<\/div>\n\n\t\t\n\n\t\t<div class=\"section-content relative\">\n\t\t\t\n\n<div class=\"row row-collapse\"  id=\"row-1234652957\">\n\n\n\t<div id=\"col-74084997\" class=\"col small-12 large-12\"  >\n\t\t\t\t<div class=\"col-inner\"  >\n\t\t\t\n\t\t\t\n\n<h2><span style=\"font-size: 160%;\">FAQ<\/span><\/h2>\n<p><span style=\"font-size: 120%;\">Allts\u00e5, vanliga fr\u00e5gor och svar om tygbl\u00f6jor!<\/span><\/p>\n\n\t\t<\/div>\n\t\t\t\t\t<\/div>\n\n\t\n\n<\/div>\n\n\t\t<\/div>\n\n\t\t\n<style>\n#section_419856254 {\n  padding-top: 154px;\n  padding-bottom: 154px;\n}\n#section_419856254 .section-bg-overlay {\n  background-color: rgba(0,0,0,.5);\n}\n#section_419856254 .section-bg img {\n  object-position: 52% 42%;\n}\n<\/style>\n\t<\/section>\n\t\n\n\t\t<\/div>\n\t\t\t\t\n<style>\n#col-2130774777 > .col-inner {\n  margin: 0px 0px 0px 0px;\n}\n<\/style>\n\t<\/div>\n\n\t\n\n\n<style>\n#row-1641901575 > .col > .col-inner {\n  padding: 0px 0px 0px 0px;\n  background-color: rgb(254, 186, 219);\n}\n<\/style>\n<\/div>\n\n\t<section class=\"section\" id=\"section_2074111998\">\n\t\t<div class=\"section-bg fill\" >\n\t\t\t\t\t\t\t\t\t\n\t\t\t\n\n\t\t<\/div>\n\n\t\t\n\n\t\t<div class=\"section-content relative\">\n\t\t\t\n\n<div class=\"row\"  id=\"row-1152256805\">\n\n\n\t<div id=\"col-388848707\" class=\"col small-12 large-12\"  >\n\t\t\t\t<div class=\"col-inner text-center\"  >\n\t\t\t\n\t\t\t\n\n<h2>Tygbl\u00f6jors funktion<\/h2>\n\n\t\t<\/div>\n\t\t\t\t\t<\/div>\n\n\t\n\n<\/div>\n<div class=\"row align-equal row-solid\"  id=\"row-1490396656\">\n\n\n\t<div id=\"col-1590566834\" class=\"col medium-6 small-12 large-6\"  >\n\t\t\t\t<div class=\"col-inner\"  >\n\t\t\t\n\t\t\t\n\n<h3 style=\"text-align: left;\">What are cloth diapers? How do they work?<\/h3>\n<p style=\"text-align: left;\">Cloth diapers consist of two parts: a waterproof shell and an absorbent part. There are several different systems (e.g., pocket diapers, all-in-one, prefold diapers, etc.), but these two components must always be present. Everything on a cloth diaper can be washed in the washing machine (with the exception of some wool\/silk products). Therefore, it is a diaper made of fabric, designed to be used over and over again. <a href=\"https:\/\/testpage.greenpoppy.se\/en\/olika-system\/\">Read more here about different systems<\/a>!<\/p>\n\n\t\t<\/div>\n\t\t\t\t\t<\/div>\n\n\t\n\n\t<div id=\"col-1167605796\" class=\"col medium-6 small-12 large-6\"  >\n\t\t\t\t<div class=\"col-inner\"  >\n\t\t\t\n\t\t\t\n\n<h3 style=\"text-align: left;\">Is it complicated to use cloth diapers?<\/h3>\n<p style=\"text-align: left;\">No! Today's cloth diapers are very similar to disposable diapers in their construction. There are complete diapers that you use and then take off in one piece. The difference from disposable diapers is that instead of throwing the used diaper in the trash, you put it in the laundry basket.<\/p>\n\n\t\t<\/div>\n\t\t\t\t\t<\/div>\n\n\t\n\n\t<div id=\"col-1171124228\" class=\"col medium-6 small-12 large-6\"  >\n\t\t\t\t<div class=\"col-inner\"  >\n\t\t\t\n\t\t\t\n\n<h3 style=\"text-align: left;\">How many cloth diapers do you need for full-time use?<\/h3>\n<p style=\"text-align: left;\">Det beror p\u00e5 hur ofta du vill tv\u00e4tta, men tv\u00e4ttar man ungef\u00e4r var tredje dag och byter \u00e5tta bl\u00f6jor om dagen beh\u00f6ver du cirka 24 bl\u00f6jor (pocketbl\u00f6jor). Kanske ett par extra f\u00f6r tv\u00e4ttdagen, d\u00e5 det tar ett tag f\u00f6r bl\u00f6jorna att torka. Vi kan \u00e4ven tycka att det \u00e4r smidigt att ha n\u00e5gra extra bl\u00f6jor och <strong>rekommenderar d\u00e4rf\u00f6r 25-35 bl\u00f6jor<\/strong>. Vill man anv\u00e4nda vikbl\u00f6jor med skal, s\u00e5 beh\u00f6vs det runt 30 vikbl\u00f6jor och ungef\u00e4r 3 PUL-skal. Vi kan dock rekommendera att \u00e4ven k\u00f6pa n\u00e5gra inl\u00e4gg, f\u00f6r att kunna boosta vikbl\u00f6jorna vid behov.\u00a0<\/p>\n\n\t\t<\/div>\n\t\t\t\t\t<\/div>\n\n\t\n\n\t<div id=\"col-1356638196\" class=\"col medium-6 small-12 large-6\"  >\n\t\t\t\t<div class=\"col-inner\"  >\n\t\t\t\n\t\t\t\n\n<h3 style=\"text-align: left;\">How old should the baby be to start using cloth diapers?<\/h3>\n<p style=\"text-align: left;\">You can use cloth diapers from birth, even directly at the hospital if you want! There is no age limit for when you should start or stop using cloth diapers. Today, there are so many different systems and sizes available that you will definitely find something that suits your baby.\u00a0<\/p>\n\n\t\t<\/div>\n\t\t\t\t\t<\/div>\n\n\t\n\n\n<style>\n#row-1490396656 > .col > .col-inner {\n  padding: 30px 30px 30px 30px;\n}\n<\/style>\n<\/div>\n\n\t\t<\/div>\n\n\t\t\n<style>\n#section_2074111998 {\n  padding-top: 60px;\n  padding-bottom: 60px;\n  background-color: rgb(236, 230, 216);\n}\n<\/style>\n\t<\/section>\n\t\n\n\t<section class=\"section\" id=\"section_204083796\">\n\t\t<div class=\"section-bg fill\" >\n\t\t\t\t\t\t\t\t\t\n\t\t\t\n\n\t\t<\/div>\n\n\t\t\n\n\t\t<div class=\"section-content relative\">\n\t\t\t\n\n<div class=\"row\"  id=\"row-589267125\">\n\n\n\t<div id=\"col-117214537\" class=\"col small-12 large-12\"  >\n\t\t\t\t<div class=\"col-inner text-center\"  >\n\t\t\t\n\t\t\t\n\n<h2>Sk\u00f6tsel och tv\u00e4tt<\/h2>\n\n\t\t<\/div>\n\t\t\t\t\t<\/div>\n\n\t\n\n<\/div>\n<div class=\"row align-equal row-solid\"  id=\"row-2003372731\">\n\n\n\t<div id=\"col-1220686267\" class=\"col medium-6 small-12 large-6\"  >\n\t\t\t\t<div class=\"col-inner\"  >\n\t\t\t\n\t\t\t\n\n<h3 style=\"text-align: left;\">Do cloth diapers smell bad?<\/h3>\n<p style=\"text-align: left;\">No! On the contrary, cloth diapers are very effective at containing the smell of urine and feces. With proper handling of the laundry, they actually don't smell at all, which is much less than disposable diapers.<\/p>\n\n\t\t<\/div>\n\t\t\t\t\t<\/div>\n\n\t\n\n\t<div id=\"col-1452005009\" class=\"col medium-6 small-12 large-6\"  >\n\t\t\t\t<div class=\"col-inner\"  >\n\t\t\t\n\t\t\t\n\n<h3 style=\"text-align: left;\">How long can a cloth diaper be used before it needs to be changed?<\/h3>\n<p style=\"text-align: left;\">Depending on the type of insert you have, the diaper can stay on for different lengths of time. Of course, it also depends on whether the baby is breastfed\/formula-fed, eating solid food, how often and how much the baby urinates. But with a combination of a cotton\/bamboo insert plus a hemp insert from Green Poppy, the diaper can stay on for about 2-4 hours.\u00a0<\/p>\n\n\t\t<\/div>\n\t\t\t\t\t<\/div>\n\n\t\n\n\t<div id=\"col-186941829\" class=\"col medium-6 small-12 large-6\"  >\n\t\t\t\t<div class=\"col-inner\"  >\n\t\t\t\n\t\t\t\n\n<h3 style=\"text-align: left;\">How do you wash cloth diapers?<\/h3>\n<p style=\"text-align: left;\">In the washing machine! Okay, jokes aside, but it's actually very simple. Everything on the cloth diaper can be washed; you separate any inserts from the shell and then wash them in the washing machine. You can wash all diapers separately or wash them occasionally with your regular laundry. <a href=\"https:\/\/testpage.greenpoppy.se\/en\/tvattrutiner\/\">Read more here about washing instructions.<\/a>.<\/p>\n\n\t\t<\/div>\n\t\t\t\t\t<\/div>\n\n\t\n\n\t<div id=\"col-97906918\" class=\"col medium-6 small-12 large-6\"  >\n\t\t\t\t<div class=\"col-inner\"  >\n\t\t\t\n\t\t\t\n\n<h3 style=\"text-align: left;\">What do you do with the poop when using cloth diapers?<\/h3>\n<p style=\"text-align: left;\">The big poop question! Simplified: the poop should go where all poop should go \u2013 in the toilet! As long as the child is only breastfeeding or getting formula, the poop is water-soluble and dissolves in the washing machine, which means you can wash the diapers without doing anything about the poop. When the poop is more solid and the child starts eating food, you can either tip it off the diaper into the toilet or scrape it off. You can also use disposable liners to make changing easier. Read our comprehensive <a href=\"https:\/\/testpage.greenpoppy.se\/en\/bajsguide\/\">poop guide<\/a> here!<\/p>\n\n\t\t<\/div>\n\t\t\t\t\t<\/div>\n\n\t\n\n\t<div id=\"col-201680500\" class=\"col medium-6 small-12 large-6\"  >\n\t\t\t\t<div class=\"col-inner\"  >\n\t\t\t\n\t\t\t\n\n<h3 style=\"text-align: left;\">Can you tumble dry cloth diapers?<\/h3>\n<p style=\"text-align: left;\">Yes, all parts that do not contain PUL can be tumble dried on low heat. This means that inserts, prefold diapers, and fitted diapers can be tumble dried. However, it may wear out the products, so it is recommended to air dry them after washing. If you find that the inserts become stiff when air-dried, you can soften them by twisting them in their dry state or sitting on them. This is not necessary, as they work just as well even if they are stiff.\u00a0<\/p>\n\n\t\t<\/div>\n\t\t\t\t\t<\/div>\n\n\t\n\n\t<div id=\"col-910337014\" class=\"col medium-6 small-12 large-6\"  >\n\t\t\t\t<div class=\"col-inner\"  >\n\t\t\t\n\t\t\t\n\n<h3 style=\"text-align: left;\">Hur vet man n\u00e4r man ska byta tygbl\u00f6jan? Finns det n\u00e5got streck p\u00e5 tygbl\u00f6jor som p\u00e5 eng\u00e5ngsbl\u00f6jor?<\/h3>\n<p style=\"text-align: left;\">Nej, det finns det ju inte. Det enklaste s\u00e4ttet att veta om barnet har kissat \u00e4r att k\u00e4nna efter med ett finger i bl\u00f6jan. En tygbl\u00f6ja v\u00e4xer inte p\u00e5 samma s\u00e4tt som en eng\u00e5ngsbl\u00f6ja g\u00f6r n\u00e4r barnet kissar, men den kan k\u00e4nnas lite mer \u201dsvampig\u201d utifr\u00e5n, man l\u00e4r sig med tidens g\u00e5ng.<\/p>\n\n\t\t<\/div>\n\t\t\t\t\t<\/div>\n\n\t\n\n\n<style>\n#row-2003372731 > .col > .col-inner {\n  padding: 30px 30px 30px 30px;\n}\n<\/style>\n<\/div>\n\n\t\t<\/div>\n\n\t\t\n<style>\n#section_204083796 {\n  padding-top: 60px;\n  padding-bottom: 60px;\n  background-color: rgb(236, 230, 216);\n}\n<\/style>\n\t<\/section>\n\t\n\n\t<section class=\"section\" id=\"section_1273629581\">\n\t\t<div class=\"section-bg fill\" >\n\t\t\t\t\t\t\t\t\t\n\t\t\t\n\n\t\t<\/div>\n\n\t\t\n\n\t\t<div class=\"section-content relative\">\n\t\t\t\n\n<div class=\"row\"  id=\"row-1298769838\">\n\n\n\t<div id=\"col-2104404168\" class=\"col small-12 large-12\"  >\n\t\t\t\t<div class=\"col-inner text-center\"  >\n\t\t\t\n\t\t\t\n\n<h2>Milj\u00f6 och pengar<\/h2>\n\n\t\t<\/div>\n\t\t\t\t\t<\/div>\n\n\t\n\n<\/div>\n<div class=\"row align-equal row-solid\"  id=\"row-520433843\">\n\n\n\t<div id=\"col-905001722\" class=\"col medium-6 small-12 large-6\"  >\n\t\t\t\t<div class=\"col-inner\"  >\n\t\t\t\n\t\t\t\n\n<h3 style=\"text-align: left;\">Is it expensive to use cloth diapers?<\/h3>\n<p style=\"text-align: left;\">Cloth diapers have a higher initial cost, but in the long run, you can save many, many thousands of currency units! <a href=\"https:\/\/testpage.greenpoppy.se\/en\/pengar-och-tygblojor\/\">Read more here<\/a> about how much money you can save.<\/p>\n\n\t\t<\/div>\n\t\t\t\t\t<\/div>\n\n\t\n\n\t<div id=\"col-1338010391\" class=\"col medium-6 small-12 large-6\"  >\n\t\t\t\t<div class=\"col-inner\"  >\n\t\t\t\n\t\t\t\n\n<h3 style=\"text-align: left;\">Why are cloth diapers more environmentally friendly than disposable diapers?<\/h3>\n<p style=\"text-align: left;\">Less plastic is used in the production of cloth diapers compared to disposable diapers. Cloth diapers and inserts are largely made of natural materials, such as cotton, bamboo, hemp, and wool. Reusing a product is more sustainable for the environment than products that are used once and then thrown away. Did you know that it takes 450 years for nature to break down a disposable diaper? <a href=\"https:\/\/testpage.greenpoppy.se\/en\/varfor-valja-tygblojor\/\">Read more here<\/a> about why you should choose to use cloth diapers!<\/p>\n\n\t\t<\/div>\n\t\t\t\t\t<\/div>\n\n\t\n\n\t<div id=\"col-2034437788\" class=\"col medium-6 small-12 large-6\"  >\n\t\t\t\t<div class=\"col-inner\"  >\n\t\t\t\n\t\t\t\n\n<h3 style=\"text-align: left;\">Is it environmentally friendly to use the washing machine so often?<\/h3>\n<p style=\"text-align: left;\">A modern washing machine is environmentally friendly enough that even if it's not entirely gentle on the environment, it's much kinder than the production of disposable diapers. The production of disposable diapers requires a lot of plastic and oil-based products, substances that we know are harmful to the environment.<\/p>\n\n\t\t<\/div>\n\t\t\t\t\t<\/div>\n\n\t\n\n\t<div id=\"col-497568467\" class=\"col medium-6 small-12 large-6\"  >\n\t\t\t\t<div class=\"col-inner\"  >\n\t\t\t\n\t\t\t\n\n<h3 style=\"text-align: left;\">Are cloth diapers better than disposables?<\/h3>\n<p style=\"text-align: left;\">P\u00e5 den fr\u00e5gan har vi bara ett svar \u2013 JA! <a href=\"https:\/\/testpage.greenpoppy.se\/en\/varfor-valja-tygblojor\/\">Read more here<\/a> about why you should choose cloth diapers.\u00a0<\/p>\n\n\t\t<\/div>\n\t\t\t\t\t<\/div>\n\n\t\n\n\n<style>\n#row-520433843 > .col > .col-inner {\n  padding: 30px 30px 30px 30px;\n}\n<\/style>\n<\/div>\n\n\t\t<\/div>\n\n\t\t\n<style>\n#section_1273629581 {\n  padding-top: 60px;\n  padding-bottom: 60px;\n  background-color: rgb(236, 230, 216);\n}\n<\/style>\n\t<\/section>","protected":false},"excerpt":{"rendered":"","protected":false},"author":1,"featured_media":0,"parent":0,"menu_order":0,"comment_status":"closed","ping_status":"closed","template":"page-blank.php","meta":{"footnotes":""},"class_list":["post-1961","page","type-page","status-publish","hentry"],"yoast_head":"<!-- This site is optimized with the Yoast SEO plugin v24.4 - https:\/\/yoast.com\/wordpress\/plugins\/seo\/ -->\n<title>FAQ - testpage<\/title>\n<meta name=\"robots\" content=\"noindex, follow, max-snippet:-1, max-image-preview:large, max-video-preview:-1\" \/>\n<meta property=\"og:locale\" content=\"en_GB\" \/>\n<meta property=\"og:type\" content=\"article\" \/>\n<meta property=\"og:title\" content=\"FAQ - testpage\" \/>\n<meta property=\"og:url\" content=\"https:\/\/testpage.greenpoppy.se\/en\/faq\/\" \/>\n<meta property=\"og:site_name\" content=\"testpage\" \/>\n<meta property=\"article:publisher\" content=\"https:\/\/www.facebook.com\/profile.php?id=61554367862205\" \/>\n<meta property=\"article:modified_time\" content=\"2024-09-14T20:57:16+00:00\" \/>\n<meta name=\"twitter:card\" content=\"summary_large_image\" \/>\n<script type=\"application\/ld+json\" class=\"yoast-schema-graph\">{\"@context\":\"https:\/\/schema.org\",\"@graph\":[{\"@type\":\"WebPage\",\"@id\":\"https:\/\/testpage.greenpoppy.se\/faq\/\",\"url\":\"https:\/\/testpage.greenpoppy.se\/faq\/\",\"name\":\"FAQ - testpage\",\"isPartOf\":{\"@id\":\"https:\/\/testpage.greenpoppy.se\/#website\"},\"datePublished\":\"2024-07-21T07:42:56+00:00\",\"dateModified\":\"2024-09-14T20:57:16+00:00\",\"breadcrumb\":{\"@id\":\"https:\/\/testpage.greenpoppy.se\/faq\/#breadcrumb\"},\"inLanguage\":\"en-GB\",\"potentialAction\":[{\"@type\":\"ReadAction\",\"target\":[\"https:\/\/testpage.greenpoppy.se\/faq\/\"]}]},{\"@type\":\"BreadcrumbList\",\"@id\":\"https:\/\/testpage.greenpoppy.se\/faq\/#breadcrumb\",\"itemListElement\":[{\"@type\":\"ListItem\",\"position\":1,\"name\":\"Hem\",\"item\":\"https:\/\/testpage.greenpoppy.se\/\"},{\"@type\":\"ListItem\",\"position\":2,\"name\":\"FAQ\"}]},{\"@type\":\"WebSite\",\"@id\":\"https:\/\/testpage.greenpoppy.se\/#website\",\"url\":\"https:\/\/testpage.greenpoppy.se\/\",\"name\":\"Green Poppy\",\"description\":\"H\u00e5llbara och \u00e5teranv\u00e4ndbara tygbl\u00f6jor\",\"publisher\":{\"@id\":\"https:\/\/testpage.greenpoppy.se\/#organization\"},\"potentialAction\":[{\"@type\":\"SearchAction\",\"target\":{\"@type\":\"EntryPoint\",\"urlTemplate\":\"https:\/\/testpage.greenpoppy.se\/?s={search_term_string}\"},\"query-input\":{\"@type\":\"PropertyValueSpecification\",\"valueRequired\":true,\"valueName\":\"search_term_string\"}}],\"inLanguage\":\"en-GB\"},{\"@type\":\"Organization\",\"@id\":\"https:\/\/testpage.greenpoppy.se\/#organization\",\"name\":\"Green Poppy\",\"url\":\"https:\/\/testpage.greenpoppy.se\/\",\"logo\":{\"@type\":\"ImageObject\",\"inLanguage\":\"en-GB\",\"@id\":\"https:\/\/testpage.greenpoppy.se\/#\/schema\/logo\/image\/\",\"url\":\"https:\/\/testpage.greenpoppy.se\/wp-content\/uploads\/2024\/01\/Logga_Officiell.svg\",\"contentUrl\":\"https:\/\/testpage.greenpoppy.se\/wp-content\/uploads\/2024\/01\/Logga_Officiell.svg\",\"width\":1,\"height\":1,\"caption\":\"Green Poppy\"},\"image\":{\"@id\":\"https:\/\/testpage.greenpoppy.se\/#\/schema\/logo\/image\/\"},\"sameAs\":[\"https:\/\/www.facebook.com\/profile.php?id=61554367862205\",\"https:\/\/www.instagram.com\/greenpoppy.se\/\"]}]}<\/script>\n<!-- \/ Yoast SEO plugin. -->","yoast_head_json":{"title":"FAQ - testpage","robots":{"index":"noindex","follow":"follow","max-snippet":"max-snippet:-1","max-image-preview":"max-image-preview:large","max-video-preview":"max-video-preview:-1"},"og_locale":"en_GB","og_type":"article","og_title":"FAQ - testpage","og_url":"https:\/\/testpage.greenpoppy.se\/en\/faq\/","og_site_name":"testpage","article_publisher":"https:\/\/www.facebook.com\/profile.php?id=61554367862205","article_modified_time":"2024-09-14T20:57:16+00:00","twitter_card":"summary_large_image","schema":{"@context":"https:\/\/schema.org","@graph":[{"@type":"WebPage","@id":"https:\/\/testpage.greenpoppy.se\/faq\/","url":"https:\/\/testpage.greenpoppy.se\/faq\/","name":"FAQ - testpage","isPartOf":{"@id":"https:\/\/testpage.greenpoppy.se\/#website"},"datePublished":"2024-07-21T07:42:56+00:00","dateModified":"2024-09-14T20:57:16+00:00","breadcrumb":{"@id":"https:\/\/testpage.greenpoppy.se\/faq\/#breadcrumb"},"inLanguage":"en-GB","potentialAction":[{"@type":"ReadAction","target":["https:\/\/testpage.greenpoppy.se\/faq\/"]}]},{"@type":"BreadcrumbList","@id":"https:\/\/testpage.greenpoppy.se\/faq\/#breadcrumb","itemListElement":[{"@type":"ListItem","position":1,"name":"Hem","item":"https:\/\/testpage.greenpoppy.se\/"},{"@type":"ListItem","position":2,"name":"FAQ"}]},{"@type":"WebSite","@id":"https:\/\/testpage.greenpoppy.se\/#website","url":"https:\/\/testpage.greenpoppy.se\/","name":"Green Poppy","description":"H\u00e5llbara och \u00e5teranv\u00e4ndbara tygbl\u00f6jor","publisher":{"@id":"https:\/\/testpage.greenpoppy.se\/#organization"},"potentialAction":[{"@type":"SearchAction","target":{"@type":"EntryPoint","urlTemplate":"https:\/\/testpage.greenpoppy.se\/?s={search_term_string}"},"query-input":{"@type":"PropertyValueSpecification","valueRequired":true,"valueName":"search_term_string"}}],"inLanguage":"en-GB"},{"@type":"Organization","@id":"https:\/\/testpage.greenpoppy.se\/#organization","name":"Green Poppy","url":"https:\/\/testpage.greenpoppy.se\/","logo":{"@type":"ImageObject","inLanguage":"en-GB","@id":"https:\/\/testpage.greenpoppy.se\/#\/schema\/logo\/image\/","url":"https:\/\/testpage.greenpoppy.se\/wp-content\/uploads\/2024\/01\/Logga_Officiell.svg","contentUrl":"https:\/\/testpage.greenpoppy.se\/wp-content\/uploads\/2024\/01\/Logga_Officiell.svg","width":1,"height":1,"caption":"Green Poppy"},"image":{"@id":"https:\/\/testpage.greenpoppy.se\/#\/schema\/logo\/image\/"},"sameAs":["https:\/\/www.facebook.com\/profile.php?id=61554367862205","https:\/\/www.instagram.com\/greenpoppy.se\/"]}]}},"_links":{"self":[{"href":"https:\/\/testpage.greenpoppy.se\/en\/wp-json\/wp\/v2\/pages\/1961","targetHints":{"allow":["GET"]}}],"collection":[{"href":"https:\/\/testpage.greenpoppy.se\/en\/wp-json\/wp\/v2\/pages"}],"about":[{"href":"https:\/\/testpage.greenpoppy.se\/en\/wp-json\/wp\/v2\/types\/page"}],"author":[{"embeddable":true,"href":"https:\/\/testpage.greenpoppy.se\/en\/wp-json\/wp\/v2\/users\/1"}],"replies":[{"embeddable":true,"href":"https:\/\/testpage.greenpoppy.se\/en\/wp-json\/wp\/v2\/comments?post=1961"}],"version-history":[{"count":10,"href":"https:\/\/testpage.greenpoppy.se\/en\/wp-json\/wp\/v2\/pages\/1961\/revisions"}],"predecessor-version":[{"id":2469,"href":"https:\/\/testpage.greenpoppy.se\/en\/wp-json\/wp\/v2\/pages\/1961\/revisions\/2469"}],"wp:attachment":[{"href":"https:\/\/testpage.greenpoppy.se\/en\/wp-json\/wp\/v2\/media?parent=1961"}],"curies":[{"name":"wp","href":"https:\/\/api.w.org\/{rel}","templated":true}]}}