{"id":1598,"date":"2024-05-01T09:31:27","date_gmt":"2024-05-01T07:31:27","guid":{"rendered":"https:\/\/testpage.greenpoppy.se\/?page_id=1598"},"modified":"2024-07-23T19:42:12","modified_gmt":"2024-07-23T17:42:12","slug":"aterforsaljare","status":"publish","type":"page","link":"https:\/\/testpage.greenpoppy.se\/en\/aterforsaljare\/","title":{"rendered":"Retailers"},"content":{"rendered":"<section class=\"section dark\" id=\"section_231894852\">\n\t\t<div class=\"section-bg fill\" >\n\t\t\t<img decoding=\"async\" width=\"2048\" height=\"1365\" data-src=\"https:\/\/testpage.greenpoppy.se\/wp-content\/uploads\/2024\/07\/IMG_0154-2.jpg\" class=\"bg attachment- size- lazyload\" alt=\"\" src=\"data:image\/gif;base64,R0lGODlhAQABAAAAACH5BAEKAAEALAAAAAABAAEAAAICTAEAOw==\" style=\"--smush-placeholder-width: 2048px; --smush-placeholder-aspect-ratio: 2048\/1365;\" \/>\t\t\t\t\t\t<div class=\"section-bg-overlay absolute fill\"><\/div>\n\t\t\t\n\n\t\t<\/div>\n\n\t\t\n\n\t\t<div class=\"section-content relative\">\n\t\t\t\n\n\t<div id=\"gap-1158772788\" class=\"gap-element clearfix\" style=\"display:block; height:auto;\">\n\t\t\n<style>\n#gap-1158772788 {\n  padding-top: 30px;\n}\n<\/style>\n\t<\/div>\n\t\n\n<div class=\"row align-center\"  id=\"row-865291919\">\n\n\n\t<div id=\"col-294587796\" class=\"col medium-9 small-12 large-7\"  >\n\t\t\t\t<div class=\"col-inner text-center\"  >\n\t\t\t\n\t\t\t\n\n\t<div id=\"text-2087651124\" class=\"text\">\n\t\t\n\n<h3>Retailers<\/h3>\n\t\t\n<style>\n#text-2087651124 {\n  font-size: 2.75rem;\n  line-height: 1;\n}\n<\/style>\n\t<\/div>\n\t\n<p>Do you want to buy our products from a store other than our website? Or are you a retailer interested in adding Green Poppy to your assortment? Read more below!<\/p>\n\n\t\t<\/div>\n\t\t\t\t\t<\/div>\n\n\t\n\n<\/div>\n\n\t\t<\/div>\n\n\t\t\n<style>\n#section_231894852 {\n  padding-top: 30px;\n  padding-bottom: 30px;\n  min-height: 600px;\n}\n#section_231894852 .section-bg-overlay {\n  background-color: rgba(0, 0, 0, 0.4);\n}\n@media (min-width:850px) {\n  #section_231894852 {\n    min-height: 900px;\n  }\n}\n<\/style>\n\t<\/section>\n\t\n\n\t<section class=\"section\" id=\"section_1087782250\">\n\t\t<div class=\"section-bg fill\" >\n\t\t\t\t\t\t\t\t\t\n\t\t\t\n\n\t\t<\/div>\n\n\t\t\n\n\t\t<div class=\"section-content relative\">\n\t\t\t\n\n<div class=\"row align-middle\"  id=\"row-1986739367\">\n\n\n\t<div id=\"col-1220101732\" class=\"col medium-6 small-12 large-6\"  >\n\t\t\t\t<div class=\"col-inner\"  >\n\t\t\t\n\t\t\t\n\n<p>Vi \u00e4r s\u00e5 tacksamma n\u00e4r du vill k\u00f6pa en produkt fr\u00e5n Green Poppy, och hoppas att du kommer bli n\u00f6jd med din produkt. Det g\u00e5r j\u00e4ttebra att handla p\u00e5 v\u00e5r hemsida, men v\u00e5ra produkter s\u00e4ljs \u00e4ven hos \u00e5terf\u00f6rs\u00e4ljare! Se listan h\u00e4r nedan om var du kan handla produkter fr\u00e5n Green Poppy.\u00a0<\/p>\n<p>Are you a retailer and interested in stocking our products in your store? Don't hesitate to contact us, and we'll find a solution! We are happy to collaborate with different types of stores and retailers. Everything from those that exclusively sell cloth diapers to other types of stores, such as reuse and natural product stores. Email us at info@greenpoppy.se\u00a0<\/p>\n\n\t\t<\/div>\n\t\t\t\t\t<\/div>\n\n\t\n\n\t<div id=\"col-1110760111\" class=\"col medium-6 small-12 large-6\"  >\n\t\t\t\t<div class=\"col-inner\"  >\n\t\t\t\n\t\t\t\n\n\t<div class=\"img has-hover x md-x lg-x y md-y lg-y\" id=\"image_1548994070\">\n\t\t\t\t\t\t\t\t<div class=\"img-inner dark\" >\n\t\t\t<img decoding=\"async\" width=\"1020\" height=\"680\" data-src=\"https:\/\/testpage.greenpoppy.se\/wp-content\/uploads\/2024\/07\/IMG_6162-1200x800.jpg\" class=\"attachment-large size-large lazyload\" alt=\"\" data-srcset=\"https:\/\/testpage.greenpoppy.se\/wp-content\/uploads\/2024\/07\/IMG_6162-1200x800.jpg 1200w, https:\/\/testpage.greenpoppy.se\/wp-content\/uploads\/2024\/07\/IMG_6162-475x317.jpg 475w, https:\/\/testpage.greenpoppy.se\/wp-content\/uploads\/2024\/07\/IMG_6162-600x400.jpg 600w, https:\/\/testpage.greenpoppy.se\/wp-content\/uploads\/2024\/07\/IMG_6162-768x512.jpg 768w, https:\/\/testpage.greenpoppy.se\/wp-content\/uploads\/2024\/07\/IMG_6162-1536x1024.jpg 1536w, https:\/\/testpage.greenpoppy.se\/wp-content\/uploads\/2024\/07\/IMG_6162-18x12.jpg 18w, https:\/\/testpage.greenpoppy.se\/wp-content\/uploads\/2024\/07\/IMG_6162.jpg 1920w\" data-sizes=\"(max-width: 1020px) 100vw, 1020px\" src=\"data:image\/gif;base64,R0lGODlhAQABAAAAACH5BAEKAAEALAAAAAABAAEAAAICTAEAOw==\" style=\"--smush-placeholder-width: 1020px; --smush-placeholder-aspect-ratio: 1020\/680;\" \/>\t\t\t\t\t\t\n\t\t\t\t\t<\/div>\n\t\t\t\t\t\t\t\t\n<style>\n#image_1548994070 {\n  width: 100%;\n}\n<\/style>\n\t<\/div>\n\t\n\n\n\t\t<\/div>\n\t\t\t\t\t<\/div>\n\n\t\n\n<\/div>\n<div class=\"row\"  id=\"row-1788215715\">\n\n\n\t<div id=\"col-1813301516\" class=\"col small-12 large-12\"  >\n\t\t\t\t<div class=\"col-inner\"  >\n\t\t\t\n\t\t\t\n\n<h2>Retailers<\/h2>\n<h3>Sverige<\/h3>\n<ul>\n<li><a href=\"https:\/\/www.lillaeko.se\">Lilla Eko<\/a> &#8211; en webbutik med fokus p\u00e5 \u00e5teranv\u00e4ndbara produkter f\u00f6r hela familjen. Drivs av Frida och Marcus och har sitt lager i Lund.\u00a0<\/li>\n<\/ul>\n\n\t\t<\/div>\n\t\t\t\t\t<\/div>\n\n\t\n\n<\/div>\n\n\t\t<\/div>\n\n\t\t\n<style>\n#section_1087782250 {\n  padding-top: 30px;\n  padding-bottom: 30px;\n}\n<\/style>\n\t<\/section>","protected":false},"excerpt":{"rendered":"","protected":false},"author":1,"featured_media":0,"parent":0,"menu_order":0,"comment_status":"closed","ping_status":"closed","template":"page-blank.php","meta":{"footnotes":""},"class_list":["post-1598","page","type-page","status-publish","hentry"],"yoast_head":"<!-- This site is optimized with the Yoast SEO plugin v24.4 - https:\/\/yoast.com\/wordpress\/plugins\/seo\/ -->\n<title>\u00c5terf\u00f6rs\u00e4ljare - testpage<\/title>\n<meta name=\"robots\" content=\"noindex, follow, max-snippet:-1, max-image-preview:large, max-video-preview:-1\" \/>\n<meta property=\"og:locale\" content=\"en_GB\" \/>\n<meta property=\"og:type\" content=\"article\" \/>\n<meta property=\"og:title\" content=\"\u00c5terf\u00f6rs\u00e4ljare - testpage\" \/>\n<meta property=\"og:url\" content=\"https:\/\/testpage.greenpoppy.se\/en\/aterforsaljare\/\" \/>\n<meta property=\"og:site_name\" content=\"testpage\" \/>\n<meta property=\"article:publisher\" content=\"https:\/\/www.facebook.com\/profile.php?id=61554367862205\" \/>\n<meta property=\"article:modified_time\" content=\"2024-07-23T17:42:12+00:00\" \/>\n<meta name=\"twitter:card\" content=\"summary_large_image\" \/>\n<script type=\"application\/ld+json\" class=\"yoast-schema-graph\">{\"@context\":\"https:\/\/schema.org\",\"@graph\":[{\"@type\":\"WebPage\",\"@id\":\"https:\/\/testpage.greenpoppy.se\/aterforsaljare\/\",\"url\":\"https:\/\/testpage.greenpoppy.se\/aterforsaljare\/\",\"name\":\"\u00c5terf\u00f6rs\u00e4ljare - testpage\",\"isPartOf\":{\"@id\":\"https:\/\/testpage.greenpoppy.se\/#website\"},\"datePublished\":\"2024-05-01T07:31:27+00:00\",\"dateModified\":\"2024-07-23T17:42:12+00:00\",\"breadcrumb\":{\"@id\":\"https:\/\/testpage.greenpoppy.se\/aterforsaljare\/#breadcrumb\"},\"inLanguage\":\"en-GB\",\"potentialAction\":[{\"@type\":\"ReadAction\",\"target\":[\"https:\/\/testpage.greenpoppy.se\/aterforsaljare\/\"]}]},{\"@type\":\"BreadcrumbList\",\"@id\":\"https:\/\/testpage.greenpoppy.se\/aterforsaljare\/#breadcrumb\",\"itemListElement\":[{\"@type\":\"ListItem\",\"position\":1,\"name\":\"Hem\",\"item\":\"https:\/\/testpage.greenpoppy.se\/\"},{\"@type\":\"ListItem\",\"position\":2,\"name\":\"\u00c5terf\u00f6rs\u00e4ljare\"}]},{\"@type\":\"WebSite\",\"@id\":\"https:\/\/testpage.greenpoppy.se\/#website\",\"url\":\"https:\/\/testpage.greenpoppy.se\/\",\"name\":\"Green Poppy\",\"description\":\"H\u00e5llbara och \u00e5teranv\u00e4ndbara tygbl\u00f6jor\",\"publisher\":{\"@id\":\"https:\/\/testpage.greenpoppy.se\/#organization\"},\"potentialAction\":[{\"@type\":\"SearchAction\",\"target\":{\"@type\":\"EntryPoint\",\"urlTemplate\":\"https:\/\/testpage.greenpoppy.se\/?s={search_term_string}\"},\"query-input\":{\"@type\":\"PropertyValueSpecification\",\"valueRequired\":true,\"valueName\":\"search_term_string\"}}],\"inLanguage\":\"en-GB\"},{\"@type\":\"Organization\",\"@id\":\"https:\/\/testpage.greenpoppy.se\/#organization\",\"name\":\"Green Poppy\",\"url\":\"https:\/\/testpage.greenpoppy.se\/\",\"logo\":{\"@type\":\"ImageObject\",\"inLanguage\":\"en-GB\",\"@id\":\"https:\/\/testpage.greenpoppy.se\/#\/schema\/logo\/image\/\",\"url\":\"https:\/\/testpage.greenpoppy.se\/wp-content\/uploads\/2024\/01\/Logga_Officiell.svg\",\"contentUrl\":\"https:\/\/testpage.greenpoppy.se\/wp-content\/uploads\/2024\/01\/Logga_Officiell.svg\",\"width\":1,\"height\":1,\"caption\":\"Green Poppy\"},\"image\":{\"@id\":\"https:\/\/testpage.greenpoppy.se\/#\/schema\/logo\/image\/\"},\"sameAs\":[\"https:\/\/www.facebook.com\/profile.php?id=61554367862205\",\"https:\/\/www.instagram.com\/greenpoppy.se\/\"]}]}<\/script>\n<!-- \/ Yoast SEO plugin. -->","yoast_head_json":{"title":"\u00c5terf\u00f6rs\u00e4ljare - testpage","robots":{"index":"noindex","follow":"follow","max-snippet":"max-snippet:-1","max-image-preview":"max-image-preview:large","max-video-preview":"max-video-preview:-1"},"og_locale":"en_GB","og_type":"article","og_title":"\u00c5terf\u00f6rs\u00e4ljare - testpage","og_url":"https:\/\/testpage.greenpoppy.se\/en\/aterforsaljare\/","og_site_name":"testpage","article_publisher":"https:\/\/www.facebook.com\/profile.php?id=61554367862205","article_modified_time":"2024-07-23T17:42:12+00:00","twitter_card":"summary_large_image","schema":{"@context":"https:\/\/schema.org","@graph":[{"@type":"WebPage","@id":"https:\/\/testpage.greenpoppy.se\/aterforsaljare\/","url":"https:\/\/testpage.greenpoppy.se\/aterforsaljare\/","name":"\u00c5terf\u00f6rs\u00e4ljare - testpage","isPartOf":{"@id":"https:\/\/testpage.greenpoppy.se\/#website"},"datePublished":"2024-05-01T07:31:27+00:00","dateModified":"2024-07-23T17:42:12+00:00","breadcrumb":{"@id":"https:\/\/testpage.greenpoppy.se\/aterforsaljare\/#breadcrumb"},"inLanguage":"en-GB","potentialAction":[{"@type":"ReadAction","target":["https:\/\/testpage.greenpoppy.se\/aterforsaljare\/"]}]},{"@type":"BreadcrumbList","@id":"https:\/\/testpage.greenpoppy.se\/aterforsaljare\/#breadcrumb","itemListElement":[{"@type":"ListItem","position":1,"name":"Hem","item":"https:\/\/testpage.greenpoppy.se\/"},{"@type":"ListItem","position":2,"name":"\u00c5terf\u00f6rs\u00e4ljare"}]},{"@type":"WebSite","@id":"https:\/\/testpage.greenpoppy.se\/#website","url":"https:\/\/testpage.greenpoppy.se\/","name":"Green Poppy","description":"H\u00e5llbara och \u00e5teranv\u00e4ndbara tygbl\u00f6jor","publisher":{"@id":"https:\/\/testpage.greenpoppy.se\/#organization"},"potentialAction":[{"@type":"SearchAction","target":{"@type":"EntryPoint","urlTemplate":"https:\/\/testpage.greenpoppy.se\/?s={search_term_string}"},"query-input":{"@type":"PropertyValueSpecification","valueRequired":true,"valueName":"search_term_string"}}],"inLanguage":"en-GB"},{"@type":"Organization","@id":"https:\/\/testpage.greenpoppy.se\/#organization","name":"Green Poppy","url":"https:\/\/testpage.greenpoppy.se\/","logo":{"@type":"ImageObject","inLanguage":"en-GB","@id":"https:\/\/testpage.greenpoppy.se\/#\/schema\/logo\/image\/","url":"https:\/\/testpage.greenpoppy.se\/wp-content\/uploads\/2024\/01\/Logga_Officiell.svg","contentUrl":"https:\/\/testpage.greenpoppy.se\/wp-content\/uploads\/2024\/01\/Logga_Officiell.svg","width":1,"height":1,"caption":"Green Poppy"},"image":{"@id":"https:\/\/testpage.greenpoppy.se\/#\/schema\/logo\/image\/"},"sameAs":["https:\/\/www.facebook.com\/profile.php?id=61554367862205","https:\/\/www.instagram.com\/greenpoppy.se\/"]}]}},"_links":{"self":[{"href":"https:\/\/testpage.greenpoppy.se\/en\/wp-json\/wp\/v2\/pages\/1598","targetHints":{"allow":["GET"]}}],"collection":[{"href":"https:\/\/testpage.greenpoppy.se\/en\/wp-json\/wp\/v2\/pages"}],"about":[{"href":"https:\/\/testpage.greenpoppy.se\/en\/wp-json\/wp\/v2\/types\/page"}],"author":[{"embeddable":true,"href":"https:\/\/testpage.greenpoppy.se\/en\/wp-json\/wp\/v2\/users\/1"}],"replies":[{"embeddable":true,"href":"https:\/\/testpage.greenpoppy.se\/en\/wp-json\/wp\/v2\/comments?post=1598"}],"version-history":[{"count":5,"href":"https:\/\/testpage.greenpoppy.se\/en\/wp-json\/wp\/v2\/pages\/1598\/revisions"}],"predecessor-version":[{"id":2009,"href":"https:\/\/testpage.greenpoppy.se\/en\/wp-json\/wp\/v2\/pages\/1598\/revisions\/2009"}],"wp:attachment":[{"href":"https:\/\/testpage.greenpoppy.se\/en\/wp-json\/wp\/v2\/media?parent=1598"}],"curies":[{"name":"wp","href":"https:\/\/api.w.org\/{rel}","templated":true}]}}